{"id":7243,"date":"2022-08-18T14:21:05","date_gmt":"2022-08-18T14:21:05","guid":{"rendered":"https:\/\/www.adeo.com\/acasa\/"},"modified":"2023-01-04T11:24:22","modified_gmt":"2023-01-04T11:24:22","slug":"home","status":"publish","type":"page","link":"https:\/\/www.adeo.com\/ro\/home\/","title":{"rendered":"Home"},"content":{"rendered":"<div class=\"wpb-content-wrapper\"><p>[vc_row][vc_column]<div class=\"adeo-section fullwidth\">\r\n\t<div class=\"ksc-top\">\r\n\t\t<div class=\"continue-scroll\"><a class=\"bt-scroll\" onclick=\"TOOLS_smoothScrollTo('.site-breadcrumb',100);\"><\/a><\/div>\r\n\t\t<div class=\"zone-textroll\"><div class=\"textroll-content\"><\/div><\/div>\r\n\t\t<div class=\"ksc-top-zonecta\">\r\n\t\t\t<div class=\"wrapper-cta\">\r\n\t\t\t\t<ul id=\"menu-menu-principal-roumain\" class=\"navmain\"><li class='m-we menu-item menu-item-type-post_type menu-item-object-page'><a href=\"https:\/\/www.adeo.com\/ro\/we\/\"   data-rollinfos=\"m-we,menu-item,menu-item-type-post_type,menu-item-object-page\" ><span class=\"text\">We<\/span><\/a><\/li>\n<li class='m-make menu-item menu-item-type-post_type menu-item-object-page'><a href=\"https:\/\/www.adeo.com\/ro\/make\/\"   data-rollinfos=\"m-make,menu-item,menu-item-type-post_type,menu-item-object-page\" ><span class=\"text\">Make<\/span><\/a><\/li>\n<li class='m-home menu-item menu-item-type-post_type menu-item-object-page'><a href=\"https:\/\/www.adeo.com\/ro\/home\/\"   data-rollinfos=\"m-home,menu-item,menu-item-type-post_type,menu-item-object-page\" ><span class=\"text\">Home<\/span><\/a><\/li>\n<li class='m-a-positive-place menu-item menu-item-type-post_type menu-item-object-page'><a href=\"https:\/\/www.adeo.com\/ro\/a-positive-place\/\"   data-rollinfos=\"m-a-positive-place,menu-item,menu-item-type-post_type,menu-item-object-page\" ><span class=\"text\">A positive place<\/span><\/a><\/li>\n<li class='m-to-live menu-item menu-item-type-post_type menu-item-object-page'><a href=\"https:\/\/www.adeo.com\/ro\/to-live\/\"   data-rollinfos=\"m-to-live,menu-item,menu-item-type-post_type,menu-item-object-page\" ><span class=\"text\">To live<\/span><\/a><\/li>\n<\/ul>\t\r\n\t\t\t<\/div>\r\n\t\t<\/div>\r\n\t\t<div class=\"ksc-top-bg\" style=\"background-image:url('https:\/\/www.adeo.com\/wp-content\/uploads\/2022\/09\/top_cover_home.jpg')\"><\/div>\r\n\t<\/div>\r\n<\/div>\r\n\t[vc_row_inner disable_element=&#8221;yes&#8221;][vc_column_inner]<div class=\"adeo-section fullwidth padded bg-none decaltop \"  style=\"margin-top:-320px;\" >\r\n\t<div id=\"_swiper0\" class=\"ksc-swiperjs-container  \" >\r\n\r\n\t\t<div class=\"ksc-swiperjs-content swiperjs_wrap_0 wrap-resp\">\r\n\t\t\t\r\n\t\t\t<div class=\"swiper-header\">\r\n\t\t\t\t\t\t\t\t\t\t\t<\/div>\r\n\r\n\t\t\t<div class=\"swiper-wrapper\">\r\n\t\t\t\t<div class=\"ksc-block-portrait first\">\r\n\t<p class=\"keb-titre-h3\">Face\u021bi cuno\u0219tin\u021b\u0103 cu grupul dedicat locuin\u021belor pozitive<\/p>\r\n<\/div>\r\n<a class=\"ksc-block-portrait\" style=\"background-image:url('https:\/\/www.adeo.com\/wp-content\/uploads\/2022\/08\/vig_collectif_antoine_gassion.jpg')\" href=\"https:\/\/www.adeo.com\/ro\/grupul-adeo\/\"><\/a>\r\n<a class=\"ksc-block-portrait\" style=\"background-image:url('https:\/\/www.adeo.com\/wp-content\/uploads\/2023\/01\/vig_collectif_thadde_bigot.jpg')\" href=\"https:\/\/www.adeo.com\/ro\/grupul-adeo\/\"><\/a>\r\n<a class=\"ksc-block-portrait\" style=\"background-image:url('https:\/\/www.adeo.com\/wp-content\/uploads\/2023\/01\/vig_le_collectif_claire_sophie_coeudevez.jpg')\" href=\"https:\/\/www.adeo.com\/ro\/grupul-adeo\/\"><\/a>\r\n<a class=\"ksc-block-portrait\" style=\"background-image:url('https:\/\/www.adeo.com\/wp-content\/uploads\/2023\/01\/vig_collectif_patrick_sabine_le_bohec.jpg')\" href=\"https:\/\/www.adeo.com\/ro\/grupul-adeo\/\"><\/a>\r\n<a class=\"ksc-block-portrait\" style=\"background-image:url('https:\/\/www.adeo.com\/wp-content\/uploads\/2023\/01\/vig_collectif_aurelien_frappart.jpg')\" href=\"https:\/\/www.adeo.com\/ro\/grupul-adeo\/\"><\/a>\r\n<a class=\"ksc-block-portrait\" style=\"background-image:url('https:\/\/www.adeo.com\/wp-content\/uploads\/2023\/01\/vig_collectif_hind_malti.jpg')\" href=\"https:\/\/www.adeo.com\/ro\/grupul-adeo\/\"><\/a>\r\n<a class=\"ksc-block-portrait\" style=\"background-image:url('https:\/\/www.adeo.com\/wp-content\/uploads\/2023\/01\/vig_collectif_thiago_ribeiro.jpg')\" href=\"https:\/\/www.adeo.com\/ro\/grupul-adeo\/\"><\/a>\r\n<a class=\"ksc-block-portrait\" style=\"background-image:url('https:\/\/www.adeo.com\/wp-content\/uploads\/2023\/01\/vig_collectif_nuno_torres.jpg')\" href=\"https:\/\/www.adeo.com\/ro\/grupul-adeo\/\"><\/a>\r\n<a class=\"ksc-block-portrait\" style=\"background-image:url('https:\/\/www.adeo.com\/wp-content\/uploads\/2023\/01\/vig_collectif_jesus_casero.jpg')\" href=\"https:\/\/www.adeo.com\/ro\/grupul-adeo\/\"><\/a>\r\n<a class=\"ksc-block-portrait\" style=\"background-image:url('https:\/\/www.adeo.com\/wp-content\/uploads\/2023\/01\/vig_collectif_sandra_colombo.jpg')\" href=\"https:\/\/www.adeo.com\/ro\/grupul-adeo\/\"><\/a>\r\n\t\t\t<\/div>\r\n\r\n\t\t\t\r\n\t\t\t<div class=\"swiper-pagination\"><\/div>\r\n\r\n\t\t\t\t\t\t\r\n\t\t\t<div class=\"swiper-button-prev swiperbtprev-0\">\r\n\t\t\t\t\t<style>\r\n\t\t.omb {box-shadow: 0px 0px 30px rgba(0, 0, 0, 0.9);}\r\n\t<\/style>\r\n\t<svg width=\"180\" height=\"180\" viewBox=\"0 0 180 180\" fill=\"none\" xmlns=\"http:\/\/www.w3.org\/2000\/svg\" class=\"picto-svg-next\">\r\n\t<circle cx=\"90\" cy=\"90\" r=\"60\" class=\"omb\" \/>\r\n\t\t<rect x=\"79.3223\" y=\"86.7868\" width=\"25\" height=\"5\" transform=\"rotate(45 79.3223 86.7868)\" fill=\"#F2F2ED\" \/>\r\n\t<rect width=\"25\" height=\"5\" transform=\"matrix(-0.707107 0.707107 0.707107 0.707107 93.3271 72.3215)\" fill=\"#F2F2ED\" \/>\r\n\t\t<\/svg>\r\n\t\t\t\t<\/div>\r\n\t\t\t<div class=\"swiper-button-next swiperbtnext-0\">\r\n\t\t\t\t\t<style>\r\n\t\t.omb {box-shadow: 0px 0px 30px rgba(0, 0, 0, 0.9);}\r\n\t<\/style>\r\n\t<svg width=\"180\" height=\"180\" viewBox=\"0 0 180 180\" fill=\"none\" xmlns=\"http:\/\/www.w3.org\/2000\/svg\" class=\"picto-svg-next\">\r\n\t<circle cx=\"90\" cy=\"90\" r=\"60\" class=\"omb\" \/>\r\n\t\t<rect x=\"100.678\" y=\"93.2133\" width=\"25\" height=\"5\" transform=\"rotate(-135 100.678 93.2133)\" fill=\"#F2F2ED\" \/>\r\n\t<rect width=\"25\" height=\"5\" transform=\"matrix(0.707107 -0.707107 -0.707107 -0.707107 86.6733 107.678)\" fill=\"#F2F2ED\" \/>\r\n\t\t<\/svg>\r\n\t\t\t\t<\/div>\r\n\t\t\t            \t\t<\/div>\r\n\t<\/div>\r\n<\/div>\r\n\r\n[\/vc_column_inner][\/vc_row_inner]\t<div class=\"adeo-section lame padded bg-none\">\r\n\t\t<!-- <div class=\"wrap-resp\"><a href=\"https:\/\/www.adeo.com\/ro\/\" class=\"bc-item bc-item_first\" title=\"Pagin\u0103 de pornire\"><\/a><\/div> -->\r\n\t\t\r\n\t\t<div class=\"wrap-bc-and-share wrap-resp\">\r\n\t\t\t<div class=\"site-breadcrumb\">\r\n\t\t\t\t<a href=\"https:\/\/www.adeo.com\/ro\/\" class=\"bc-item bc-item_first\" title=\"Pagin\u0103 de pornire\"><\/a>\t\t\t<\/div>\r\n\t\t\t\t\t\t<div class=\"share\">\r\n\t\t\t\t\t<div class=\"KVC_composant multi-share \" id=\"KVC_ku_2\">\r\n\t\t<div class=\"text_before\">\r\n\t\t\tShare&nbsp;:\r\n\t\t<\/div>\r\n\t\t<div class=\"wrap-share\">\r\n\t\t\t\t\t\t<a href=\"https:\/\/www.linkedin.com\/shareArticle?mini=true&amp;url=https%3A%2F%2Fwww.adeo.com%2Fro%2Fhome%2F&amp;title=&amp;summary=Pentru+locuin%C8%9Ba+noastr%C4%83%2C+cartierul+nostru%2C+ora%C8%99ul+nostru%2C+mediul+nostru%2C+planeta+noastr%C4%83.\" class=\"share in\" target=\"_blank\" title=\"LinkedIn\">LinkedIn<\/a>\r\n\t\t\t\r\n\t\t\t\t\t\t<a href=\"https:\/\/www.facebook.com\/sharer.php?u=https%3A%2F%2Fwww.adeo.com%2Fro%2Fhome%2F\" class=\"share fb\" target=\"_blank\" title=\"Facebook\">Facebook<\/a>\r\n\t\t\t\r\n\t\t\t\t\t\t<a href=\"https:\/\/twitter.com\/intent\/tweet?text=Pentru+locuin%C8%9Ba+noastr%C4%83%2C+cartierul+nostru%2C+ora%C8%99ul+nostru%2C+mediul+nostru%2C+planeta+noastr%C4%83. https%3A%2F%2Fwww.adeo.com%2Fro%2Fhome%2F\" class=\"share tw\" target=\"_blank\" title=\"Twitter \/ X\">Twitter&nbsp;\/&nbsp;X<\/a>\r\n\t\t\t\r\n\t\t\t\t\t\t<a href=\"mailto:?subject=ADEO.COM%20-%20Home&body=HOME%0A%0APentru%20locuin%C8%9Ba%20noastr%C4%83%2C%20cartierul%20nostru%2C%20ora%C8%99ul%20nostru%2C%20mediul%20nostru%2C%20planeta%20noastr%C4%83.%0A%0Ahttps%3A%2F%2Fwww.adeo.com%2Fro%2Fhome%2F\" class=\"share ml\" title=\"Email\">email<\/a>\r\n\t\t\t\t\t\t\r\n\t\t<\/div>\r\n\t<\/div>\r\n\t\t\t\t<\/div>\r\n\t\t\t\t\t<\/div>\r\n\t<\/div>\r\n\r\n<div class=\"adeo-section fullwidth bg-none padded\">\r\n\t<div class=\"ksc-lame-contenu\">\r\n\t\t<div class=\"ksc-contenu-wrap wrap-resp\">\r\n\t\t\t<h1 class=\"title-big-blue title-with-underscore\">Home<\/h1>\r\n\t\t\t<div class=\"content-double\">\r\n\t\t\t\t<div class=\"content-col texte\">\r\n\t\t\t\t\t<div class=\"subtitle keb-titre-h4\"><\/div>\r\n\t\t\t\t\t<div class=\"content keb-titre-p\"><\/p>\n<h2><span class=\"keb-headings keb-titre-h2\">Locuin\u021ba este cea mai important\u0103 \u0219i principala noastr\u0103 cas\u0103 este planeta.<\/span><\/h2>\n<p>&nbsp;<\/p>\n<p>Datoria noastr\u0103 este s\u0103 le garant\u0103m particularilor \u0219i profesioni\u0219tilor din domeniul locuin\u021belor o accesibilitate sporit\u0103 a \u00eembun\u0103t\u0103\u021birii locuin\u021bei. Indiferent dac\u0103 este vorba de o cas\u0103, un apartament, un spa\u021biu de lucru, r\u0103spundem tuturor nevoilor, dorin\u021belor \u0219i proiectelor.<\/p>\n<p>&nbsp;<\/p>\n<p>Pe l\u00e2ng\u0103 faptul c\u0103 este o cas\u0103 sau un apartament, o locuin\u021b\u0103 este \u0219i un spa\u021biu care face parte dintr-o dimensiune mai mare, cum ar fi un cartier sau un ora\u0219, \u00een care tr\u0103im at\u00e2t individual, c\u00e2t \u0219i colectiv. A locui \u00eenseamn\u0103 a \u00eensufle\u021bi mediul din jur, a contribui la succesul acestuia. Transformarea locuin\u021bei \u00eentr-un loc pl\u0103cut \u00eenseamn\u0103 animarea acesteia at\u00e2t pentru locuitori, c\u00e2t \u0219i pentru vecini \u0219i oaspe\u021bi. \u00censeamn\u0103 a fi utili pentru sine \u0219i pentru al\u021bii.<\/p>\n<p>&nbsp;<\/p>\n<p>Mai mult dec\u00e2t at\u00e2t, \u00eenseamn\u0103 a fi utili pentru planet\u0103, casa noastr\u0103 comun\u0103. Nu mai putem proiecta locuin\u021bele noastre \u00een acela\u0219i mod. De aceea, colabor\u0103m cu toate p\u0103r\u021bile interesate pentru ca locuirea s\u0103 fie un act responsabil, care respect\u0103 resursele \u0219i mediul nostru.<\/div>\r\n\t\t\t\t<\/div>\r\n\t\t\t\t<div class=\"content-col liste\">\r\n\t\t\t\t\t\t<div class=\"KVC_composant_listeAllPosts KVC_LISTE \" id=\"listeAllPosts-ku_4\">\r\n\t\t<div class=\"zone-title\">\r\n\t\t\t<span class=\"title-with-barre  keb-titre-h6\">Afla\u021bi mai multe<\/span>\r\n\t\t<\/div>\r\n\t\t\t\t<div class=\"UI-POST-liste\">\r\n\t\t\t<a href=\"https:\/\/www.adeo.com\/ro\/descoperi\u021bi\/transformarea-locuintelor-noastre-in-locuri-pozitive-pentru-viata\/\" class=\"UI-POST-liste--item show-vig\" >\r\n\t\t<span class=\"item-visu\" style=\"background-image:url('https:\/\/www.adeo.com\/wp-content\/uploads\/2022\/09\/dossier_cover_nos_engagements_2-300x300.jpg');\"><\/span>\r\n\t\t<span class=\"item-text\">\r\n\t\t\t<p class=\"title\">Transformarea locuin\u021belor noastre \u00een locuri pozitive pentru via\u021b\u0103<\/p>\r\n\t\t\t\t\t\t\t\t<\/span>\r\n\t\t\t\t<span class=\"item-picto\"><div class=\"animpicto moinsplus\">\r\n\t<div class=\"barre-h\"><\/div>\r\n\t<div class=\"barre-v\"><\/div>\r\n<\/div>\r\n<\/span>\r\n\t\t\t<\/a>\r\n\t\t<a href=\"https:\/\/www.adeo.com\/ro\/descoperi\u021bi\/platforma-adeo-un-model-unic\/\" class=\"UI-POST-liste--item show-vig\" >\r\n\t\t<span class=\"item-visu\" style=\"background-image:url('https:\/\/www.adeo.com\/wp-content\/uploads\/2022\/09\/dossier_cover_notre_modele_d_affaires-300x169.jpg');\"><\/span>\r\n\t\t<span class=\"item-text\">\r\n\t\t\t<p class=\"title\">Platforma ADEO, un model unic<\/p>\r\n\t\t\t\t\t\t\t\t<\/span>\r\n\t\t\t\t<span class=\"item-picto\"><div class=\"animpicto moinsplus\">\r\n\t<div class=\"barre-h\"><\/div>\r\n\t<div class=\"barre-v\"><\/div>\r\n<\/div>\r\n<\/span>\r\n\t\t\t<\/a>\r\n\t\t\t<\/div>\r\n\t\t<div class=\"CTA\"><\/div>\r\n\t\t\t<\/div>\r\n\t\t\t\t\t<\/div>\r\n\t\t\t<\/div>\r\n\t\t\r\n\t\t<\/div>\r\n\t<\/div>\r\n<\/div>\r\n\t<div class=\"adeo-section fullwidth bg-light\">\r\n\t<div class=\"ksc-lame-pictos\">\t\r\n        <div class=\"wrap-pictos wrap-resp\">\r\n                                    <div class=\"picto\">\r\n                                                                <div class=\"visu\" style=\"background-image:url('https:\/\/www.adeo.com\/wp-content\/uploads\/2022\/08\/picto-data-ok.svg');\"><\/div>\r\n                                                                <p class=\"titre keb-titre-h2\">Planet Tech\u2019Care<\/p>\r\n                                                                <p class=\"ss_titre keb-titre-h5\">semnat \u0219i de ADEO<\/p>\r\n                                                                <p class=\"texte\">inoveaz\u0103 pentru reducerea amprentei asupra mediului<\/p>\r\n                                                    <\/div>\r\n                                    <div class=\"picto\">\r\n                                                                <div class=\"visu\" style=\"background-image:url('https:\/\/www.adeo.com\/wp-content\/uploads\/2022\/10\/picto-data-oeil.svg');\"><\/div>\r\n                                                                <p class=\"ss_titre keb-titre-h5\">Le oferim clien\u021bilor no\u0219tri ateliere \u0219i instruire \u00een magazin<\/p>\r\n                                                                <p class=\"texte\">pentru a-i ajuta s\u0103 \u00eembun\u0103t\u0103\u021beasc\u0103 locuin\u021bele lor<\/p>\r\n                                                    <\/div>\r\n                                    <div class=\"picto\">\r\n                                                                <div class=\"visu\" style=\"background-image:url('https:\/\/www.adeo.com\/wp-content\/uploads\/2022\/10\/picto-data-loupe.svg');\"><\/div>\r\n                                                                <p class=\"titre keb-titre-h2\">Nr. 1<\/p>\r\n                                                                <p class=\"ss_titre keb-titre-h5\">pe pia\u021ba<\/p>\r\n                                                                <p class=\"texte\">european\u0103 de Do It Yourself<\/p>\r\n                                                    <\/div>\r\n                                    <div class=\"picto\">\r\n                                                                <div class=\"visu\" style=\"background-image:url('https:\/\/www.adeo.com\/wp-content\/uploads\/2022\/10\/picto-data-idee.svg');\"><\/div>\r\n                                                                <p class=\"titre keb-titre-h2\">Nr. 3<\/p>\r\n                                                                <p class=\"ss_titre keb-titre-h5\">pe pia\u021ba<\/p>\r\n                                                                <p class=\"texte\">mondial\u0103 de Do It Yourself<\/p>\r\n                                                    <\/div>\r\n                    <\/div>\r\n\t<\/div>\r\n<\/div>\r\n<div class=\"adeo-section fullwidth\">\r\n\t<div class=\"ksc-lame-pushpage\" style=\"background-image:url('https:\/\/www.adeo.com\/wp-content\/uploads\/2022\/10\/bloc_push_un-habitat-positif-500.jpg');\">\t\t\r\n\t\t<div class=\"wrap-pushpage wrap-resp texte-blanc\">\r\n            <h2 class=\"title_push\"><span class=\"txt_surligne\">O locuin\u021b\u0103 pozitiv\u0103<\/span><\/h2>\r\n\t\t\t<p class=\"desc_push\">Dup\u0103 \u00eenfiin\u021barea companiei Leroy Merlin \u00een 1921, ADEO \u00ee\u0219i ia un angajament fa\u021b\u0103 de locuin\u021be, pentru a r\u0103spunde la nevoile locuitorilor \u0219i profesioni\u0219tilor din domeniu.<br \/>\n\u00cen 2017, am deschis la o nou\u0103 pagin\u0103 din povestea noastr\u0103 cu o ambi\u021bie reafirmat\u0103: construirea platformei mondiale de \u00eembun\u0103t\u0103\u021bire a locuin\u021belor. Motiva\u021bia noastr\u0103: \u201eWe make home a positive place to live.\u201d<\/p>\r\n\t\t\t<a class=\"adeo-bt bt_push\"  href=\"https:\/\/www.adeo.com\/ro\/descoperi\u021bi\/transformarea-locuintelor-noastre-in-locuri-pozitive-pentru-viata\/\"   title=\"Transformarea locuin\u021belor noastre \u00een locuri pozitive pentru via\u021b\u0103\"  >Afla\u021bi mai multe<\/a>\r\n\t\t<\/div>\r\n\t<\/div>\r\n<\/div>\r\n[\/vc_column][\/vc_row]<\/p>\n<\/div>","protected":false},"excerpt":{"rendered":"<p>[vc_row][vc_column][vc_row_inner disable_element=&#8221;yes&#8221;][vc_column_inner][\/vc_column_inner][\/vc_row_inner][\/vc_column][\/vc_row]<\/p>\n","protected":false},"author":3,"featured_media":5678,"parent":0,"menu_order":0,"comment_status":"closed","ping_status":"closed","template":"template-page-interne.php","meta":{"_acf_changed":false,"inline_featured_image":false,"footnotes":""},"class_list":["post-7243","page","type-page","status-publish","has-post-thumbnail","hentry"],"acf":[],"_links":{"self":[{"href":"https:\/\/www.adeo.com\/ro\/wp-json\/wp\/v2\/pages\/7243","targetHints":{"allow":["GET"]}}],"collection":[{"href":"https:\/\/www.adeo.com\/ro\/wp-json\/wp\/v2\/pages"}],"about":[{"href":"https:\/\/www.adeo.com\/ro\/wp-json\/wp\/v2\/types\/page"}],"author":[{"embeddable":true,"href":"https:\/\/www.adeo.com\/ro\/wp-json\/wp\/v2\/users\/3"}],"replies":[{"embeddable":true,"href":"https:\/\/www.adeo.com\/ro\/wp-json\/wp\/v2\/comments?post=7243"}],"version-history":[{"count":0,"href":"https:\/\/www.adeo.com\/ro\/wp-json\/wp\/v2\/pages\/7243\/revisions"}],"wp:featuredmedia":[{"embeddable":true,"href":"https:\/\/www.adeo.com\/ro\/wp-json\/wp\/v2\/media\/5678"}],"wp:attachment":[{"href":"https:\/\/www.adeo.com\/ro\/wp-json\/wp\/v2\/media?parent=7243"}],"curies":[{"name":"wp","href":"https:\/\/api.w.org\/{rel}","templated":true}]}}