{"id":7138,"date":"2022-08-09T15:27:08","date_gmt":"2022-08-09T13:27:08","guid":{"rendered":"https:\/\/www.adeo.com\/noi\/"},"modified":"2025-06-23T15:54:28","modified_gmt":"2025-06-23T13:54:28","slug":"we","status":"publish","type":"page","link":"https:\/\/www.adeo.com\/ro\/we\/","title":{"rendered":"We"},"content":{"rendered":"<div class=\"wpb-content-wrapper\"><p>[vc_row][vc_column]<div class=\"adeo-section fullwidth\">\r\n\t<div class=\"ksc-top\">\r\n\t\t<div class=\"continue-scroll\"><a class=\"bt-scroll\" onclick=\"TOOLS_smoothScrollTo('.site-breadcrumb',100);\"><\/a><\/div>\r\n\t\t<div class=\"zone-textroll\"><div class=\"textroll-content\"><\/div><\/div>\r\n\t\t<div class=\"ksc-top-zonecta\">\r\n\t\t\t<div class=\"wrapper-cta\">\r\n\t\t\t\t<ul id=\"menu-menu-principal-roumain\" class=\"navmain\"><li class='m-we menu-item menu-item-type-post_type menu-item-object-page'><a href=\"https:\/\/www.adeo.com\/ro\/we\/\"   data-rollinfos=\"m-we,menu-item,menu-item-type-post_type,menu-item-object-page\" ><span class=\"text\">We<\/span><\/a><\/li>\n<li class='m-make menu-item menu-item-type-post_type menu-item-object-page'><a href=\"https:\/\/www.adeo.com\/ro\/make\/\"   data-rollinfos=\"m-make,menu-item,menu-item-type-post_type,menu-item-object-page\" ><span class=\"text\">Make<\/span><\/a><\/li>\n<li class='m-home menu-item menu-item-type-post_type menu-item-object-page'><a href=\"https:\/\/www.adeo.com\/ro\/home\/\"   data-rollinfos=\"m-home,menu-item,menu-item-type-post_type,menu-item-object-page\" ><span class=\"text\">Home<\/span><\/a><\/li>\n<li class='m-a-positive-place menu-item menu-item-type-post_type menu-item-object-page'><a href=\"https:\/\/www.adeo.com\/ro\/a-positive-place\/\"   data-rollinfos=\"m-a-positive-place,menu-item,menu-item-type-post_type,menu-item-object-page\" ><span class=\"text\">A positive place<\/span><\/a><\/li>\n<li class='m-to-live menu-item menu-item-type-post_type menu-item-object-page'><a href=\"https:\/\/www.adeo.com\/ro\/to-live\/\"   data-rollinfos=\"m-to-live,menu-item,menu-item-type-post_type,menu-item-object-page\" ><span class=\"text\">To live<\/span><\/a><\/li>\n<\/ul>\t\r\n\t\t\t<\/div>\r\n\t\t<\/div>\r\n\t\t<div class=\"ksc-top-bg\" style=\"background-image:url('https:\/\/www.adeo.com\/wp-content\/uploads\/2022\/09\/top_cover_we.jpg')\"><\/div>\r\n\t<\/div>\r\n<\/div>\r\n\t[vc_row_inner disable_element=&#8221;yes&#8221;][vc_column_inner]<div class=\"adeo-section fullwidth padded bg-none decaltop \"  style=\"margin-top:-320px;\" >\r\n\t<div id=\"_swiper0\" class=\"ksc-swiperjs-container  \" >\r\n\r\n\t\t<div class=\"ksc-swiperjs-content swiperjs_wrap_0 wrap-resp\">\r\n\t\t\t\r\n\t\t\t<div class=\"swiper-header\">\r\n\t\t\t\t\t\t\t\t\t\t\t<\/div>\r\n\r\n\t\t\t<div class=\"swiper-wrapper\">\r\n\t\t\t\t<div class=\"ksc-block-portrait first\">\r\n\t<p class=\"keb-titre-h3\">Face\u021bi cuno\u0219tin\u021b\u0103 cu grupul dedicat locuin\u021belor pozitive<\/p>\r\n<\/div>\r\n<a class=\"ksc-block-portrait\" style=\"background-image:url('https:\/\/www.adeo.com\/wp-content\/uploads\/2022\/08\/vig_collectif_antoine_gassion.jpg')\" href=\"https:\/\/www.adeo.com\/ro\/grupul-adeo\/\"><\/a>\r\n<a class=\"ksc-block-portrait\" style=\"background-image:url('https:\/\/www.adeo.com\/wp-content\/uploads\/2023\/01\/vig_collectif_thadde_bigot.jpg')\" href=\"https:\/\/www.adeo.com\/ro\/grupul-adeo\/\"><\/a>\r\n<a class=\"ksc-block-portrait\" style=\"background-image:url('https:\/\/www.adeo.com\/wp-content\/uploads\/2023\/01\/vig_le_collectif_claire_sophie_coeudevez.jpg')\" href=\"https:\/\/www.adeo.com\/ro\/grupul-adeo\/\"><\/a>\r\n<a class=\"ksc-block-portrait\" style=\"background-image:url('https:\/\/www.adeo.com\/wp-content\/uploads\/2023\/01\/vig_collectif_patrick_sabine_le_bohec.jpg')\" href=\"https:\/\/www.adeo.com\/ro\/grupul-adeo\/\"><\/a>\r\n<a class=\"ksc-block-portrait\" style=\"background-image:url('https:\/\/www.adeo.com\/wp-content\/uploads\/2023\/01\/vig_collectif_aurelien_frappart.jpg')\" href=\"https:\/\/www.adeo.com\/ro\/grupul-adeo\/\"><\/a>\r\n<a class=\"ksc-block-portrait\" style=\"background-image:url('https:\/\/www.adeo.com\/wp-content\/uploads\/2023\/01\/vig_collectif_hind_malti.jpg')\" href=\"https:\/\/www.adeo.com\/ro\/grupul-adeo\/\"><\/a>\r\n<a class=\"ksc-block-portrait\" style=\"background-image:url('https:\/\/www.adeo.com\/wp-content\/uploads\/2023\/01\/vig_collectif_thiago_ribeiro.jpg')\" href=\"https:\/\/www.adeo.com\/ro\/grupul-adeo\/\"><\/a>\r\n<a class=\"ksc-block-portrait\" style=\"background-image:url('https:\/\/www.adeo.com\/wp-content\/uploads\/2023\/01\/vig_collectif_nuno_torres.jpg')\" href=\"https:\/\/www.adeo.com\/ro\/grupul-adeo\/\"><\/a>\r\n<a class=\"ksc-block-portrait\" style=\"background-image:url('https:\/\/www.adeo.com\/wp-content\/uploads\/2023\/01\/vig_collectif_jesus_casero.jpg')\" href=\"https:\/\/www.adeo.com\/ro\/grupul-adeo\/\"><\/a>\r\n<a class=\"ksc-block-portrait\" style=\"background-image:url('https:\/\/www.adeo.com\/wp-content\/uploads\/2023\/01\/vig_collectif_sandra_colombo.jpg')\" href=\"https:\/\/www.adeo.com\/ro\/grupul-adeo\/\"><\/a>\r\n\t\t\t<\/div>\r\n\r\n\t\t\t\r\n\t\t\t<div class=\"swiper-pagination\"><\/div>\r\n\r\n\t\t\t\t\t\t\r\n\t\t\t<div class=\"swiper-button-prev swiperbtprev-0\">\r\n\t\t\t\t\t<style>\r\n\t\t.omb {box-shadow: 0px 0px 30px rgba(0, 0, 0, 0.9);}\r\n\t<\/style>\r\n\t<svg width=\"180\" height=\"180\" viewBox=\"0 0 180 180\" fill=\"none\" xmlns=\"http:\/\/www.w3.org\/2000\/svg\" class=\"picto-svg-next\">\r\n\t<circle cx=\"90\" cy=\"90\" r=\"60\" class=\"omb\" \/>\r\n\t\t<rect x=\"79.3223\" y=\"86.7868\" width=\"25\" height=\"5\" transform=\"rotate(45 79.3223 86.7868)\" fill=\"#F2F2ED\" \/>\r\n\t<rect width=\"25\" height=\"5\" transform=\"matrix(-0.707107 0.707107 0.707107 0.707107 93.3271 72.3215)\" fill=\"#F2F2ED\" \/>\r\n\t\t<\/svg>\r\n\t\t\t\t<\/div>\r\n\t\t\t<div class=\"swiper-button-next swiperbtnext-0\">\r\n\t\t\t\t\t<style>\r\n\t\t.omb {box-shadow: 0px 0px 30px rgba(0, 0, 0, 0.9);}\r\n\t<\/style>\r\n\t<svg width=\"180\" height=\"180\" viewBox=\"0 0 180 180\" fill=\"none\" xmlns=\"http:\/\/www.w3.org\/2000\/svg\" class=\"picto-svg-next\">\r\n\t<circle cx=\"90\" cy=\"90\" r=\"60\" class=\"omb\" \/>\r\n\t\t<rect x=\"100.678\" y=\"93.2133\" width=\"25\" height=\"5\" transform=\"rotate(-135 100.678 93.2133)\" fill=\"#F2F2ED\" \/>\r\n\t<rect width=\"25\" height=\"5\" transform=\"matrix(0.707107 -0.707107 -0.707107 -0.707107 86.6733 107.678)\" fill=\"#F2F2ED\" \/>\r\n\t\t<\/svg>\r\n\t\t\t\t<\/div>\r\n\t\t\t            \t\t<\/div>\r\n\t<\/div>\r\n<\/div>\r\n\r\n[\/vc_column_inner][\/vc_row_inner]\t<div class=\"adeo-section lame padded bg-none\">\r\n\t\t<!-- <div class=\"wrap-resp\"><a href=\"https:\/\/www.adeo.com\/ro\/\" class=\"bc-item bc-item_first\" title=\"Pagin\u0103 de pornire\"><\/a><\/div> -->\r\n\t\t\r\n\t\t<div class=\"wrap-bc-and-share wrap-resp\">\r\n\t\t\t<div class=\"site-breadcrumb\">\r\n\t\t\t\t<a href=\"https:\/\/www.adeo.com\/ro\/\" class=\"bc-item bc-item_first\" title=\"Pagin\u0103 de pornire\"><\/a>\t\t\t<\/div>\r\n\t\t\t\t\t\t<div class=\"share\">\r\n\t\t\t\t\t<div class=\"KVC_composant multi-share \" id=\"KVC_ku_2\">\r\n\t\t<div class=\"text_before\">\r\n\t\t\tShare&nbsp;:\r\n\t\t<\/div>\r\n\t\t<div class=\"wrap-share\">\r\n\t\t\t\t\t\t<a href=\"https:\/\/www.linkedin.com\/shareArticle?mini=true&amp;url=https%3A%2F%2Fwww.adeo.com%2Fro%2Fwe%2F&amp;title=&amp;summary=Pentru+c%C4%83+avem+o+provocare+colectiv%C4%83+%C8%99i+mondial%C4%83%2C+angajamente+pe+care+le+%C3%AEmp%C4%83rt%C4%83%C8%99im+cu+ecosistemele+noastre%2C+cu+scopul+de+a+fi+utili+pentru+noi+%C3%AEn%C8%99ine%2C+al%C8%9Bii+%C8%99i+lume.\" class=\"share in\" target=\"_blank\" title=\"LinkedIn\">LinkedIn<\/a>\r\n\t\t\t\r\n\t\t\t\t\t\t<a href=\"https:\/\/www.facebook.com\/sharer.php?u=https%3A%2F%2Fwww.adeo.com%2Fro%2Fwe%2F\" class=\"share fb\" target=\"_blank\" title=\"Facebook\">Facebook<\/a>\r\n\t\t\t\r\n\t\t\t\t\t\t<a href=\"https:\/\/twitter.com\/intent\/tweet?text=Pentru+c%C4%83+avem+o+provocare+colectiv%C4%83+%C8%99i+mondial%C4%83%2C+angajamente+pe+care+le+%C3%AEmp%C4%83rt%C4%83%C8%99im+cu+ecosistemele+noastre%2C+cu+scopul+de+a+fi+utili+pentru+noi+%C3%AEn%C8%99ine%2C+al%C8%9Bii+%C8%99i+lume. https%3A%2F%2Fwww.adeo.com%2Fro%2Fwe%2F\" class=\"share tw\" target=\"_blank\" title=\"Twitter \/ X\">Twitter&nbsp;\/&nbsp;X<\/a>\r\n\t\t\t\r\n\t\t\t\t\t\t<a href=\"mailto:?subject=ADEO.COM%20-%20We&body=WE%0A%0APentru%20c%C4%83%20avem%20o%20provocare%20colectiv%C4%83%20%C8%99i%20mondial%C4%83%2C%20angajamente%20pe%20care%20le%20%C3%AEmp%C4%83rt%C4%83%C8%99im%20cu%20ecosistemele%20noastre%2C%20cu%20scopul%20de%20a%20fi%20utili%20pentru%20noi%20%C3%AEn%C8%99ine%2C%20al%C8%9Bii%20%C8%99i%20lume.%0A%0Ahttps%3A%2F%2Fwww.adeo.com%2Fro%2Fwe%2F\" class=\"share ml\" title=\"Email\">email<\/a>\r\n\t\t\t\t\t\t\r\n\t\t<\/div>\r\n\t<\/div>\r\n\t\t\t\t<\/div>\r\n\t\t\t\t\t<\/div>\r\n\t<\/div>\r\n\r\n<div class=\"adeo-section fullwidth bg-none padded\">\r\n\t<div class=\"ksc-lame-contenu\">\r\n\t\t<div class=\"ksc-contenu-wrap wrap-resp\">\r\n\t\t\t<h1 class=\"title-big-blue title-with-underscore\">We<\/h1>\r\n\t\t\t<div class=\"content-double\">\r\n\t\t\t\t<div class=\"content-col texte\">\r\n\t\t\t\t\t<div class=\"subtitle keb-titre-h4\"><\/div>\r\n\t\t\t\t\t<div class=\"content keb-titre-p\"><\/p>\n<h2><span class=\"keb-headings keb-titre-h2\">Un grup care pune oamenii \u00een prim planul ac\u021biunilor sale<\/span><\/h2>\n<p>&nbsp;<\/p>\n<p>Suntem peste 115.000 de colegi, suntem 115.000 de lideri liberi s\u0103 lu\u0103m m\u0103suri de fiecare dat\u0103 c\u00e2nd acestea sunt utile pentru noi \u00een\u0219ine, al\u021bii \u0219i lume. Totu\u0219i, nu ac\u021bion\u0103m singuri \u00een scopul atingerii obiectivului nostru de locuin\u021b\u0103 pozitiv\u0103, ci implic\u0103m toate p\u0103r\u021bile interesate \u00een demersul nostru: locuitorii, profesioni\u0219tii \u00een domeniul locuin\u021belor, furnizorii, comercian\u021bii \u0219i to\u021bi partenerii no\u0219tri.<\/p>\n<p>&nbsp;<\/p>\n<p>\u00cempreun\u0103, form\u0103m un grup care pune oamenii \u00een prim planul tuturor ac\u021biunilor sale. Siguran\u021ba la locul de munc\u0103, starea de bine \u0219i diversitatea sunt extrem de importante pentru noi. Depunem zilnic eforturi pentru a le oferi tuturor un mediu care asigur\u0103 starea de bine \u0219i insufl\u0103 \u00eencredere.<\/p>\n<p>&nbsp;<\/p>\n<p>\u00cempreun\u0103, construim platforma mondial\u0103 dedicat\u0103 locuin\u021bei pozitive, care le ofer\u0103 tuturor posibilitatea de a crea leg\u0103turi, de a interac\u021biona \u0219i de a \u00eemp\u0103rt\u0103\u0219i.<\/p>\n<p>&nbsp;<\/p>\n<p>La noi, <strong>\u201eHuman First\u201d<\/strong> este o stare de spirit care ne-a ghidat \u00eentotdeauna ac\u021biunile \u0219i prin care ne diferen\u021biem mai mult dec\u00e2t oric\u00e2nd.<\/div>\r\n\t\t\t\t<\/div>\r\n\t\t\t\t<div class=\"content-col liste\">\r\n\t\t\t\t\t\t<div class=\"KVC_composant_listeAllPosts KVC_LISTE \" id=\"listeAllPosts-ku_4\">\r\n\t\t<div class=\"zone-title\">\r\n\t\t\t<span class=\"title-with-barre  keb-titre-h6\">Afla\u021bi mai multe<\/span>\r\n\t\t<\/div>\r\n\t\t\t\t<div class=\"UI-POST-liste\">\r\n\t\t\t<a href=\"https:\/\/www.adeo.com\/ro\/descoperi\u021bi\/impartasirea-in-centrul-culturii-noastre\/\" class=\"UI-POST-liste--item show-vig\" >\r\n\t\t<span class=\"item-visu\" style=\"background-image:url('https:\/\/www.adeo.com\/wp-content\/uploads\/2022\/09\/dossier_cover_au_coeur_de_nos_engagements-300x169.jpg');\"><\/span>\r\n\t\t<span class=\"item-text\">\r\n\t\t\t<p class=\"title\">\u00cemp\u0103rt\u0103\u0219irea, \u00een centrul culturii noastre<\/p>\r\n\t\t\t\t\t\t\t\t<\/span>\r\n\t\t\t\t<span class=\"item-picto\"><div class=\"animpicto moinsplus\">\r\n\t<div class=\"barre-h\"><\/div>\r\n\t<div class=\"barre-v\"><\/div>\r\n<\/div>\r\n<\/span>\r\n\t\t\t<\/a>\r\n\t\t<a href=\"https:\/\/www.adeo.com\/ro\/descoperi\u021bi\/adn-ul-nostru-impartasirea\/\" class=\"UI-POST-liste--item show-vig\" >\r\n\t\t<span class=\"item-visu\" style=\"background-image:url('https:\/\/www.adeo.com\/wp-content\/uploads\/2022\/10\/dossier_cover_le_partage_au_coeur_de_notre_culture-300x169.jpg');\"><\/span>\r\n\t\t<span class=\"item-text\">\r\n\t\t\t<p class=\"title\">ADN-ul nostru: \u00eemp\u0103rt\u0103\u0219irea<\/p>\r\n\t\t\t\t\t\t\t\t<\/span>\r\n\t\t\t\t<span class=\"item-picto\"><div class=\"animpicto moinsplus\">\r\n\t<div class=\"barre-h\"><\/div>\r\n\t<div class=\"barre-v\"><\/div>\r\n<\/div>\r\n<\/span>\r\n\t\t\t<\/a>\r\n\t\t<a href=\"https:\/\/www.adeo.com\/ro\/descoperi\u021bi\/115-000-de-lideri-pentru-un-viitor-pozitiv\/\" class=\"UI-POST-liste--item show-vig\" >\r\n\t\t<span class=\"item-visu\" style=\"background-image:url('https:\/\/www.adeo.com\/wp-content\/uploads\/2022\/09\/dossier_cover_150000_leaders_1_leadership-300x169.jpg');\"><\/span>\r\n\t\t<span class=\"item-text\">\r\n\t\t\t<p class=\"title\">115.000 de lideri pentru un viitor pozitiv<\/p>\r\n\t\t\t\t\t\t\t\t<\/span>\r\n\t\t\t\t<span class=\"item-picto\"><div class=\"animpicto moinsplus\">\r\n\t<div class=\"barre-h\"><\/div>\r\n\t<div class=\"barre-v\"><\/div>\r\n<\/div>\r\n<\/span>\r\n\t\t\t<\/a>\r\n\t\t\t<\/div>\r\n\t\t<div class=\"CTA\"><\/div>\r\n\t\t\t<\/div>\r\n\t\t\t\t\t<\/div>\r\n\t\t\t<\/div>\r\n\t\t\r\n\t\t<\/div>\r\n\t<\/div>\r\n<\/div>\r\n\t<div class=\"adeo-section fullwidth bg-light\">\r\n\t<div class=\"ksc-lame-pictos\">\t\r\n        <div class=\"wrap-pictos wrap-resp\">\r\n                                    <div class=\"picto\">\r\n                                                                <div class=\"visu\" style=\"background-image:url('https:\/\/www.adeo.com\/wp-content\/uploads\/2022\/08\/picto-data-ok.svg');\"><\/div>\r\n                                                                <p class=\"titre keb-titre-h2\">115.000<\/p>\r\n                                                                <p class=\"ss_titre keb-titre-h5\">de colegi<\/p>\r\n                                                                <p class=\"texte\">fac parte din marea familie ADEO<\/p>\r\n                                                    <\/div>\r\n                                    <div class=\"picto\">\r\n                                                                <div class=\"visu\" style=\"background-image:url('https:\/\/www.adeo.com\/wp-content\/uploads\/2022\/10\/picto-data-oeil.svg');\"><\/div>\r\n                                                                <p class=\"titre keb-titre-h2\">1 milion<\/p>\r\n                                                                <p class=\"ss_titre keb-titre-h5\">de parteneri<\/p>\r\n                                                                <p class=\"texte\">colaboreaz\u0103 cu companiile ADEO<\/p>\r\n                                                    <\/div>\r\n                                    <div class=\"picto\">\r\n                                                                <div class=\"visu\" style=\"background-image:url('https:\/\/www.adeo.com\/wp-content\/uploads\/2022\/10\/picto-data-loupe.svg');\"><\/div>\r\n                                                                <p class=\"titre keb-titre-h2\">45<\/p>\r\n                                                                <p class=\"ss_titre keb-titre-h5\">Employee Net Promoter Score<\/p>\r\n                                                                <p class=\"texte\">\u00een 2022<\/p>\r\n                                                    <\/div>\r\n                                    <div class=\"picto\">\r\n                                                                <div class=\"visu\" style=\"background-image:url('https:\/\/www.adeo.com\/wp-content\/uploads\/2022\/10\/picto-data-idee.svg');\"><\/div>\r\n                                                                <p class=\"titre keb-titre-h2\">87%<\/p>\r\n                                                                <p class=\"ss_titre keb-titre-h5\">dintre colegi<\/p>\r\n                                                                <p class=\"texte\">instrui\u021bi cu privire la codul de conduit\u0103 etic\u0103 ADEO<\/p>\r\n                                                    <\/div>\r\n                    <\/div>\r\n\t<\/div>\r\n<\/div>\r\n<div class=\"adeo-section fullwidth\">\r\n\t<div class=\"ksc-lame-pushpage\" style=\"background-image:url('https:\/\/www.adeo.com\/wp-content\/uploads\/2022\/09\/dossier_cover_notre_modele_d_affaires.jpg');\">\t\t\r\n\t\t<div class=\"wrap-pushpage wrap-resp texte-blanc\">\r\n            <h2 class=\"title_push\"><span class=\"txt_surligne\">Human First<\/span><\/h2>\r\n\t\t\t<p class=\"desc_push\">Oamenii au fost \u00eentotdeauna \u00een prim planul dezvolt\u0103rii noastre, reprezent\u00e2nd un element puternic prin care ne diferen\u021biem, care va deveni \u0219i mai puternic odat\u0103 ce cap\u0103t\u0103 o nou\u0103 dimensiune.<br \/>\nAceasta const\u0103 \u00een extinderea implic\u0103rii colegilor, clien\u021bilor, partenerilor \u0219i furnizorilor dincolo de transformarea locuin\u021bei \u00eentr-un loc pozitiv pentru via\u021b\u0103, pentru ne ocupa de \u00eengrijirea casei noastre comune: planeta noastr\u0103.<\/p>\r\n\t\t\t<a class=\"adeo-bt bt_push\"  href=\"https:\/\/www.adeo.com\/ro\/descoperi\u021bi\/impartasirea-in-centrul-culturii-noastre\/\"   title=\"\u00cemp\u0103rt\u0103\u0219irea, \u00een centrul culturii noastre\"  >Afla\u021bi mai multe<\/a>\r\n\t\t<\/div>\r\n\t<\/div>\r\n<\/div>\r\n[\/vc_column][\/vc_row]<\/p>\n<\/div>","protected":false},"excerpt":{"rendered":"<p>[vc_row][vc_column][vc_row_inner disable_element=&#8221;yes&#8221;][vc_column_inner][\/vc_column_inner][\/vc_row_inner][\/vc_column][\/vc_row]<\/p>\n","protected":false},"author":3,"featured_media":5662,"parent":0,"menu_order":0,"comment_status":"closed","ping_status":"closed","template":"template-page-interne.php","meta":{"_acf_changed":false,"inline_featured_image":false,"footnotes":""},"class_list":["post-7138","page","type-page","status-publish","has-post-thumbnail","hentry"],"acf":[],"_links":{"self":[{"href":"https:\/\/www.adeo.com\/ro\/wp-json\/wp\/v2\/pages\/7138","targetHints":{"allow":["GET"]}}],"collection":[{"href":"https:\/\/www.adeo.com\/ro\/wp-json\/wp\/v2\/pages"}],"about":[{"href":"https:\/\/www.adeo.com\/ro\/wp-json\/wp\/v2\/types\/page"}],"author":[{"embeddable":true,"href":"https:\/\/www.adeo.com\/ro\/wp-json\/wp\/v2\/users\/3"}],"replies":[{"embeddable":true,"href":"https:\/\/www.adeo.com\/ro\/wp-json\/wp\/v2\/comments?post=7138"}],"version-history":[{"count":4,"href":"https:\/\/www.adeo.com\/ro\/wp-json\/wp\/v2\/pages\/7138\/revisions"}],"predecessor-version":[{"id":18185,"href":"https:\/\/www.adeo.com\/ro\/wp-json\/wp\/v2\/pages\/7138\/revisions\/18185"}],"wp:featuredmedia":[{"embeddable":true,"href":"https:\/\/www.adeo.com\/ro\/wp-json\/wp\/v2\/media\/5662"}],"wp:attachment":[{"href":"https:\/\/www.adeo.com\/ro\/wp-json\/wp\/v2\/media?parent=7138"}],"curies":[{"name":"wp","href":"https:\/\/api.w.org\/{rel}","templated":true}]}}