{"id":6938,"date":"2022-08-19T14:23:36","date_gmt":"2022-08-19T12:23:36","guid":{"rendered":"https:\/\/www.adeo.com\/adeo-in-lume\/"},"modified":"2026-01-05T17:28:01","modified_gmt":"2026-01-05T16:28:01","slug":"adeo-in-lume","status":"publish","type":"page","link":"https:\/\/www.adeo.com\/ro\/adeo-in-lume\/","title":{"rendered":"ADEO \u00een lume"},"content":{"rendered":"<div class=\"wpb-content-wrapper\"><p>[vc_row][vc_column]<div class=\"adeo-section fullwidth bg-darkblue\">\r\n\t<div class=\"ksc-top-2col\">\t\t\r\n\t\t<div class=\"col-img\" style=\"background-image:url('https:\/\/www.adeo.com\/wp-content\/uploads\/2025\/04\/collaborateur-obramat-espagne-client-ADEO-dans-le-monde.jpg');\"><\/div>\r\n\t\t<div class=\"col-txt\">\r\n            <h1 class=\"keb-titre-h1\">ADEO<br \/>\n\u00een lume<\/h1>\r\n            <p class=\"keb-titre-h4\">Le oferim celor 360 de milioane de clien\u021bi solu\u021bii concepute \u00eempreun\u0103 cu \u0219i pentru locuitorii din 11 de \u021b\u0103ri.<br \/>\nSolu\u021bii mai respectuoase, mai economice, mai pozitive. Reprezent\u00e2nd o companie mondial\u0103, responsabilitatea noastr\u0103 dep\u0103\u0219e\u0219te voca\u021bia de simplu distribuitor.<br \/><br \/>\nAvem un rol important pentru viitorul lumii.<\/p>\r\n        <\/div>\r\n\t<\/div>\r\n<\/div>\r\n\t<div class=\"adeo-section lame padded bg-none\">\r\n\t\t<!-- <div class=\"wrap-resp\"><a href=\"https:\/\/www.adeo.com\/ro\/\" class=\"bc-item bc-item_first\" title=\"Pagin\u0103 de pornire\"><\/a><\/div> -->\r\n\t\t\r\n\t\t<div class=\"wrap-bc-and-share wrap-resp\">\r\n\t\t\t<div class=\"site-breadcrumb\">\r\n\t\t\t\t<a href=\"https:\/\/www.adeo.com\/ro\/\" class=\"bc-item bc-item_first\" title=\"Pagin\u0103 de pornire\"><\/a>\t\t\t<\/div>\r\n\t\t\t\t\t\t<div class=\"share\">\r\n\t\t\t\t\t<div class=\"KVC_composant multi-share \" id=\"KVC_ku_1\">\r\n\t\t<div class=\"text_before\">\r\n\t\t\tShare&nbsp;:\r\n\t\t<\/div>\r\n\t\t<div class=\"wrap-share\">\r\n\t\t\t\t\t\t<a href=\"https:\/\/www.linkedin.com\/shareArticle?mini=true&amp;url=https%3A%2F%2Fwww.adeo.com%2Fro%2Fadeo-in-lume%2F&amp;title=&amp;summary=Le+oferim+celor+peste+360+de+milioane+de+clien%C8%9Bi+solu%C8%9Bii+concepute+%C3%AEmpreun%C4%83+cu+%C8%99i+pentru+locuitori%2C+%C3%AEn+11+de+%C8%9B%C4%83ri+%C8%99i+prin+6+m%C4%83rci.\" class=\"share in\" target=\"_blank\" title=\"LinkedIn\">LinkedIn<\/a>\r\n\t\t\t\r\n\t\t\t\t\t\t<a href=\"https:\/\/www.facebook.com\/sharer.php?u=https%3A%2F%2Fwww.adeo.com%2Fro%2Fadeo-in-lume%2F\" class=\"share fb\" target=\"_blank\" title=\"Facebook\">Facebook<\/a>\r\n\t\t\t\r\n\t\t\t\t\t\t<a href=\"https:\/\/twitter.com\/intent\/tweet?text=Le+oferim+celor+peste+360+de+milioane+de+clien%C8%9Bi+solu%C8%9Bii+concepute+%C3%AEmpreun%C4%83+cu+%C8%99i+pentru+locuitori%2C+%C3%AEn+11+de+%C8%9B%C4%83ri+%C8%99i+prin+6+m%C4%83rci. https%3A%2F%2Fwww.adeo.com%2Fro%2Fadeo-in-lume%2F\" class=\"share tw\" target=\"_blank\" title=\"Twitter \/ X\">Twitter&nbsp;\/&nbsp;X<\/a>\r\n\t\t\t\r\n\t\t\t\t\t\t<a href=\"mailto:?subject=ADEO.COM%20-%20ADEO%20%C3%AEn%20lume&body=ADEO%20%C3%8EN%20LUME%0A%0ALe%20oferim%20celor%20peste%20360%20de%20milioane%20de%20clien%C8%9Bi%20solu%C8%9Bii%20concepute%20%C3%AEmpreun%C4%83%20cu%20%C8%99i%20pentru%20locuitori%2C%20%C3%AEn%2011%20de%20%C8%9B%C4%83ri%20%C8%99i%20prin%206%20m%C4%83rci.%0A%0Ahttps%3A%2F%2Fwww.adeo.com%2Fro%2Fadeo-in-lume%2F\" class=\"share ml\" title=\"Email\">email<\/a>\r\n\t\t\t\t\t\t\r\n\t\t<\/div>\r\n\t<\/div>\r\n\t\t\t\t<\/div>\r\n\t\t\t\t\t<\/div>\r\n\t<\/div>\r\n\r\n<div class=\"adeo-section fullwidth bg-none padded\">\r\n\t<div class=\"ksc-lame-implantations\">\r\n\t\t<div class=\"ksc-implantations-wrap wrap-resp\">\r\n\t\t\t<div class=\"country-menu\"><div class=\"country-menu-item\" onclick=\"GBRSEL.selcountry(this);\" data-country=\"afrique_sud\">Africa de Sud<\/div><div class=\"country-menu-item\" onclick=\"GBRSEL.selcountry(this);\" data-country=\"bresil\">Brazilia<\/div><div class=\"country-menu-item\" onclick=\"GBRSEL.selcountry(this);\" data-country=\"chine\">China<\/div><div class=\"country-menu-item\" onclick=\"GBRSEL.selcountry(this);\" data-country=\"chypre\">Cipru<\/div><div class=\"country-menu-item\" onclick=\"GBRSEL.selcountry(this);\" data-country=\"espagne\">Spania<\/div><div class=\"country-menu-item\" onclick=\"GBRSEL.selcountry(this);\" data-country=\"france\">Fran\u021ba<\/div><div class=\"country-menu-item\" onclick=\"GBRSEL.selcountry(this);\" data-country=\"grece\">Grecia<\/div><div class=\"country-menu-item\" onclick=\"GBRSEL.selcountry(this);\" data-country=\"italie\">Italia<\/div><div class=\"country-menu-item\" onclick=\"GBRSEL.selcountry(this);\" data-country=\"portugal\">Portugalia<\/div><div class=\"country-menu-item\" onclick=\"GBRSEL.selcountry(this);\" data-country=\"pologne\">Polonia<\/div><div class=\"country-menu-item\" onclick=\"GBRSEL.selcountry(this);\" data-country=\"roumanie\">Rom\u00e2nia<\/div><div class=\"country-menu-item\" onclick=\"GBRSEL.selcountry(this);\" data-country=\"ukraine\">Ucraina<\/div><div class=\"country-menu-item\" onclick=\"GBRSEL.selcountry(this);\" data-country=\"vietnam\">Vietnam<\/div><\/div>\r\n\t\t\t<div class=\"implantations-grid\"><\/div>\r\n\t\t<\/div>\r\n\t<\/div>\r\n<\/div>\r\n\t<div class=\"adeo-section fullwidth\">\r\n\t<div class=\"ksc-lame-pushpage\" style=\"background-image:url('https:\/\/www.adeo.com\/wp-content\/uploads\/2022\/09\/bloc_push_decouvrez_nos_marques.jpg');\">\t\t\r\n\t\t<div class=\"wrap-pushpage wrap-resp texte-blanc\">\r\n            <h2 class=\"title_push\"><span class=\"txt_surligne\">Descoperi\u021bi m\u0103rcile noastre<\/span><\/h2>\r\n\t\t\t<p class=\"desc_push\">Combin\u00e2nd re\u021beaua noastr\u0103 mondial\u0103 de peste 1000 de magazine cu un site de comer\u021b electronic, \u00eei oferim fiec\u0103rui locuitor posibilitatea de a duce la \u00eendeplinire proiectele sale privind locuin\u021ba atunci c\u00e2nd dore\u0219te, unde dore\u0219te \u0219i cum dore\u0219te.<\/p>\r\n\t\t\t<a class=\"adeo-bt bt_push\"  href=\"https:\/\/www.adeo.com\/ro\/#brands\"   title=\"We make home a positive place to live\"  >Merg\u00e2nd mai departe<\/a>\r\n\t\t<\/div>\r\n\t<\/div>\r\n<\/div>\r\n[\/vc_column][\/vc_row]<\/p>\n<\/div>","protected":false},"excerpt":{"rendered":"<p>[vc_row][vc_column][\/vc_column][\/vc_row]<\/p>\n","protected":false},"author":3,"featured_media":0,"parent":0,"menu_order":0,"comment_status":"closed","ping_status":"closed","template":"template-page-interne.php","meta":{"_acf_changed":false,"inline_featured_image":false,"footnotes":""},"class_list":["post-6938","page","type-page","status-publish","hentry"],"acf":[],"_links":{"self":[{"href":"https:\/\/www.adeo.com\/ro\/wp-json\/wp\/v2\/pages\/6938","targetHints":{"allow":["GET"]}}],"collection":[{"href":"https:\/\/www.adeo.com\/ro\/wp-json\/wp\/v2\/pages"}],"about":[{"href":"https:\/\/www.adeo.com\/ro\/wp-json\/wp\/v2\/types\/page"}],"author":[{"embeddable":true,"href":"https:\/\/www.adeo.com\/ro\/wp-json\/wp\/v2\/users\/3"}],"replies":[{"embeddable":true,"href":"https:\/\/www.adeo.com\/ro\/wp-json\/wp\/v2\/comments?post=6938"}],"version-history":[{"count":6,"href":"https:\/\/www.adeo.com\/ro\/wp-json\/wp\/v2\/pages\/6938\/revisions"}],"predecessor-version":[{"id":18712,"href":"https:\/\/www.adeo.com\/ro\/wp-json\/wp\/v2\/pages\/6938\/revisions\/18712"}],"wp:attachment":[{"href":"https:\/\/www.adeo.com\/ro\/wp-json\/wp\/v2\/media?parent=6938"}],"curies":[{"name":"wp","href":"https:\/\/api.w.org\/{rel}","templated":true}]}}