{"id":6868,"date":"2022-09-07T14:29:09","date_gmt":"2022-09-07T14:29:09","guid":{"rendered":"https:\/\/www.adeo.com\/aveti-nevoie-de-un-contact\/"},"modified":"2024-06-05T13:06:58","modified_gmt":"2024-06-05T13:06:58","slug":"aveti-nevoie-de-un-contact","status":"publish","type":"page","link":"https:\/\/www.adeo.com\/ro\/aveti-nevoie-de-un-contact\/","title":{"rendered":"Ave\u021bi nevoie de un contact"},"content":{"rendered":"<div class=\"wpb-content-wrapper\"><p>[vc_row][vc_column]<div class=\"adeo-section fullwidth bg-darkblue\">\r\n\t<div class=\"ksc-top-2col\">\t\t\r\n\t\t<div class=\"col-img\" style=\"background-image:url('https:\/\/www.adeo.com\/wp-content\/uploads\/2022\/09\/top_cover_besoin_d_un_contact.jpg');\"><\/div>\r\n\t\t<div class=\"col-txt\">\r\n            <h1 class=\"keb-titre-h1\">Ave\u021bi nevoie de<br \/>\nunui contact?<\/h1>\r\n            <p class=\"keb-titre-h4\">Fie c\u0103 ave\u021bi o \u00eentrebare, dori\u021bi s\u0103 v\u0103 al\u0103tura\u021bi nou\u0103 sau pur \u0219i simplu dori\u021bi s\u0103 vorbi\u021bi despre bricolaj, suntem bucuro\u0219i s\u0103 st\u0103m de vorb\u0103 cu dumneavoastr\u0103.<\/p>\r\n        <\/div>\r\n\t<\/div>\r\n<\/div>\r\n\t<div class=\"adeo-section lame padded bg-none\">\r\n\t\t<!-- <div class=\"wrap-resp\"><a href=\"https:\/\/www.adeo.com\/ro\/\" class=\"bc-item bc-item_first\" title=\"Pagin\u0103 de pornire\"><\/a><\/div> -->\r\n\t\t\r\n\t\t<div class=\"wrap-bc-and-share wrap-resp\">\r\n\t\t\t<div class=\"site-breadcrumb\">\r\n\t\t\t\t<a href=\"https:\/\/www.adeo.com\/ro\/\" class=\"bc-item bc-item_first\" title=\"Pagin\u0103 de pornire\"><\/a>\t\t\t<\/div>\r\n\t\t\t\t\t\t<div class=\"share\">\r\n\t\t\t\t\t<div class=\"KVC_composant multi-share \" id=\"KVC_ku_1\">\r\n\t\t<div class=\"text_before\">\r\n\t\t\tShare&nbsp;:\r\n\t\t<\/div>\r\n\t\t<div class=\"wrap-share\">\r\n\t\t\t\t\t\t<a href=\"https:\/\/www.linkedin.com\/shareArticle?mini=true&amp;url=https%3A%2F%2Fwww.adeo.com%2Fro%2Faveti-nevoie-de-un-contact%2F&amp;title=&amp;summary=\" class=\"share in\" target=\"_blank\" title=\"LinkedIn\">LinkedIn<\/a>\r\n\t\t\t\r\n\t\t\t\t\t\t<a href=\"https:\/\/www.facebook.com\/sharer.php?u=https%3A%2F%2Fwww.adeo.com%2Fro%2Faveti-nevoie-de-un-contact%2F\" class=\"share fb\" target=\"_blank\" title=\"Facebook\">Facebook<\/a>\r\n\t\t\t\r\n\t\t\t\t\t\t<a href=\"https:\/\/twitter.com\/intent\/tweet?text= https%3A%2F%2Fwww.adeo.com%2Fro%2Faveti-nevoie-de-un-contact%2F\" class=\"share tw\" target=\"_blank\" title=\"Twitter \/ X\">Twitter&nbsp;\/&nbsp;X<\/a>\r\n\t\t\t\r\n\t\t\t\t\t\t<a href=\"mailto:?subject=ADEO.COM%20-%20Ave%C8%9Bi%20nevoie%20de%20un%20contact&body=AVE%C8%9AI%20NEVOIE%20DE%20UN%20CONTACT%0A%0A%0A%0Ahttps%3A%2F%2Fwww.adeo.com%2Fro%2Faveti-nevoie-de-un-contact%2F\" class=\"share ml\" title=\"Email\">email<\/a>\r\n\t\t\t\t\t\t\r\n\t\t<\/div>\r\n\t<\/div>\r\n\t\t\t\t<\/div>\r\n\t\t\t\t\t<\/div>\r\n\t<\/div>\r\n\r\n<!-- Sticky -->\r\n<div class=\"faq-sticky-jump\" onclick=\"TOOLS_smoothScrollTo('.ksc-lame-faq',200);\" >\t\r\n\t<div class=\"content-roll keb-titre-h6\">Poate c\u0103 \u00eentrebarea dvs. este aici?<\/div>\r\n\t<div class=\"wrap-content\"><\/div>\r\n<\/div>\r\n<div class=\"adeo-section fullwidth bg-none padded\">\r\n\t<div class=\"ksc-lame-faq\">\t\t\r\n\t\t<div class=\"wrap-resp\">\r\n\t\t\t<div class=\"zone-title\">\r\n\t\t\t\t<h2 class=\"faq-title keb-titre-h1 title-with-underscore\"><span class=\"keb-headings keb-titre-h1\">Poate c\u0103 \u00eentrebarea dvs. este aici?<\/span><\/h2>\r\n\t\t\t\t<div class=\"zone-search\">\r\n\t<form role=\"search\" method=\"get\" class=\"search-form-mini\" action=\"https:\/\/www.adeo.com\/ro\/\">\r\n\t\t<label>\r\n\t\t\t<span class=\"screen-reader-text\">C\u0103uta\u021bi...<\/span>\r\n\t\t\t<input type=\"search\" class=\"search-field\" placeholder=\"C\u0103uta\u021bi...\" value=\"\" name=\"s\">\r\n\t\t<\/label>\r\n\t\t<input type=\"submit\" class=\"search-submit\" value=\"Rechercher\">\r\n\t<\/form>\r\n<\/div>\r\n\t\t\t<\/div>\r\n\t\t\t<div class=\"wrap-listefaq\">\r\n\t\t\t\t\t\t<a href=\"https:\/\/www.adeo.com\/espace-presse\/\" style=\"color:#FFFFFF; background-color:#0DCC82;\" class=\"faq-item\" >Doresc acces la zona de pres\u0103<\/a>\r\n\t\t\t\t\t\t<a href=\"https:\/\/www.adeo.com\/dossier\/le-partage-au-coeur-de-notre-culture\/\" style=\"color:#000000; background-color:#F2CC26;\" class=\"faq-item\" >Descoperi\u021bi angajamentele noastre Human First<\/a>\r\n\t\t\t\t\t\t<a href=\"https:\/\/www.adeo.com\/dossier\/rendre-accessibles-nos-solutions-pour-un-habitat-positif\/\" style=\"color:#FFFFFF; background-color:#615E9C;\" class=\"faq-item\" >Detalii despre strategia noastr\u0103<\/a>\r\n\t\t\t\t\t\t<a href=\"https:\/\/www.adeo.com\/dossier\/faire-de-nos-habitats-des-lieux-de-vie-positifs\/\" style=\"color:#FFFFFF; background-color:#F0593B;\" class=\"faq-item\" >Descoperi\u021bi ac\u021biunile noastre \u00een domeniul locuin\u021belor<\/a>\r\n\t\t\t\t\t\t<a href=\"https:\/\/www.adeo.com\/engagements-ethiques\/\" style=\"color:#FFFFFF; background-color:#3F5A6C;\" class=\"faq-item\" >Cunoa\u0219terea angajamentelor etice ADEO<\/a>\r\n\t\t\t\t\t\t<a href=\"https:\/\/www.adeo.com\/dossier\/proposer-des-produits-a-impact-positifs\/\" style=\"color:#FFFFFF; background-color:#00ACD6;\" class=\"faq-item\" >Detalii despre modul \u00een care ADEO proiecteaz\u0103 produsele sale<\/a>\r\n\t\t\t\t\t\t<a href=\"https:\/\/www.adeo.com\/dossier\/notre-adn-le-partage\/\" style=\"color:#000000; background-color:#85D353;\" class=\"faq-item\" >Descoperi\u021bi cultura noastr\u0103 de \u00eemp\u0103rt\u0103\u0219ire<\/a>\r\n\t\t\t\t\t\t<a href=\"https:\/\/www.adeo.com\/dossier\/115-000-leaders-dun-avenir-positif\/\" style=\"color:#FFFFFF; background-color:#F78C23;\" class=\"faq-item\" >Doresc s\u0103 \u00een\u021beleg ce este un lider ADEO<\/a>\r\n\t\t\t\t\t\t<a href=\"https:\/\/www.adeo.com\/dossier\/la-securite-avant-tout\/\" style=\"color:#FFFFFF; background-color:#0DCC82;\" class=\"faq-item\" >Afla\u021bi care sunt ac\u021biunile Safety First<\/a>\r\n\t\t\t\t\t\t<a href=\"https:\/\/www.adeo.com\/dossier\/adeo-un-ecosysteme-dentreprises-unique\/\" style=\"color:#000000; background-color:#F2CC26;\" class=\"faq-item\" >Descoperi\u021bi modelul ADEO<\/a>\r\n\t\t\t\t\t\t<a href=\"https:\/\/www.adeo.com\/dossier\/pour-des-impacts-humains-et-environnementaux-positifs\/\" style=\"color:#FFFFFF; background-color:#615E9C;\" class=\"faq-item\" >Detalii despre impactul Grupului ADEO<\/a>\r\n\t\t\t\t\t\t<a href=\"https:\/\/www.adeo.com\/adeo-dans-le-monde\/\" style=\"color:#FFFFFF; background-color:#F0593B;\" class=\"faq-item\" >Descoperi\u021bi m\u0103rcile ADEO<\/a>\r\n\t\t\t\t\t\t<a href=\"https:\/\/www.adeo.com\/adeo-plateforme-dentreprises-ouvertes-et-connectee\/#brands\" style=\"color:#FFFFFF; background-color:#3F5A6C;\" class=\"faq-item\" >Afla\u021bi detalii despre ADEO<\/a>\r\n\t\t\t\t\t\t<a href=\"https:\/\/www.adeo.com\/adeo-plateforme-dentreprises-ouvertes-et-connectee\/#timeline\" style=\"color:#FFFFFF; background-color:#00ACD6;\" class=\"faq-item\" >Descoperi\u021bi istoria Grupului ADEO<\/a>\r\n\t\t\t\t\t\t<a href=\"https:\/\/www.adeo.com\/agir-ensemble\/\" style=\"color:#000000; background-color:#85D353;\" class=\"faq-item\" >Afla\u021bi cele ultimele actualit\u0103\u021bi<\/a>\r\n\t\t\t\t\t\t<a href=\"https:\/\/www.adeo.com\/adeo-dans-le-monde\/\" style=\"color:#FFFFFF; background-color:#F78C23;\" class=\"faq-item\" >Lua\u021bi leg\u0103tura cu companiile ADEO<\/a>\r\n\t\t\t\t\r\n\t\t\t<\/div>\r\n            <div class=\"bt-more-faq\">\r\n                <svg width=\"180\" height=\"180\" viewBox=\"0 0 180 180\" fill=\"none\" xmlns=\"http:\/\/www.w3.org\/2000\/svg\" class=\"picto-svg-next\">\r\n                    <circle cx=\"90\" cy=\"90\" r=\"60\" class=\"omb\" \/>\r\n                    <rect x=\"79.3223\" y=\"86.7868\" width=\"25\" height=\"5\" transform=\"rotate(45 79.3223 86.7868)\" fill=\"#F2F2ED\" \/>\r\n                    <rect width=\"25\" height=\"5\" transform=\"matrix(-0.707107 0.707107 0.707107 0.707107 93.3271 72.3215)\" fill=\"#F2F2ED\" \/>\r\n                <\/svg>\r\n            <\/div>\r\n\t\t<\/div>\r\n\t<\/div>\r\n<\/div>\r\n[vc_column_text css=&#8221;.vc_custom_1672906872263{margin-bottom: 60px !important;}&#8221; el_class=&#8221;wrap-resp&#8221;]<span class=\"keb-headings keb-titre-h1\">NU A\u021aI G\u0102SIT CEEA CE A\u021aI C\u0102UTAT?<\/span><\/p>\n<p>Lua\u021bi leg\u0103tura cu noi. Echipele noastre v\u0103 vor r\u0103spunde c\u00e2t mai cur\u00e2nd posibil.[\/vc_column_text][\/vc_column][\/vc_row][vc_row css=&#8221;.vc_custom_1664540518952{background-color: #223848 !important;}&#8221;][vc_column]<div class=\"adeo-section fullwidth bg-darkblue padded\">\r\n\t<script>\r\n\t\tvar GTAB_form = '#contact-form';\r\n\t<\/script>\r\n\t<div class=\"ksc-lame-form\">\r\n\t\t<div class=\"wrap-resp zone-saisie\">\r\n\t\t\t<div class=\"zone-title select-cat\">\r\n\t\t\t\t<div class=\"keb-titre-h2 title-with-supleft\">Pentru \u00eenceput, s\u0103 ne cunoa\u0219tem mai bine<\/div>\r\n\t\t\t\t<p>Sunte\u021bi:<\/p>\r\n\t\t\t\t<div class=\"formuser-cat\">\r\n\t\t\t\t\t<button class=\"formusercatbt adeo-bt inverted bigone\" data-cat=\"client\" data-typeform=\"marques\">Client<\/button>\r\n\t<button class=\"formusercatbt adeo-bt inverted bigone\" data-cat=\"professionel_habitat\" data-typeform=\"marques\">Profesionist \u00een domeniul locuin\u021belor<\/button>\r\n\t<button class=\"formusercatbt adeo-bt inverted bigone\" data-cat=\"fournisseur\" data-typeform=\"zendesk\">Furnizor<\/button>\r\n\t<button class=\"formusercatbt adeo-bt inverted bigone\" data-cat=\"adeo_partner\" data-typeform=\"zendesk\">Partener ADEO<\/button>\r\n\t<button class=\"formusercatbt adeo-bt inverted bigone\" data-cat=\"candidat\" data-typeform=\"marques\">Candidat<\/button>\r\n\t<button class=\"formusercatbt adeo-bt inverted bigone\" data-cat=\"ecole\" data-typeform=\"zendesk\">\u0218coal\u0103<\/button>\r\n\t<button class=\"formusercatbt adeo-bt inverted bigone\" data-cat=\"elu_gouvernement\" data-typeform=\"zendesk\">Func\u021bionar\/Guvern<\/button>\r\n\t<button class=\"formusercatbt adeo-bt inverted bigone\" data-cat=\"ong_association\" data-typeform=\"zendesk\">ONG\/Asocia\u021bie<\/button>\r\n\t<button class=\"formusercatbt adeo-bt inverted bigone\" data-cat=\"journaliste\" data-typeform=\"zendesk\">Jurnalist<\/button>\r\n\t<button class=\"formusercatbt adeo-bt inverted bigone\" data-cat=\"website_user\" data-typeform=\"zendesk\">Utilizatorul site-ului adeo.com <\/button>\r\n\t\t\t\t\t<\/div>\r\n\t\t\t<\/div>\r\n\t\t\t<form class=\"ua-form hidden\" id=\"contact-form\">\r\n\t\t\t\t<input type=\"hidden\" value=\"\" name=\"typeuser\">\r\n\t\t\t\t<div class=\"keb-titre-h2 title-with-supleft\">Cu ce v\u0103 putem ajuta?<\/div>\r\n\t\t\t\t<div class=\"wrap-form\">\r\n\t\t\t\t\t<div class=\"uiflex s50 column\">\r\n\t\t\t\t\t\t<div class=\"uiflex\">\r\n\t\t\t\t\t\t\t<div class=\"s50 wrap-field\">\r\n\t\t\t\t\t\t\t\t\t<label for=\"id_nom\" class=\"fieldlabel\">Nume<\/label>\r\n\t<input type=\"text\" class=\"formfield\" placeholder=\"\" name=\"nom\" id=\"id_nom\"  data-validation=\"required\" data-validation-error-msg-required=\"Acest c\u00e2mp este obligatoriu\" >\r\n\t\t\t\t\t\t\t\t<\/div>\r\n\t\t\t\t\t\t\t<div class=\"s50 wrap-field\">\r\n\t\t\t\t\t\t\t\t\t<label for=\"id_prenom\" class=\"fieldlabel\">Prenume<\/label>\r\n\t<input type=\"text\" class=\"formfield\" placeholder=\"\" name=\"prenom\" id=\"id_prenom\"  data-validation=\"required\" data-validation-error-msg-required=\"Acest c\u00e2mp este obligatoriu\" >\r\n\t\t\t\t\t\t\t\t<\/div>\r\n\t\t\t\t\t\t<\/div>\r\n\t\t\t\t\t\t\r\n\t\t\t\t\t\t<div class=\"uiflex invisible-for-websiteuser\">\r\n\t\t\t\t\t\t\t<div class=\"s50 wrap-field\">\r\n\t\t\t\t\t\t\t\t\t<label for=\"id_entreprise\" class=\"fieldlabel\">Numele companiei<\/label>\r\n\t<input type=\"text\" class=\"formfield\" placeholder=\"\" name=\"entreprise\" id=\"id_entreprise\"  data-validation=\"required\" data-validation-error-msg-required=\"Acest c\u00e2mp este obligatoriu\" >\r\n\t\t\t\t\t\t\t\r\n\t\t\t\t\t\t\t<\/div>\r\n\t\t\t\t\t\t\t<div class=\"s50 wrap-field\">\r\n\t\t\t\t\t\t\t\t\t<label for=\"id_fonction\" class=\"fieldlabel\">Func\u021bie<\/label>\r\n\t<input type=\"text\" class=\"formfield\" placeholder=\"\" name=\"fonction\" id=\"id_fonction\"  data-validation=\"required\" data-validation-error-msg-required=\"Acest c\u00e2mp este obligatoriu\" >\r\n\t\t\t\t\t\t\t\r\n\t\t\t\t\t\t\t<\/div>\r\n\t\t\t\t\t\t<\/div>\r\n\t\t\t\t\t\t\r\n\t\t\t\t\t\t<div class=\"uiflex\">\r\n\t\t\t\t\t\t\t<div class=\"s50 wrap-field\">\r\n\t\t\t\t\t\t\t\t\t<label for=\"id_pays\" class=\"fieldlabel\">\u021aar\u0103<\/label>\r\n\t<input type=\"text\" class=\"formfield\" placeholder=\"\" name=\"pays\" id=\"id_pays\"  data-validation=\"required\" data-validation-error-msg-required=\"Acest c\u00e2mp este obligatoriu\" >\r\n\t\t\t\t\t\t\t\r\n\t\t\t\t\t\t\t<\/div>\r\n\t\t\t\t\t\t\t<div class=\"s50 wrap-field\">\r\n\t\t\t\t\t\t\t\t\t<label for=\"id_email\" class=\"fieldlabel\">E-mail<\/label>\r\n\t<input type=\"email\" class=\"formfield\" placeholder=\"\" name=\"email\" id=\"id_email\"  data-validation=\"email\" data-validation-error-msg-email=\"Acest c\u00e2mp este obligatoriu\" >\r\n\t\t\t\t\t\t\t\r\n\t\t\t\t\t\t\t<\/div>\r\n\t\t\t\t\t\t<\/div>\r\n\t\t\t\t\t<\/div>\r\n\t\t\t\t\t<div class=\"uiflex s50 column\">\r\n\t\t\t\t\t\t\r\n\t\t\t\t\t\t<div class=\"s100 wrap-field\">\r\n\t\t\t\t\t\t\t\t<label for=\"id_objet_demande\" class=\"fieldlabel\">Care este scopul solicit\u0103rii dvs.?<\/label>\r\n\t<input type=\"text\" class=\"formfield\" placeholder=\"\" name=\"objet_demande\" id=\"id_objet_demande\"  data-validation=\"required\" data-validation-error-msg-required=\"Acest c\u00e2mp este obligatoriu\" >\r\n\t\t\t\t\t\t\t<\/div>\t\r\n\t\t\t\t\t\t<div class=\"s100 wrap-field\">\r\n\t\t\t\t\t\t\t<label for=\"msg\" class=\"fieldlabel\">Ce solicitare ave\u021bi? : <\/label>\r\n\t\t\t\t\t\t\t<textarea class=\"formfield textarea\" placeholder=\"\" data-validation=\"required\" data-validation-error-msg-required=\"Acest c\u00e2mp este obligatoriu\" name=\"msg\" id=\"msg\" rows=\"3\"><\/textarea>\r\n\t\t\t\t\t\t<\/div>\r\n\t\t\t\t\t<\/div>\r\n\t\t\t\t<\/div>\r\n\t\t\t\t<div class=\"s100 wrap-field\">\r\n\t\t\t\t\t<span class=\"ml\">\r\n\t\t\t\t\tPrin completarea acestui formular, accept ca datele mele cu caracter personal s\u0103 fie utilizate \u00een contextul rela\u021biilor mele cu ADEO.\t\t\t\t\t<br><a href=\"https:\/\/www.adeo.com\/ro\/politica-privind-confidentialitatea-datelor\/\">Politica privind confiden\u021bialitatea datelor<\/a>\t\r\n\t\t\t\t\t<\/span>\r\n\r\n\t\t\t\t<\/div>\r\n\t\t\t\t<div class=\"zone-cta\">\t\t\t\t\t\r\n\t\t\t\t\t<div class=\"zone-result hidden\">\r\n\t\t\t\t\t\tEroare la trimiterea solicit\u0103rii dvs.\t\t\t\t\t<\/div>\r\n\t\t\t\t\t<button class=\"adeo-bt inverted btsubmit\">Trimitere<\/button>\r\n\t\t\t\t<\/div>\r\n\t\t\t<\/form>\r\n\t\t\t<div class=\"ua-enseignes hidden\">\r\n\t\t\t\t<div class=\"keb-titre-h2 title-with-supleft\">Care companie este vizat\u0103 de solicitarea dvs.?<\/div>\r\n\t\t\t\t<div class=\"adeo-section fullwidth bg-none padded\">\r\n\t<div class=\"ksc-lame-implantations\">\r\n\t\t<div class=\"ksc-implantations-wrap wrap-resp\">\r\n\t\t\t<div class=\"country-menu\"><div class=\"country-menu-item\" onclick=\"GBRSEL.selcountry(this);\" data-country=\"afrique_sud\">Africa de Sud<\/div><div class=\"country-menu-item\" onclick=\"GBRSEL.selcountry(this);\" data-country=\"bresil\">Brazilia<\/div><div class=\"country-menu-item\" onclick=\"GBRSEL.selcountry(this);\" data-country=\"chine\">China<\/div><div class=\"country-menu-item\" onclick=\"GBRSEL.selcountry(this);\" data-country=\"chypre\">Cipru<\/div><div class=\"country-menu-item\" onclick=\"GBRSEL.selcountry(this);\" data-country=\"espagne\">Spania<\/div><div class=\"country-menu-item\" onclick=\"GBRSEL.selcountry(this);\" data-country=\"france\">Fran\u021ba<\/div><div class=\"country-menu-item\" onclick=\"GBRSEL.selcountry(this);\" data-country=\"grece\">Grecia<\/div><div class=\"country-menu-item\" onclick=\"GBRSEL.selcountry(this);\" data-country=\"italie\">Italia<\/div><div class=\"country-menu-item\" onclick=\"GBRSEL.selcountry(this);\" data-country=\"portugal\">Portugalia<\/div><div class=\"country-menu-item\" onclick=\"GBRSEL.selcountry(this);\" data-country=\"pologne\">Polonia<\/div><div class=\"country-menu-item\" onclick=\"GBRSEL.selcountry(this);\" data-country=\"roumanie\">Rom\u00e2nia<\/div><div class=\"country-menu-item\" onclick=\"GBRSEL.selcountry(this);\" data-country=\"ukraine\">Ucraina<\/div><div class=\"country-menu-item\" onclick=\"GBRSEL.selcountry(this);\" data-country=\"vietnam\">Vietnam<\/div><\/div>\r\n\t\t\t<div class=\"implantations-grid\"><\/div>\r\n\t\t<\/div>\r\n\t<\/div>\r\n<\/div>\r\n\t\t\t\t<\/div>\r\n\r\n\t\t<\/div>\r\n\t\t<div class=\"wrap-resp zone-result-big hidden\">\r\n\t\t\t<div class=\"keb-titre-h2 title-with-supleft\">Este \u00een cutie!<\/div><br>\r\n\t\t\t<div class=\"keb-titre-h5\">Echipele noastre proceseaz\u0103 solicitarea dvs. \u0219i v\u0103 vor r\u0103spunde \u00een cel mai scurt timp posibil.<\/div>\r\n\t\t<\/div>\r\n\t<\/div>\r\n<\/div>\r\n[\/vc_column][\/vc_row]<\/p>\n<\/div>","protected":false},"excerpt":{"rendered":"<p>[vc_row][vc_column][vc_column_text css=&#8221;.vc_custom_1672906872263{margin-bottom: 60px !important;}&#8221; el_class=&#8221;wrap-resp&#8221;]NU A\u021aI G\u0102SIT CEEA CE A\u021aI C\u0102UTAT? Lua\u021bi leg\u0103tura cu noi. Echipele noastre v\u0103 vor r\u0103spunde c\u00e2t mai cur\u00e2nd posibil.[\/vc_column_text][\/vc_column][\/vc_row][vc_row css=&#8221;.vc_custom_1664540518952{background-color: #223848 !important;}&#8221;][vc_column][\/vc_column][\/vc_row]<\/p>\n","protected":false},"author":3,"featured_media":0,"parent":0,"menu_order":0,"comment_status":"closed","ping_status":"closed","template":"template-page-interne.php","meta":{"_acf_changed":false,"inline_featured_image":false,"footnotes":""},"class_list":["post-6868","page","type-page","status-publish","hentry"],"acf":[],"_links":{"self":[{"href":"https:\/\/www.adeo.com\/ro\/wp-json\/wp\/v2\/pages\/6868","targetHints":{"allow":["GET"]}}],"collection":[{"href":"https:\/\/www.adeo.com\/ro\/wp-json\/wp\/v2\/pages"}],"about":[{"href":"https:\/\/www.adeo.com\/ro\/wp-json\/wp\/v2\/types\/page"}],"author":[{"embeddable":true,"href":"https:\/\/www.adeo.com\/ro\/wp-json\/wp\/v2\/users\/3"}],"replies":[{"embeddable":true,"href":"https:\/\/www.adeo.com\/ro\/wp-json\/wp\/v2\/comments?post=6868"}],"version-history":[{"count":3,"href":"https:\/\/www.adeo.com\/ro\/wp-json\/wp\/v2\/pages\/6868\/revisions"}],"predecessor-version":[{"id":16597,"href":"https:\/\/www.adeo.com\/ro\/wp-json\/wp\/v2\/pages\/6868\/revisions\/16597"}],"wp:attachment":[{"href":"https:\/\/www.adeo.com\/ro\/wp-json\/wp\/v2\/media?parent=6868"}],"curies":[{"name":"wp","href":"https:\/\/api.w.org\/{rel}","templated":true}]}}