{"id":4875,"date":"2022-08-18T14:39:03","date_gmt":"2022-08-18T12:39:03","guid":{"rendered":"https:\/\/www.adeo.com\/to-live\/"},"modified":"2025-06-23T16:33:07","modified_gmt":"2025-06-23T14:33:07","slug":"to-live","status":"publish","type":"page","link":"https:\/\/www.adeo.com\/pt-pt\/to-live\/","title":{"rendered":"To live"},"content":{"rendered":"<div class=\"wpb-content-wrapper\"><p>[vc_row][vc_column]<div class=\"adeo-section fullwidth\">\r\n\t<div class=\"ksc-top\">\r\n\t\t<div class=\"continue-scroll\"><a class=\"bt-scroll\" onclick=\"TOOLS_smoothScrollTo('.site-breadcrumb',100);\"><\/a><\/div>\r\n\t\t<div class=\"zone-textroll\"><div class=\"textroll-content\"><\/div><\/div>\r\n\t\t<div class=\"ksc-top-zonecta\">\r\n\t\t\t<div class=\"wrapper-cta\">\r\n\t\t\t\t<ul id=\"menu-menu-principal-portugais-du-portugal\" class=\"navmain\"><li class='m-we menu-item menu-item-type-post_type menu-item-object-page'><a href=\"https:\/\/www.adeo.com\/pt-pt\/we\/\"   data-rollinfos=\"m-we,menu-item,menu-item-type-post_type,menu-item-object-page\" ><span class=\"text\">We<\/span><\/a><\/li>\n<li class='m-make menu-item menu-item-type-post_type menu-item-object-page'><a href=\"https:\/\/www.adeo.com\/pt-pt\/make\/\"   data-rollinfos=\"m-make,menu-item,menu-item-type-post_type,menu-item-object-page\" ><span class=\"text\">Make<\/span><\/a><\/li>\n<li class='m-home menu-item menu-item-type-post_type menu-item-object-page'><a href=\"https:\/\/www.adeo.com\/pt-pt\/home\/\"   data-rollinfos=\"m-home,menu-item,menu-item-type-post_type,menu-item-object-page\" ><span class=\"text\">Home<\/span><\/a><\/li>\n<li class='m-a-positive-place menu-item menu-item-type-post_type menu-item-object-page'><a href=\"https:\/\/www.adeo.com\/pt-pt\/a-positive-place\/\"   data-rollinfos=\"m-a-positive-place,menu-item,menu-item-type-post_type,menu-item-object-page\" ><span class=\"text\">A positive place<\/span><\/a><\/li>\n<li class='m-to-live menu-item menu-item-type-post_type menu-item-object-page'><a href=\"https:\/\/www.adeo.com\/pt-pt\/to-live\/\"   data-rollinfos=\"m-to-live,menu-item,menu-item-type-post_type,menu-item-object-page\" ><span class=\"text\">To live<\/span><\/a><\/li>\n<\/ul>\t\r\n\t\t\t<\/div>\r\n\t\t<\/div>\r\n\t\t<div class=\"ksc-top-bg\" style=\"background-image:url('https:\/\/www.adeo.com\/wp-content\/uploads\/2022\/10\/top_cover_to_live_2.jpg')\"><\/div>\r\n\t<\/div>\r\n<\/div>\r\n\t[vc_row_inner disable_element=&#8221;yes&#8221;][vc_column_inner]<div class=\"adeo-section fullwidth padded bg-none decaltop \"  style=\"margin-top:-320px;\" >\r\n\t<div id=\"_swiper0\" class=\"ksc-swiperjs-container  \" >\r\n\r\n\t\t<div class=\"ksc-swiperjs-content swiperjs_wrap_0 wrap-resp\">\r\n\t\t\t\r\n\t\t\t<div class=\"swiper-header\">\r\n\t\t\t\t\t\t\t\t\t\t\t<\/div>\r\n\r\n\t\t\t<div class=\"swiper-wrapper\">\r\n\t\t\t\t<div class=\"ksc-block-portrait first\">\r\n\t<p class=\"keb-titre-h3\">Encontre o coletivo para uma casa positiva<\/p>\r\n<\/div>\r\n<a class=\"ksc-block-portrait\" style=\"background-image:url('https:\/\/www.adeo.com\/wp-content\/uploads\/2022\/08\/vig_collectif_antoine_gassion.jpg')\" href=\"https:\/\/www.adeo.com\/pt-pt\/o-coletivo-adeo\/\"><\/a>\r\n<a class=\"ksc-block-portrait\" style=\"background-image:url('https:\/\/www.adeo.com\/wp-content\/uploads\/2023\/01\/vig_collectif_thadde_bigot.jpg')\" href=\"https:\/\/www.adeo.com\/pt-pt\/o-coletivo-adeo\/\"><\/a>\r\n<a class=\"ksc-block-portrait\" style=\"background-image:url('https:\/\/www.adeo.com\/wp-content\/uploads\/2023\/01\/vig_collectif_patrick_sabine_le_bohec.jpg')\" href=\"https:\/\/www.adeo.com\/pt-pt\/o-coletivo-adeo\/\"><\/a>\r\n<a class=\"ksc-block-portrait\" style=\"background-image:url('https:\/\/www.adeo.com\/wp-content\/uploads\/2023\/01\/vig_le_collectif_claire_sophie_coeudevez.jpg')\" href=\"https:\/\/www.adeo.com\/pt-pt\/o-coletivo-adeo\/\"><\/a>\r\n<a class=\"ksc-block-portrait\" style=\"background-image:url('https:\/\/www.adeo.com\/wp-content\/uploads\/2023\/01\/vig_collectif_aurelien_frappart.jpg')\" href=\"https:\/\/www.adeo.com\/pt-pt\/o-coletivo-adeo\/\"><\/a>\r\n<a class=\"ksc-block-portrait\" style=\"background-image:url('https:\/\/www.adeo.com\/wp-content\/uploads\/2023\/01\/vig_collectif_hind_malti.jpg')\" href=\"https:\/\/www.adeo.com\/pt-pt\/o-coletivo-adeo\/\"><\/a>\r\n<a class=\"ksc-block-portrait\" style=\"background-image:url('https:\/\/www.adeo.com\/wp-content\/uploads\/2023\/01\/vig_le_collectif_nikolai_chtcherbakov-1.jpg')\" href=\"https:\/\/www.adeo.com\/pt-pt\/o-coletivo-adeo\/\"><\/a>\r\n<a class=\"ksc-block-portrait\" style=\"background-image:url('https:\/\/www.adeo.com\/wp-content\/uploads\/2023\/01\/vig_collectif_thiago_ribeiro.jpg')\" href=\"https:\/\/www.adeo.com\/pt-pt\/o-coletivo-adeo\/\"><\/a>\r\n<a class=\"ksc-block-portrait\" style=\"background-image:url('https:\/\/www.adeo.com\/wp-content\/uploads\/2023\/01\/vig_collectif_nuno_torres.jpg')\" href=\"https:\/\/www.adeo.com\/pt-pt\/o-coletivo-adeo\/\"><\/a>\r\n<a class=\"ksc-block-portrait\" style=\"background-image:url('https:\/\/www.adeo.com\/wp-content\/uploads\/2023\/01\/vig_collectif_jesus_casero.jpg')\" href=\"https:\/\/www.adeo.com\/pt-pt\/o-coletivo-adeo\/\"><\/a>\r\n\t\t\t<\/div>\r\n\r\n\t\t\t\r\n\t\t\t<div class=\"swiper-pagination\"><\/div>\r\n\r\n\t\t\t\t\t\t\r\n\t\t\t<div class=\"swiper-button-prev swiperbtprev-0\">\r\n\t\t\t\t\t<style>\r\n\t\t.omb {box-shadow: 0px 0px 30px rgba(0, 0, 0, 0.9);}\r\n\t<\/style>\r\n\t<svg width=\"180\" height=\"180\" viewBox=\"0 0 180 180\" fill=\"none\" xmlns=\"http:\/\/www.w3.org\/2000\/svg\" class=\"picto-svg-next\">\r\n\t<circle cx=\"90\" cy=\"90\" r=\"60\" class=\"omb\" \/>\r\n\t\t<rect x=\"79.3223\" y=\"86.7868\" width=\"25\" height=\"5\" transform=\"rotate(45 79.3223 86.7868)\" fill=\"#F2F2ED\" \/>\r\n\t<rect width=\"25\" height=\"5\" transform=\"matrix(-0.707107 0.707107 0.707107 0.707107 93.3271 72.3215)\" fill=\"#F2F2ED\" \/>\r\n\t\t<\/svg>\r\n\t\t\t\t<\/div>\r\n\t\t\t<div class=\"swiper-button-next swiperbtnext-0\">\r\n\t\t\t\t\t<style>\r\n\t\t.omb {box-shadow: 0px 0px 30px rgba(0, 0, 0, 0.9);}\r\n\t<\/style>\r\n\t<svg width=\"180\" height=\"180\" viewBox=\"0 0 180 180\" fill=\"none\" xmlns=\"http:\/\/www.w3.org\/2000\/svg\" class=\"picto-svg-next\">\r\n\t<circle cx=\"90\" cy=\"90\" r=\"60\" class=\"omb\" \/>\r\n\t\t<rect x=\"100.678\" y=\"93.2133\" width=\"25\" height=\"5\" transform=\"rotate(-135 100.678 93.2133)\" fill=\"#F2F2ED\" \/>\r\n\t<rect width=\"25\" height=\"5\" transform=\"matrix(0.707107 -0.707107 -0.707107 -0.707107 86.6733 107.678)\" fill=\"#F2F2ED\" \/>\r\n\t\t<\/svg>\r\n\t\t\t\t<\/div>\r\n\t\t\t            \t\t<\/div>\r\n\t<\/div>\r\n<\/div>\r\n\r\n[\/vc_column_inner][\/vc_row_inner]\t<div class=\"adeo-section lame padded bg-none\">\r\n\t\t<!-- <div class=\"wrap-resp\"><a href=\"https:\/\/www.adeo.com\/pt-pt\/\" class=\"bc-item bc-item_first\" title=\"In\u00edcio\"><\/a><\/div> -->\r\n\t\t\r\n\t\t<div class=\"wrap-bc-and-share wrap-resp\">\r\n\t\t\t<div class=\"site-breadcrumb\">\r\n\t\t\t\t<a href=\"https:\/\/www.adeo.com\/pt-pt\/\" class=\"bc-item bc-item_first\" title=\"In\u00edcio\"><\/a>\t\t\t<\/div>\r\n\t\t\t\t\t\t<div class=\"share\">\r\n\t\t\t\t\t<div class=\"KVC_composant multi-share \" id=\"KVC_ku_2\">\r\n\t\t<div class=\"text_before\">\r\n\t\t\tPartilhar&nbsp;:\r\n\t\t<\/div>\r\n\t\t<div class=\"wrap-share\">\r\n\t\t\t\t\t\t<a href=\"https:\/\/www.linkedin.com\/shareArticle?mini=true&amp;url=https%3A%2F%2Fwww.adeo.com%2Fpt-pt%2Fto-live%2F&amp;title=&amp;summary=Para+um+lugar+que+se+parece+connosco+e+nos+re%C3%BAne%2C+onde+nos+sentimos+bem%2C+que+cuida+dos+seus+habitantes%2C+bem+como+dos+vizinhos+e+do+ambiente.\" class=\"share in\" target=\"_blank\" title=\"LinkedIn\">LinkedIn<\/a>\r\n\t\t\t\r\n\t\t\t\t\t\t<a href=\"https:\/\/www.facebook.com\/sharer.php?u=https%3A%2F%2Fwww.adeo.com%2Fpt-pt%2Fto-live%2F\" class=\"share fb\" target=\"_blank\" title=\"Facebook\">Facebook<\/a>\r\n\t\t\t\r\n\t\t\t\t\t\t<a href=\"https:\/\/twitter.com\/intent\/tweet?text=Para+um+lugar+que+se+parece+connosco+e+nos+re%C3%BAne%2C+onde+nos+sentimos+bem%2C+que+cuida+dos+seus+habitantes%2C+bem+como+dos+vizinhos+e+do+ambiente. https%3A%2F%2Fwww.adeo.com%2Fpt-pt%2Fto-live%2F\" class=\"share tw\" target=\"_blank\" title=\"Twitter \/ X\">Twitter&nbsp;\/&nbsp;X<\/a>\r\n\t\t\t\r\n\t\t\t\t\t\t<a href=\"mailto:?subject=ADEO.COM%20-%20To%20live&body=TO%20LIVE%0A%0APara%20um%20lugar%20que%20se%20parece%20connosco%20e%20nos%20re%C3%BAne%2C%20onde%20nos%20sentimos%20bem%2C%20que%20cuida%20dos%20seus%20habitantes%2C%20bem%20como%20dos%20vizinhos%20e%20do%20ambiente.%0A%0Ahttps%3A%2F%2Fwww.adeo.com%2Fpt-pt%2Fto-live%2F\" class=\"share ml\" title=\"Email\">email<\/a>\r\n\t\t\t\t\t\t\r\n\t\t<\/div>\r\n\t<\/div>\r\n\t\t\t\t<\/div>\r\n\t\t\t\t\t<\/div>\r\n\t<\/div>\r\n\r\n<div class=\"adeo-section fullwidth bg-none padded\">\r\n\t<div class=\"ksc-lame-contenu\">\r\n\t\t<div class=\"ksc-contenu-wrap wrap-resp\">\r\n\t\t\t<h1 class=\"title-big-blue title-with-underscore\">To live<\/h1>\r\n\t\t\t<div class=\"content-double\">\r\n\t\t\t\t<div class=\"content-col texte\">\r\n\t\t\t\t\t<div class=\"subtitle keb-titre-h4\">WE MAKE HOME A POSITIVE PLACE TO LIVE<\/div>\r\n\t\t\t\t\t<div class=\"content keb-titre-p\"><\/p>\n<h2><span class=\"keb-headings keb-titre-h2\">Um mundo onde \u00e9 bom viver<\/span><\/h2>\n<p>&nbsp;<\/p>\n<p>Queremos contribuir para o bem-estar dos habitantes, dos profissionais da habita\u00e7\u00e3o, das nossas equipas, dos fornecedores e dos parceiros. Oferecer todas as solu\u00e7\u00f5es poss\u00edveis para construir, renovar, transformar e decorar a pr\u00f3pria casa significa participar nos projetos de vida dos habitantes do mundo. E quer seja um adolescente, um estudante, um jovem casal, uma fam\u00edlia, um reformado, etc., sabemos como \u00e9 importante ter um \u201clar\u201d e o quanto isso contribui para o bem-estar di\u00e1rio.<\/p>\n<p>&nbsp;<\/p>\n<p>E como n\u00e3o podemos servir o bem-estar da popula\u00e7\u00e3o sem sermos n\u00f3s pr\u00f3prios empresas onde \u00e9 bom viver, trabalhamos todos os dias para assegurar que os nossos 115.000 l\u00edderes cres\u00e7am nos seus empregos e atinjam todo o seu potencial atrav\u00e9s de uma cultura \u00fanica.<\/p>\n<p>&nbsp;<\/p>\n<p>Juntos, com todos aqueles que partilham os nossos valores, os nossos colaboradores, os nossos parceiros e os nossos fornecedores, estamos a trabalhar para tornar o nosso ambiente e o nosso planeta um lugar melhor para viver, gra\u00e7as \u00e0s rela\u00e7\u00f5es humanas e \u00e0s a\u00e7\u00f5es que empreendemos.<\/p>\n<p>&nbsp;<\/p>\n<p>A <strong>nossa ambi\u00e7\u00e3o<\/strong> \u00e9 permitir que todos possam viver numa casa positiva.<\/p>\n<p>&nbsp;<\/p>\n<h3><span class=\"keb-headings keb-titre-h3\" style=\"color: #009eac\">WE MAKE HOME A POSITIVE PLACE TO LIVE<\/span><\/h3>\n<p><\/div>\r\n\t\t\t\t<\/div>\r\n\t\t\t\t<div class=\"content-col liste\">\r\n\t\t\t\t\t\t<div class=\"KVC_composant_listeAllPosts KVC_LISTE \" id=\"listeAllPosts-ku_4\">\r\n\t\t<div class=\"zone-title\">\r\n\t\t\t<span class=\"title-with-barre  keb-titre-h6\">Ir mais longe<\/span>\r\n\t\t<\/div>\r\n\t\t\t\t<div class=\"UI-POST-liste\">\r\n\t\t\t<a href=\"https:\/\/www.adeo.com\/pt-pt\/descobrir\/tornar-as-nossas-casas-lugares-positivos-para-viver\/\" class=\"UI-POST-liste--item show-vig\" >\r\n\t\t<span class=\"item-visu\" style=\"background-image:url('https:\/\/www.adeo.com\/wp-content\/uploads\/2022\/09\/dossier_cover_nos_engagements_2-300x300.jpg');\"><\/span>\r\n\t\t<span class=\"item-text\">\r\n\t\t\t<p class=\"title\">Tornar as nossas casas lugares positivos para viver<\/p>\r\n\t\t\t\t\t\t\t\t<\/span>\r\n\t\t\t\t<span class=\"item-picto\"><div class=\"animpicto moinsplus\">\r\n\t<div class=\"barre-h\"><\/div>\r\n\t<div class=\"barre-v\"><\/div>\r\n<\/div>\r\n<\/span>\r\n\t\t\t<\/a>\r\n\t\t<a href=\"https:\/\/www.adeo.com\/pt-pt\/descobrir\/oferecer-produtos-com-um-impacto-positivo\/\" class=\"UI-POST-liste--item show-vig\" >\r\n\t\t<span class=\"item-visu\" style=\"background-image:url('https:\/\/www.adeo.com\/wp-content\/uploads\/2022\/08\/dossier_cover_proposer_des_solutions_adaptees_a_tous_les_habitants_2-300x240.jpg');\"><\/span>\r\n\t\t<span class=\"item-text\">\r\n\t\t\t<p class=\"title\">Oferecer produtos com um impacto positivo<\/p>\r\n\t\t\t\t\t\t\t\t<\/span>\r\n\t\t\t\t<span class=\"item-picto\"><div class=\"animpicto moinsplus\">\r\n\t<div class=\"barre-h\"><\/div>\r\n\t<div class=\"barre-v\"><\/div>\r\n<\/div>\r\n<\/span>\r\n\t\t\t<\/a>\r\n\t\t<a href=\"https:\/\/www.adeo.com\/pt-pt\/descobrir\/para-impactos-humanos-e-ambientais-positivos\/\" class=\"UI-POST-liste--item show-vig\" >\r\n\t\t<span class=\"item-visu\" style=\"background-image:url('https:\/\/www.adeo.com\/wp-content\/uploads\/2022\/08\/dossier_cover-impacts_positifs-300x169.jpg');\"><\/span>\r\n\t\t<span class=\"item-text\">\r\n\t\t\t<p class=\"title\">Para impactos humanos e ambientais positivos<\/p>\r\n\t\t\t\t\t\t\t\t<\/span>\r\n\t\t\t\t<span class=\"item-picto\"><div class=\"animpicto moinsplus\">\r\n\t<div class=\"barre-h\"><\/div>\r\n\t<div class=\"barre-v\"><\/div>\r\n<\/div>\r\n<\/span>\r\n\t\t\t<\/a>\r\n\t\t\t<\/div>\r\n\t\t<div class=\"CTA\"><\/div>\r\n\t\t\t<\/div>\r\n\t\t\t\t\t<\/div>\r\n\t\t\t<\/div>\r\n\t\t\r\n\t\t<\/div>\r\n\t<\/div>\r\n<\/div>\r\n\t<div class=\"adeo-section fullwidth bg-light\">\r\n\t<div class=\"ksc-lame-pictos\">\t\r\n        <div class=\"wrap-pictos wrap-resp\">\r\n                                    <div class=\"picto\">\r\n                                                                <div class=\"visu\" style=\"background-image:url('https:\/\/www.adeo.com\/wp-content\/uploads\/2022\/08\/picto-data-ok.svg');\"><\/div>\r\n                                                                <p class=\"titre keb-titre-h2\">92 %<\/p>\r\n                                                                <p class=\"ss_titre keb-titre-h5\">dos fornecedores comerciantes com contrato com a central de compras da ADEO<\/p>\r\n                                                                <p class=\"texte\">assinaram o c\u00f3digo de conduta \u00e9tica para compras respons\u00e1veis<\/p>\r\n                                                    <\/div>\r\n                                    <div class=\"picto\">\r\n                                                                <div class=\"visu\" style=\"background-image:url('https:\/\/www.adeo.com\/wp-content\/uploads\/2022\/10\/picto-data-oeil.svg');\"><\/div>\r\n                                                                <p class=\"titre keb-titre-h2\">73 %<\/p>\r\n                                                                <p class=\"ss_titre keb-titre-h5\">dos inquiridos<\/p>\r\n                                                                <p class=\"texte\">dizem que est\u00e3o felizes nas suas casas, revela o relat\u00f3rio \u00abGoodHome\u00bb<\/p>\r\n                                                    <\/div>\r\n                                    <div class=\"picto\">\r\n                                                                <div class=\"visu\" style=\"background-image:url('https:\/\/www.adeo.com\/wp-content\/uploads\/2022\/10\/picto-data-loupe.svg');\"><\/div>\r\n                                                                <p class=\"titre keb-titre-h2\">18 %<\/p>\r\n                                                                <p class=\"ss_titre keb-titre-h5\">do rendimento familiar<\/p>\r\n                                                                <p class=\"texte\">\u00e9 dedicado \u00e0 habita\u00e7\u00e3o<\/p>\r\n                                                    <\/div>\r\n                    <\/div>\r\n\t<\/div>\r\n<\/div>\r\n<div class=\"adeo-section fullwidth\">\r\n\t<div class=\"ksc-lame-pushpage\" style=\"background-image:url('https:\/\/www.adeo.com\/wp-content\/uploads\/2022\/08\/dossier_cover-impacts_positifs.jpg');\">\t\t\r\n\t\t<div class=\"wrap-pushpage wrap-resp texte-blanc\">\r\n            <h2 class=\"title_push\"><span class=\"txt_surligne\">Os nossos impactos<\/span><\/h2>\r\n\t\t\t<p class=\"desc_push\">Todos os anos, a nossa declara\u00e7\u00e3o extra-financeira informa sobre a dimens\u00e3o dos nossos impactos humanos e ambientais.<br \/>\nA nossa estrat\u00e9gia assume agora uma nova dimens\u00e3o, colocando o impacto no centro das nossas preocupa\u00e7\u00f5es.<\/p>\r\n\t\t\t<a class=\"adeo-bt bt_push\"  href=\"https:\/\/www.adeo.com\/pt-pt\/descobrir\/para-impactos-humanos-e-ambientais-positivos\/\"   title=\"Para impactos humanos e ambientais positivos\"  >Indo mais longe<\/a>\r\n\t\t<\/div>\r\n\t<\/div>\r\n<\/div>\r\n[\/vc_column][\/vc_row]<\/p>\n<\/div>","protected":false},"excerpt":{"rendered":"<p>[vc_row][vc_column][vc_row_inner disable_element=&#8221;yes&#8221;][vc_column_inner][\/vc_column_inner][\/vc_row_inner][\/vc_column][\/vc_row]<\/p>\n","protected":false},"author":3,"featured_media":4419,"parent":0,"menu_order":0,"comment_status":"closed","ping_status":"closed","template":"template-page-interne.php","meta":{"_acf_changed":false,"inline_featured_image":false,"footnotes":""},"class_list":["post-4875","page","type-page","status-publish","has-post-thumbnail","hentry"],"acf":[],"_links":{"self":[{"href":"https:\/\/www.adeo.com\/pt-pt\/wp-json\/wp\/v2\/pages\/4875","targetHints":{"allow":["GET"]}}],"collection":[{"href":"https:\/\/www.adeo.com\/pt-pt\/wp-json\/wp\/v2\/pages"}],"about":[{"href":"https:\/\/www.adeo.com\/pt-pt\/wp-json\/wp\/v2\/types\/page"}],"author":[{"embeddable":true,"href":"https:\/\/www.adeo.com\/pt-pt\/wp-json\/wp\/v2\/users\/3"}],"replies":[{"embeddable":true,"href":"https:\/\/www.adeo.com\/pt-pt\/wp-json\/wp\/v2\/comments?post=4875"}],"version-history":[{"count":3,"href":"https:\/\/www.adeo.com\/pt-pt\/wp-json\/wp\/v2\/pages\/4875\/revisions"}],"predecessor-version":[{"id":18195,"href":"https:\/\/www.adeo.com\/pt-pt\/wp-json\/wp\/v2\/pages\/4875\/revisions\/18195"}],"wp:featuredmedia":[{"embeddable":true,"href":"https:\/\/www.adeo.com\/pt-pt\/wp-json\/wp\/v2\/media\/4419"}],"wp:attachment":[{"href":"https:\/\/www.adeo.com\/pt-pt\/wp-json\/wp\/v2\/media?parent=4875"}],"curies":[{"name":"wp","href":"https:\/\/api.w.org\/{rel}","templated":true}]}}