{"id":4852,"date":"2022-08-18T14:08:35","date_gmt":"2022-08-18T12:08:35","guid":{"rendered":"https:\/\/www.adeo.com\/make\/"},"modified":"2025-06-23T16:55:10","modified_gmt":"2025-06-23T14:55:10","slug":"make","status":"publish","type":"page","link":"https:\/\/www.adeo.com\/pt-pt\/make\/","title":{"rendered":"Make"},"content":{"rendered":"<div class=\"wpb-content-wrapper\"><p>[vc_row][vc_column]<div class=\"adeo-section fullwidth\">\r\n\t<div class=\"ksc-top\">\r\n\t\t<div class=\"continue-scroll\"><a class=\"bt-scroll\" onclick=\"TOOLS_smoothScrollTo('.site-breadcrumb',100);\"><\/a><\/div>\r\n\t\t<div class=\"zone-textroll\"><div class=\"textroll-content\"><\/div><\/div>\r\n\t\t<div class=\"ksc-top-zonecta\">\r\n\t\t\t<div class=\"wrapper-cta\">\r\n\t\t\t\t<ul id=\"menu-menu-principal-portugais-du-portugal\" class=\"navmain\"><li class='m-we menu-item menu-item-type-post_type menu-item-object-page'><a href=\"https:\/\/www.adeo.com\/pt-pt\/we\/\"   data-rollinfos=\"m-we,menu-item,menu-item-type-post_type,menu-item-object-page\" ><span class=\"text\">We<\/span><\/a><\/li>\n<li class='m-make menu-item menu-item-type-post_type menu-item-object-page'><a href=\"https:\/\/www.adeo.com\/pt-pt\/make\/\"   data-rollinfos=\"m-make,menu-item,menu-item-type-post_type,menu-item-object-page\" ><span class=\"text\">Make<\/span><\/a><\/li>\n<li class='m-home menu-item menu-item-type-post_type menu-item-object-page'><a href=\"https:\/\/www.adeo.com\/pt-pt\/home\/\"   data-rollinfos=\"m-home,menu-item,menu-item-type-post_type,menu-item-object-page\" ><span class=\"text\">Home<\/span><\/a><\/li>\n<li class='m-a-positive-place menu-item menu-item-type-post_type menu-item-object-page'><a href=\"https:\/\/www.adeo.com\/pt-pt\/a-positive-place\/\"   data-rollinfos=\"m-a-positive-place,menu-item,menu-item-type-post_type,menu-item-object-page\" ><span class=\"text\">A positive place<\/span><\/a><\/li>\n<li class='m-to-live menu-item menu-item-type-post_type menu-item-object-page'><a href=\"https:\/\/www.adeo.com\/pt-pt\/to-live\/\"   data-rollinfos=\"m-to-live,menu-item,menu-item-type-post_type,menu-item-object-page\" ><span class=\"text\">To live<\/span><\/a><\/li>\n<\/ul>\t\r\n\t\t\t<\/div>\r\n\t\t<\/div>\r\n\t\t<div class=\"ksc-top-bg\" style=\"background-image:url('https:\/\/www.adeo.com\/wp-content\/uploads\/2022\/09\/top_cover_to_live.jpg')\"><\/div>\r\n\t<\/div>\r\n<\/div>\r\n\t[vc_row_inner disable_element=&#8221;yes&#8221;][vc_column_inner]<div class=\"adeo-section fullwidth padded bg-none decaltop \"  style=\"margin-top:-320px;\" >\r\n\t<div id=\"_swiper0\" class=\"ksc-swiperjs-container  \" >\r\n\r\n\t\t<div class=\"ksc-swiperjs-content swiperjs_wrap_0 wrap-resp\">\r\n\t\t\t\r\n\t\t\t<div class=\"swiper-header\">\r\n\t\t\t\t\t\t\t\t\t\t\t<\/div>\r\n\r\n\t\t\t<div class=\"swiper-wrapper\">\r\n\t\t\t\t<div class=\"ksc-block-portrait first\">\r\n\t<p class=\"keb-titre-h3\">Encontre o coletivo para uma casa positiva<\/p>\r\n<\/div>\r\n<a class=\"ksc-block-portrait\" style=\"background-image:url('https:\/\/www.adeo.com\/wp-content\/uploads\/2022\/08\/vig_collectif_antoine_gassion.jpg')\" href=\"https:\/\/www.adeo.com\/pt-pt\/o-coletivo-adeo\/\"><\/a>\r\n<a class=\"ksc-block-portrait\" style=\"background-image:url('https:\/\/www.adeo.com\/wp-content\/uploads\/2023\/01\/vig_collectif_thadde_bigot.jpg')\" href=\"https:\/\/www.adeo.com\/pt-pt\/o-coletivo-adeo\/\"><\/a>\r\n<a class=\"ksc-block-portrait\" style=\"background-image:url('https:\/\/www.adeo.com\/wp-content\/uploads\/2023\/01\/vig_collectif_patrick_sabine_le_bohec.jpg')\" href=\"https:\/\/www.adeo.com\/pt-pt\/o-coletivo-adeo\/\"><\/a>\r\n<a class=\"ksc-block-portrait\" style=\"background-image:url('https:\/\/www.adeo.com\/wp-content\/uploads\/2023\/01\/vig_le_collectif_claire_sophie_coeudevez.jpg')\" href=\"https:\/\/www.adeo.com\/pt-pt\/o-coletivo-adeo\/\"><\/a>\r\n<a class=\"ksc-block-portrait\" style=\"background-image:url('https:\/\/www.adeo.com\/wp-content\/uploads\/2023\/01\/vig_collectif_aurelien_frappart.jpg')\" href=\"https:\/\/www.adeo.com\/pt-pt\/o-coletivo-adeo\/\"><\/a>\r\n<a class=\"ksc-block-portrait\" style=\"background-image:url('https:\/\/www.adeo.com\/wp-content\/uploads\/2023\/01\/vig_collectif_hind_malti.jpg')\" href=\"https:\/\/www.adeo.com\/pt-pt\/o-coletivo-adeo\/\"><\/a>\r\n<a class=\"ksc-block-portrait\" style=\"background-image:url('https:\/\/www.adeo.com\/wp-content\/uploads\/2023\/01\/vig_le_collectif_nikolai_chtcherbakov-1.jpg')\" href=\"https:\/\/www.adeo.com\/pt-pt\/o-coletivo-adeo\/\"><\/a>\r\n<a class=\"ksc-block-portrait\" style=\"background-image:url('https:\/\/www.adeo.com\/wp-content\/uploads\/2023\/01\/vig_collectif_thiago_ribeiro.jpg')\" href=\"https:\/\/www.adeo.com\/pt-pt\/o-coletivo-adeo\/\"><\/a>\r\n<a class=\"ksc-block-portrait\" style=\"background-image:url('https:\/\/www.adeo.com\/wp-content\/uploads\/2023\/01\/vig_collectif_nuno_torres.jpg')\" href=\"https:\/\/www.adeo.com\/pt-pt\/o-coletivo-adeo\/\"><\/a>\r\n<a class=\"ksc-block-portrait\" style=\"background-image:url('https:\/\/www.adeo.com\/wp-content\/uploads\/2023\/01\/vig_collectif_jesus_casero.jpg')\" href=\"https:\/\/www.adeo.com\/pt-pt\/o-coletivo-adeo\/\"><\/a>\r\n\t\t\t<\/div>\r\n\r\n\t\t\t\r\n\t\t\t<div class=\"swiper-pagination\"><\/div>\r\n\r\n\t\t\t\t\t\t\r\n\t\t\t<div class=\"swiper-button-prev swiperbtprev-0\">\r\n\t\t\t\t\t<style>\r\n\t\t.omb {box-shadow: 0px 0px 30px rgba(0, 0, 0, 0.9);}\r\n\t<\/style>\r\n\t<svg width=\"180\" height=\"180\" viewBox=\"0 0 180 180\" fill=\"none\" xmlns=\"http:\/\/www.w3.org\/2000\/svg\" class=\"picto-svg-next\">\r\n\t<circle cx=\"90\" cy=\"90\" r=\"60\" class=\"omb\" \/>\r\n\t\t<rect x=\"79.3223\" y=\"86.7868\" width=\"25\" height=\"5\" transform=\"rotate(45 79.3223 86.7868)\" fill=\"#F2F2ED\" \/>\r\n\t<rect width=\"25\" height=\"5\" transform=\"matrix(-0.707107 0.707107 0.707107 0.707107 93.3271 72.3215)\" fill=\"#F2F2ED\" \/>\r\n\t\t<\/svg>\r\n\t\t\t\t<\/div>\r\n\t\t\t<div class=\"swiper-button-next swiperbtnext-0\">\r\n\t\t\t\t\t<style>\r\n\t\t.omb {box-shadow: 0px 0px 30px rgba(0, 0, 0, 0.9);}\r\n\t<\/style>\r\n\t<svg width=\"180\" height=\"180\" viewBox=\"0 0 180 180\" fill=\"none\" xmlns=\"http:\/\/www.w3.org\/2000\/svg\" class=\"picto-svg-next\">\r\n\t<circle cx=\"90\" cy=\"90\" r=\"60\" class=\"omb\" \/>\r\n\t\t<rect x=\"100.678\" y=\"93.2133\" width=\"25\" height=\"5\" transform=\"rotate(-135 100.678 93.2133)\" fill=\"#F2F2ED\" \/>\r\n\t<rect width=\"25\" height=\"5\" transform=\"matrix(0.707107 -0.707107 -0.707107 -0.707107 86.6733 107.678)\" fill=\"#F2F2ED\" \/>\r\n\t\t<\/svg>\r\n\t\t\t\t<\/div>\r\n\t\t\t            \t\t<\/div>\r\n\t<\/div>\r\n<\/div>\r\n\r\n[\/vc_column_inner][\/vc_row_inner]\t<div class=\"adeo-section lame padded bg-none\">\r\n\t\t<!-- <div class=\"wrap-resp\"><a href=\"https:\/\/www.adeo.com\/pt-pt\/\" class=\"bc-item bc-item_first\" title=\"In\u00edcio\"><\/a><\/div> -->\r\n\t\t\r\n\t\t<div class=\"wrap-bc-and-share wrap-resp\">\r\n\t\t\t<div class=\"site-breadcrumb\">\r\n\t\t\t\t<a href=\"https:\/\/www.adeo.com\/pt-pt\/\" class=\"bc-item bc-item_first\" title=\"In\u00edcio\"><\/a>\t\t\t<\/div>\r\n\t\t\t\t\t\t<div class=\"share\">\r\n\t\t\t\t\t<div class=\"KVC_composant multi-share \" id=\"KVC_ku_2\">\r\n\t\t<div class=\"text_before\">\r\n\t\t\tPartilhar&nbsp;:\r\n\t\t<\/div>\r\n\t\t<div class=\"wrap-share\">\r\n\t\t\t\t\t\t<a href=\"https:\/\/www.linkedin.com\/shareArticle?mini=true&amp;url=https%3A%2F%2Fwww.adeo.com%2Fpt-pt%2Fmake%2F&amp;title=&amp;summary=Porque+a+nossa+atividade+est%C3%A1+centrada+no+%22fazer%22%2C+no+%22realizar+para+ficar+realizado%22%2C+no+%22concreto%22%2C+na+produ%C3%A7%C3%A3o%2C+na+a%C3%A7%C3%A3o+e+no+impacto.\" class=\"share in\" target=\"_blank\" title=\"LinkedIn\">LinkedIn<\/a>\r\n\t\t\t\r\n\t\t\t\t\t\t<a href=\"https:\/\/www.facebook.com\/sharer.php?u=https%3A%2F%2Fwww.adeo.com%2Fpt-pt%2Fmake%2F\" class=\"share fb\" target=\"_blank\" title=\"Facebook\">Facebook<\/a>\r\n\t\t\t\r\n\t\t\t\t\t\t<a href=\"https:\/\/twitter.com\/intent\/tweet?text=Porque+a+nossa+atividade+est%C3%A1+centrada+no+%22fazer%22%2C+no+%22realizar+para+ficar+realizado%22%2C+no+%22concreto%22%2C+na+produ%C3%A7%C3%A3o%2C+na+a%C3%A7%C3%A3o+e+no+impacto. https%3A%2F%2Fwww.adeo.com%2Fpt-pt%2Fmake%2F\" class=\"share tw\" target=\"_blank\" title=\"Twitter \/ X\">Twitter&nbsp;\/&nbsp;X<\/a>\r\n\t\t\t\r\n\t\t\t\t\t\t<a href=\"mailto:?subject=ADEO.COM%20-%20Make&body=MAKE%0A%0APorque%20a%20nossa%20atividade%20est%C3%A1%20centrada%20no%20%22fazer%22%2C%20no%20%22realizar%20para%20ficar%20realizado%22%2C%20no%20%22concreto%22%2C%20na%20produ%C3%A7%C3%A3o%2C%20na%20a%C3%A7%C3%A3o%20e%20no%20impacto.%0A%0Ahttps%3A%2F%2Fwww.adeo.com%2Fpt-pt%2Fmake%2F\" class=\"share ml\" title=\"Email\">email<\/a>\r\n\t\t\t\t\t\t\r\n\t\t<\/div>\r\n\t<\/div>\r\n\t\t\t\t<\/div>\r\n\t\t\t\t\t<\/div>\r\n\t<\/div>\r\n\r\n<div class=\"adeo-section fullwidth bg-none padded\">\r\n\t<div class=\"ksc-lame-contenu\">\r\n\t\t<div class=\"ksc-contenu-wrap wrap-resp\">\r\n\t\t\t<h1 class=\"title-big-blue title-with-underscore\">Make<\/h1>\r\n\t\t\t<div class=\"content-double\">\r\n\t\t\t\t<div class=\"content-col texte\">\r\n\t\t\t\t\t<div class=\"subtitle keb-titre-h4\"><\/div>\r\n\t\t\t\t\t<div class=\"content keb-titre-p\"><\/p>\n<h2><span class=\"keb-headings keb-titre-h2\">Saber-fazer ao servi\u00e7o da casa<\/span><\/h2>\n<p>&nbsp;<\/p>\n<p>Particulares e profissionais v\u00eam at\u00e9 n\u00f3s para concretizarem os seus projetos. Nas nossas lojas, nos nossos sites de com\u00e9rcio eletr\u00f3nico e nos nossos marketplaces, encontram todas as solu\u00e7\u00f5es para construir, renovar, reparar, equipar, limpar, isolar, aquecer, iluminar, tornar seguro\u2026 mas tamb\u00e9m para se divertirem a decorar ou jardinar. As nossas marcas s\u00e3o complementares e oferecem uma vasta gama de solu\u00e7\u00f5es para fazer das suas casas um lugar melhor para viver.<\/p>\n<p>&nbsp;<\/p>\n<p>Todos eles podem contar com os conhecimentos dos nossos 115.000 l\u00edderes para os aconselhar diariamente, para os apoiar nos seus projetos, para lhes proporcionar a melhor experi\u00eancia poss\u00edvel com produtos adaptados \u00e0s suas necessidades e servi\u00e7os que satisfa\u00e7am as suas expetativas. Os nossos colaboradores t\u00eam forma\u00e7\u00e3o para serem verdadeiros especialistas nas suas \u00e1reas de atividade e os artes\u00e3os parceiros com quem trabalhamos s\u00e3o qualificados para garantir servi\u00e7os de qualidade.<\/p>\n<p>&nbsp;<\/p>\n<p>A nossa atividade est\u00e1 centrada no &#8220;fazer&#8221;, por isso agimos, empreendemos e envolvemos todos os nossos intervenientes para criarem impactos humanos, econ\u00f3micos e ambientais positivos.<\/div>\r\n\t\t\t\t<\/div>\r\n\t\t\t\t<div class=\"content-col liste\">\r\n\t\t\t\t\t\t<div class=\"KVC_composant_listeAllPosts KVC_LISTE \" id=\"listeAllPosts-ku_4\">\r\n\t\t<div class=\"zone-title\">\r\n\t\t\t<span class=\"title-with-barre  keb-titre-h6\">Ir mais longe<\/span>\r\n\t\t<\/div>\r\n\t\t\t\t<div class=\"UI-POST-liste\">\r\n\t\t\t<a href=\"https:\/\/www.adeo.com\/pt-pt\/descobrir\/tornar-as-nossas-casas-lugares-positivos-para-viver\/\" class=\"UI-POST-liste--item show-vig\" >\r\n\t\t<span class=\"item-visu\" style=\"background-image:url('https:\/\/www.adeo.com\/wp-content\/uploads\/2022\/09\/dossier_cover_nos_engagements_2-300x300.jpg');\"><\/span>\r\n\t\t<span class=\"item-text\">\r\n\t\t\t<p class=\"title\">Tornar as nossas casas lugares positivos para viver<\/p>\r\n\t\t\t\t\t\t\t\t<\/span>\r\n\t\t\t\t<span class=\"item-picto\"><div class=\"animpicto moinsplus\">\r\n\t<div class=\"barre-h\"><\/div>\r\n\t<div class=\"barre-v\"><\/div>\r\n<\/div>\r\n<\/span>\r\n\t\t\t<\/a>\r\n\t\t<a href=\"https:\/\/www.adeo.com\/pt-pt\/descobrir\/oferecer-produtos-com-um-impacto-positivo\/\" class=\"UI-POST-liste--item show-vig\" >\r\n\t\t<span class=\"item-visu\" style=\"background-image:url('https:\/\/www.adeo.com\/wp-content\/uploads\/2022\/08\/dossier_cover_proposer_des_solutions_adaptees_a_tous_les_habitants_2-300x240.jpg');\"><\/span>\r\n\t\t<span class=\"item-text\">\r\n\t\t\t<p class=\"title\">Oferecer produtos com um impacto positivo<\/p>\r\n\t\t\t\t\t\t\t\t<\/span>\r\n\t\t\t\t<span class=\"item-picto\"><div class=\"animpicto moinsplus\">\r\n\t<div class=\"barre-h\"><\/div>\r\n\t<div class=\"barre-v\"><\/div>\r\n<\/div>\r\n<\/span>\r\n\t\t\t<\/a>\r\n\t\t<a href=\"https:\/\/www.adeo.com\/pt-pt\/descobrir\/a-plataforma-adeo-um-modelo-unico\/\" class=\"UI-POST-liste--item show-vig\" >\r\n\t\t<span class=\"item-visu\" style=\"background-image:url('https:\/\/www.adeo.com\/wp-content\/uploads\/2022\/09\/dossier_cover_notre_modele_d_affaires-300x169.jpg');\"><\/span>\r\n\t\t<span class=\"item-text\">\r\n\t\t\t<p class=\"title\">A plataforma ADEO, um modelo \u00fanico<\/p>\r\n\t\t\t\t\t\t\t\t<\/span>\r\n\t\t\t\t<span class=\"item-picto\"><div class=\"animpicto moinsplus\">\r\n\t<div class=\"barre-h\"><\/div>\r\n\t<div class=\"barre-v\"><\/div>\r\n<\/div>\r\n<\/span>\r\n\t\t\t<\/a>\r\n\t\t\t<\/div>\r\n\t\t<div class=\"CTA\"><\/div>\r\n\t\t\t<\/div>\r\n\t\t\t\t\t<\/div>\r\n\t\t\t<\/div>\r\n\t\t\r\n\t\t<\/div>\r\n\t<\/div>\r\n<\/div>\r\n\t<div class=\"adeo-section fullwidth bg-light\">\r\n\t<div class=\"ksc-lame-pictos\">\t\r\n        <div class=\"wrap-pictos wrap-resp\">\r\n                                    <div class=\"picto\">\r\n                                                                <div class=\"visu\" style=\"background-image:url('https:\/\/www.adeo.com\/wp-content\/uploads\/2022\/08\/picto-data-ok.svg');\"><\/div>\r\n                                                                <p class=\"titre keb-titre-h2\">+ 56%<\/p>\r\n                                                                <p class=\"ss_titre keb-titre-h5\">horas de forma\u00e7\u00e3o<\/p>\r\n                                                                <p class=\"texte\">entre 2021 e 2022<\/p>\r\n                                                    <\/div>\r\n                                    <div class=\"picto\">\r\n                                                                <div class=\"visu\" style=\"background-image:url('https:\/\/www.adeo.com\/wp-content\/uploads\/2022\/10\/picto-data-oeil.svg');\"><\/div>\r\n                                                                <p class=\"titre keb-titre-h2\">114 000<\/p>\r\n                                                                <p class=\"ss_titre keb-titre-h5\">colaboradores<\/p>\r\n                                                                <p class=\"texte\">foram sensibilizados para a estrat\u00e9gia \u00abWe Make It Positive\u00bb.<\/p>\r\n                                                    <\/div>\r\n                                    <div class=\"picto\">\r\n                                                                <div class=\"visu\" style=\"background-image:url('https:\/\/www.adeo.com\/wp-content\/uploads\/2022\/10\/picto-data-loupe.svg');\"><\/div>\r\n                                                                <p class=\"titre keb-titre-h2\">514 milh\u00f5es<\/p>\r\n                                                                <p class=\"ss_titre keb-titre-h5\">de clientes<\/p>\r\n                                                                <p class=\"texte\">atendidos em todo o mundo<\/p>\r\n                                                    <\/div>\r\n                    <\/div>\r\n\t<\/div>\r\n<\/div>\r\n<div class=\"adeo-section fullwidth\">\r\n\t<div class=\"ksc-lame-pushpage\" style=\"background-image:url('https:\/\/www.adeo.com\/wp-content\/uploads\/2022\/09\/dossier_cover_notre_manifeste.jpg');\">\t\t\r\n\t\t<div class=\"wrap-pushpage wrap-resp texte-blanc\">\r\n            <h2 class=\"title_push\"><span class=\"txt_surligne\">O nosso manifesto<\/span><\/h2>\r\n\t\t\t<p class=\"desc_push\"><span data-sheets-value=\"{&quot;1&quot;:2,&quot;2&quot;:&quot;A nossa raz\u00e3o de ser, \\&quot;We make home a positive place to live\\&quot; est\u00e1 consubstanciada numa estrat\u00e9gia \u00fanica: construir uma plataforma mundial para uma casa positiva.\\n\u00c9 atrav\u00e9s deste forte compromisso, que mobiliza todas as nossas empresas e os nossos 150.000 l\u00edderes, que podemos responder da forma mais abrangente \u00e0s necessidades dos habitantes, onde quer que estejamos.&quot;}\" data-sheets-userformat=\"{&quot;2&quot;:6529,&quot;3&quot;:{&quot;1&quot;:0,&quot;3&quot;:1},&quot;10&quot;:0,&quot;11&quot;:4,&quot;14&quot;:{&quot;1&quot;:2,&quot;2&quot;:0},&quot;15&quot;:&quot;Arial&quot;}\" data-sheets-textstyleruns=\"{&quot;1&quot;:0}\uee10{&quot;1&quot;:22,&quot;2&quot;:{&quot;2&quot;:{&quot;1&quot;:2,&quot;2&quot;:16711680},&quot;3&quot;:&quot;Arial&quot;,&quot;4&quot;:10}}\uee10{&quot;1&quot;:23,&quot;2&quot;:{&quot;2&quot;:{&quot;1&quot;:3,&quot;3&quot;:1},&quot;3&quot;:&quot;Arial&quot;,&quot;4&quot;:10}}\uee10{&quot;1&quot;:60,&quot;2&quot;:{&quot;2&quot;:{&quot;1&quot;:2,&quot;2&quot;:16711680},&quot;3&quot;:&quot;Arial&quot;,&quot;4&quot;:10}}\uee10{&quot;1&quot;:61,&quot;2&quot;:{&quot;2&quot;:{&quot;1&quot;:3,&quot;3&quot;:1},&quot;3&quot;:&quot;Arial&quot;,&quot;4&quot;:10}}\uee10{&quot;1&quot;:131,&quot;2&quot;:{&quot;2&quot;:{&quot;1&quot;:2,&quot;2&quot;:16711680},&quot;3&quot;:&quot;Arial&quot;,&quot;4&quot;:10}}\uee10{&quot;1&quot;:139,&quot;2&quot;:{&quot;2&quot;:{&quot;1&quot;:3,&quot;3&quot;:1},&quot;3&quot;:&quot;Arial&quot;,&quot;4&quot;:10}}\uee10{&quot;1&quot;:148,&quot;2&quot;:{&quot;2&quot;:{&quot;1&quot;:2,&quot;2&quot;:16711680},&quot;3&quot;:&quot;Arial&quot;,&quot;4&quot;:10}}\uee10{&quot;1&quot;:153,&quot;2&quot;:{&quot;2&quot;:{&quot;1&quot;:3,&quot;3&quot;:1},&quot;3&quot;:&quot;Arial&quot;,&quot;4&quot;:10}}\">A nossa raz\u00e3o de ser, &#8220;We make home a positive place to live&#8221; est\u00e1 consubstanciada numa estrat\u00e9gia \u00fanica: construir uma plataforma mundial para uma casa positiva.<br \/>\n\u00c9 atrav\u00e9s deste forte compromisso, que mobiliza todas as nossas empresas e os nossos 115.000 l\u00edderes, que podemos responder da forma mais abrangente \u00e0s necessidades dos habitantes, onde quer que estejamos.<\/span><\/p>\r\n\t\t\t<a class=\"adeo-bt bt_push\"  href=\"https:\/\/www.adeo.com\/pt-pt\/descobrir\/tornar-as-nossas-solucoes-para-uma-vida-positiva-acessivel\/\"   title=\"Tornar as nossas solu\u00e7\u00f5es para uma vida positiva acess\u00edvel\"  >Indo mais longe<\/a>\r\n\t\t<\/div>\r\n\t<\/div>\r\n<\/div>\r\n[\/vc_column][\/vc_row]<\/p>\n<\/div>","protected":false},"excerpt":{"rendered":"<p>[vc_row][vc_column][vc_row_inner disable_element=&#8221;yes&#8221;][vc_column_inner][\/vc_column_inner][\/vc_row_inner][\/vc_column][\/vc_row]<\/p>\n","protected":false},"author":3,"featured_media":4354,"parent":0,"menu_order":0,"comment_status":"closed","ping_status":"closed","template":"template-page-interne.php","meta":{"_acf_changed":false,"inline_featured_image":false,"footnotes":""},"class_list":["post-4852","page","type-page","status-publish","has-post-thumbnail","hentry"],"acf":[],"_links":{"self":[{"href":"https:\/\/www.adeo.com\/pt-pt\/wp-json\/wp\/v2\/pages\/4852","targetHints":{"allow":["GET"]}}],"collection":[{"href":"https:\/\/www.adeo.com\/pt-pt\/wp-json\/wp\/v2\/pages"}],"about":[{"href":"https:\/\/www.adeo.com\/pt-pt\/wp-json\/wp\/v2\/types\/page"}],"author":[{"embeddable":true,"href":"https:\/\/www.adeo.com\/pt-pt\/wp-json\/wp\/v2\/users\/3"}],"replies":[{"embeddable":true,"href":"https:\/\/www.adeo.com\/pt-pt\/wp-json\/wp\/v2\/comments?post=4852"}],"version-history":[{"count":3,"href":"https:\/\/www.adeo.com\/pt-pt\/wp-json\/wp\/v2\/pages\/4852\/revisions"}],"predecessor-version":[{"id":18215,"href":"https:\/\/www.adeo.com\/pt-pt\/wp-json\/wp\/v2\/pages\/4852\/revisions\/18215"}],"wp:featuredmedia":[{"embeddable":true,"href":"https:\/\/www.adeo.com\/pt-pt\/wp-json\/wp\/v2\/media\/4354"}],"wp:attachment":[{"href":"https:\/\/www.adeo.com\/pt-pt\/wp-json\/wp\/v2\/media?parent=4852"}],"curies":[{"name":"wp","href":"https:\/\/api.w.org\/{rel}","templated":true}]}}