{"id":4834,"date":"2022-08-19T14:23:36","date_gmt":"2022-08-19T12:23:36","guid":{"rendered":"https:\/\/www.adeo.com\/adeo-no-mundo\/"},"modified":"2026-01-05T17:26:57","modified_gmt":"2026-01-05T16:26:57","slug":"adeo-no-mundo","status":"publish","type":"page","link":"https:\/\/www.adeo.com\/pt-pt\/adeo-no-mundo\/","title":{"rendered":"ADEO no mundo"},"content":{"rendered":"<div class=\"wpb-content-wrapper\"><p>[vc_row][vc_column]<div class=\"adeo-section fullwidth bg-darkblue\">\r\n\t<div class=\"ksc-top-2col\">\t\t\r\n\t\t<div class=\"col-img\" style=\"background-image:url('https:\/\/www.adeo.com\/wp-content\/uploads\/2025\/04\/collaborateur-obramat-espagne-client-ADEO-dans-le-monde.jpg');\"><\/div>\r\n\t\t<div class=\"col-txt\">\r\n            <h1 class=\"keb-titre-h1\">ADEO<br \/>\nno mundo<\/h1>\r\n            <p class=\"keb-titre-h4\">Para os nossos 360 milh\u00f5es de clientes, propomos solu\u00e7\u00f5es concebidas com e para os habitantes em 11 pa\u00edses.<br \/>\nSolu\u00e7\u00f5es mais respeitadoras, mais econ\u00f3micas, mais positivas. A nossa responsabilidade de empresa mundial ultrapassa a nossa voca\u00e7\u00e3o de simples distribuidor.<br \/><br \/>\nTemos um papel a desempenhar no futuro do mundo.<\/p>\r\n        <\/div>\r\n\t<\/div>\r\n<\/div>\r\n\t<div class=\"adeo-section lame padded bg-none\">\r\n\t\t<!-- <div class=\"wrap-resp\"><a href=\"https:\/\/www.adeo.com\/pt-pt\/\" class=\"bc-item bc-item_first\" title=\"In\u00edcio\"><\/a><\/div> -->\r\n\t\t\r\n\t\t<div class=\"wrap-bc-and-share wrap-resp\">\r\n\t\t\t<div class=\"site-breadcrumb\">\r\n\t\t\t\t<a href=\"https:\/\/www.adeo.com\/pt-pt\/\" class=\"bc-item bc-item_first\" title=\"In\u00edcio\"><\/a>\t\t\t<\/div>\r\n\t\t\t\t\t\t<div class=\"share\">\r\n\t\t\t\t\t<div class=\"KVC_composant multi-share \" id=\"KVC_ku_1\">\r\n\t\t<div class=\"text_before\">\r\n\t\t\tPartilhar&nbsp;:\r\n\t\t<\/div>\r\n\t\t<div class=\"wrap-share\">\r\n\t\t\t\t\t\t<a href=\"https:\/\/www.linkedin.com\/shareArticle?mini=true&amp;url=https%3A%2F%2Fwww.adeo.com%2Fpt-pt%2Fadeo-no-mundo%2F&amp;title=&amp;summary=Para+os+nossos+mais+de+360+milh%C3%B5es+de+clientes%2C+oferecemos+solu%C3%A7%C3%B5es+concebidas+com+e+para+os+habitantes+em+11+pa%C3%ADses+e+atrav%C3%A9s+de+6+ins%C3%ADgnias.\" class=\"share in\" target=\"_blank\" title=\"LinkedIn\">LinkedIn<\/a>\r\n\t\t\t\r\n\t\t\t\t\t\t<a href=\"https:\/\/www.facebook.com\/sharer.php?u=https%3A%2F%2Fwww.adeo.com%2Fpt-pt%2Fadeo-no-mundo%2F\" class=\"share fb\" target=\"_blank\" title=\"Facebook\">Facebook<\/a>\r\n\t\t\t\r\n\t\t\t\t\t\t<a href=\"https:\/\/twitter.com\/intent\/tweet?text=Para+os+nossos+mais+de+360+milh%C3%B5es+de+clientes%2C+oferecemos+solu%C3%A7%C3%B5es+concebidas+com+e+para+os+habitantes+em+11+pa%C3%ADses+e+atrav%C3%A9s+de+6+ins%C3%ADgnias. https%3A%2F%2Fwww.adeo.com%2Fpt-pt%2Fadeo-no-mundo%2F\" class=\"share tw\" target=\"_blank\" title=\"Twitter \/ X\">Twitter&nbsp;\/&nbsp;X<\/a>\r\n\t\t\t\r\n\t\t\t\t\t\t<a href=\"mailto:?subject=ADEO.COM%20-%20ADEO%20no%20mundo&body=ADEO%20NO%20MUNDO%0A%0APara%20os%20nossos%20mais%20de%20360%20milh%C3%B5es%20de%20clientes%2C%20oferecemos%20solu%C3%A7%C3%B5es%20concebidas%20com%20e%20para%20os%20habitantes%20em%2011%20pa%C3%ADses%20e%20atrav%C3%A9s%20de%206%20ins%C3%ADgnias.%0A%0Ahttps%3A%2F%2Fwww.adeo.com%2Fpt-pt%2Fadeo-no-mundo%2F\" class=\"share ml\" title=\"Email\">email<\/a>\r\n\t\t\t\t\t\t\r\n\t\t<\/div>\r\n\t<\/div>\r\n\t\t\t\t<\/div>\r\n\t\t\t\t\t<\/div>\r\n\t<\/div>\r\n\r\n<div class=\"adeo-section fullwidth bg-none padded\">\r\n\t<div class=\"ksc-lame-implantations\">\r\n\t\t<div class=\"ksc-implantations-wrap wrap-resp\">\r\n\t\t\t<div class=\"country-menu\"><div class=\"country-menu-item\" onclick=\"GBRSEL.selcountry(this);\" data-country=\"afrique_sud\">\u00c1frica do Sul<\/div><div class=\"country-menu-item\" onclick=\"GBRSEL.selcountry(this);\" data-country=\"bresil\">Brasil<\/div><div class=\"country-menu-item\" onclick=\"GBRSEL.selcountry(this);\" data-country=\"chine\">China<\/div><div class=\"country-menu-item\" onclick=\"GBRSEL.selcountry(this);\" data-country=\"chypre\">Chipre<\/div><div class=\"country-menu-item\" onclick=\"GBRSEL.selcountry(this);\" data-country=\"espagne\">Espanha<\/div><div class=\"country-menu-item\" onclick=\"GBRSEL.selcountry(this);\" data-country=\"france\">Fran\u00e7a<\/div><div class=\"country-menu-item\" onclick=\"GBRSEL.selcountry(this);\" data-country=\"grece\">Gr\u00e9cia<\/div><div class=\"country-menu-item\" onclick=\"GBRSEL.selcountry(this);\" data-country=\"italie\">It\u00e1lia<\/div><div class=\"country-menu-item\" onclick=\"GBRSEL.selcountry(this);\" data-country=\"portugal\">Portugal<\/div><div class=\"country-menu-item\" onclick=\"GBRSEL.selcountry(this);\" data-country=\"pologne\">Pol\u00f3nia<\/div><div class=\"country-menu-item\" onclick=\"GBRSEL.selcountry(this);\" data-country=\"roumanie\">Rom\u00e9nia<\/div><div class=\"country-menu-item\" onclick=\"GBRSEL.selcountry(this);\" data-country=\"ukraine\">Ucr\u00e2nia<\/div><div class=\"country-menu-item\" onclick=\"GBRSEL.selcountry(this);\" data-country=\"vietnam\">Vietname<\/div><\/div>\r\n\t\t\t<div class=\"implantations-grid\"><\/div>\r\n\t\t<\/div>\r\n\t<\/div>\r\n<\/div>\r\n\t<div class=\"adeo-section fullwidth\">\r\n\t<div class=\"ksc-lame-pushpage\" style=\"background-image:url('https:\/\/www.adeo.com\/wp-content\/uploads\/2022\/09\/bloc_push_decouvrez_nos_marques.jpg');\">\t\t\r\n\t\t<div class=\"wrap-pushpage wrap-resp texte-blanc\">\r\n            <h2 class=\"title_push\"><span class=\"txt_surligne\">Descubra as nossas marcas<\/span><\/h2>\r\n\t\t\t<p class=\"desc_push\">Ao combinar a nossa rede mundial de mais de 1000 lojas com um site de com\u00e9rcio eletr\u00f3nico, oferecemos a cada habitante a possibilidade de realizar os seus projetos de habita\u00e7\u00e3o quando quiser, onde quiser, como quiser.<\/p>\r\n\t\t\t<a class=\"adeo-bt bt_push\"  href=\"https:\/\/www.adeo.com\/pt-pt\/#brands\"   title=\"We make home a positive place to live\"  >Saiba mais<\/a>\r\n\t\t<\/div>\r\n\t<\/div>\r\n<\/div>\r\n[\/vc_column][\/vc_row]<\/p>\n<\/div>","protected":false},"excerpt":{"rendered":"<p>[vc_row][vc_column][\/vc_column][\/vc_row]<\/p>\n","protected":false},"author":3,"featured_media":0,"parent":0,"menu_order":0,"comment_status":"closed","ping_status":"closed","template":"template-page-interne.php","meta":{"_acf_changed":false,"inline_featured_image":false,"footnotes":""},"class_list":["post-4834","page","type-page","status-publish","hentry"],"acf":[],"_links":{"self":[{"href":"https:\/\/www.adeo.com\/pt-pt\/wp-json\/wp\/v2\/pages\/4834","targetHints":{"allow":["GET"]}}],"collection":[{"href":"https:\/\/www.adeo.com\/pt-pt\/wp-json\/wp\/v2\/pages"}],"about":[{"href":"https:\/\/www.adeo.com\/pt-pt\/wp-json\/wp\/v2\/types\/page"}],"author":[{"embeddable":true,"href":"https:\/\/www.adeo.com\/pt-pt\/wp-json\/wp\/v2\/users\/3"}],"replies":[{"embeddable":true,"href":"https:\/\/www.adeo.com\/pt-pt\/wp-json\/wp\/v2\/comments?post=4834"}],"version-history":[{"count":6,"href":"https:\/\/www.adeo.com\/pt-pt\/wp-json\/wp\/v2\/pages\/4834\/revisions"}],"predecessor-version":[{"id":18711,"href":"https:\/\/www.adeo.com\/pt-pt\/wp-json\/wp\/v2\/pages\/4834\/revisions\/18711"}],"wp:attachment":[{"href":"https:\/\/www.adeo.com\/pt-pt\/wp-json\/wp\/v2\/media?parent=4834"}],"curies":[{"name":"wp","href":"https:\/\/api.w.org\/{rel}","templated":true}]}}