{"id":13857,"date":"2023-06-29T07:32:39","date_gmt":"2023-06-29T05:32:39","guid":{"rendered":"https:\/\/www.adeo.com\/?page_id=13857"},"modified":"2024-09-18T08:46:48","modified_gmt":"2024-09-18T06:46:48","slug":"compromissos-eticos","status":"publish","type":"page","link":"https:\/\/www.adeo.com\/pt-pt\/compromissos-eticos\/","title":{"rendered":"Compromissos \u00e9ticos"},"content":{"rendered":"<div class=\"wpb-content-wrapper\"><p>[vc_row][vc_column]<div class=\"adeo-section fullwidth bg-darkblue\">\r\n\t<div class=\"ksc-top-2col\">\t\t\r\n\t\t<div class=\"col-img\" style=\"background-image:url('https:\/\/www.adeo.com\/wp-content\/uploads\/2023\/06\/cover_nos_engagements_ethiques.jpg');\"><\/div>\r\n\t\t<div class=\"col-txt\">\r\n            <h1 class=\"keb-titre-h1\">Os nossos compromissos \u00e9ticos<\/h1>\r\n            <p class=\"keb-titre-h4\">Descubram os princ\u00edpios \u00e9ticos que visam melhorar as rela\u00e7\u00f5es e os comportamentos entre os colaboradores das empresas da ADEO e o nosso ecossistema.<\/p>\r\n        <\/div>\r\n\t<\/div>\r\n<\/div>\r\n\t<div class=\"adeo-section lame padded bg-none\">\r\n\t\t<!-- <div class=\"wrap-resp\"><a href=\"https:\/\/www.adeo.com\/pt-pt\/\" class=\"bc-item bc-item_first\" title=\"In\u00edcio\"><\/a><\/div> -->\r\n\t\t\r\n\t\t<div class=\"wrap-bc-and-share wrap-resp\">\r\n\t\t\t<div class=\"site-breadcrumb\">\r\n\t\t\t\t<a href=\"https:\/\/www.adeo.com\/pt-pt\/\" class=\"bc-item bc-item_first\" title=\"In\u00edcio\"><\/a>\t\t\t<\/div>\r\n\t\t\t\t\t\t<div class=\"share\">\r\n\t\t\t\t\t<div class=\"KVC_composant multi-share \" id=\"KVC_ku_1\">\r\n\t\t<div class=\"text_before\">\r\n\t\t\tPartilhar&nbsp;:\r\n\t\t<\/div>\r\n\t\t<div class=\"wrap-share\">\r\n\t\t\t\t\t\t<a href=\"https:\/\/www.linkedin.com\/shareArticle?mini=true&amp;url=https%3A%2F%2Fwww.adeo.com%2Fpt-pt%2Fcompromissos-eticos%2F&amp;title=&amp;summary=\" class=\"share in\" target=\"_blank\" title=\"LinkedIn\">LinkedIn<\/a>\r\n\t\t\t\r\n\t\t\t\t\t\t<a href=\"https:\/\/www.facebook.com\/sharer.php?u=https%3A%2F%2Fwww.adeo.com%2Fpt-pt%2Fcompromissos-eticos%2F\" class=\"share fb\" target=\"_blank\" title=\"Facebook\">Facebook<\/a>\r\n\t\t\t\r\n\t\t\t\t\t\t<a href=\"https:\/\/twitter.com\/intent\/tweet?text= https%3A%2F%2Fwww.adeo.com%2Fpt-pt%2Fcompromissos-eticos%2F\" class=\"share tw\" target=\"_blank\" title=\"Twitter \/ X\">Twitter&nbsp;\/&nbsp;X<\/a>\r\n\t\t\t\r\n\t\t\t\t\t\t<a href=\"mailto:?subject=ADEO.COM%20-%20Compromissos%20%C3%A9ticos&body=COMPROMISSOS%20%C3%89TICOS%0A%0A%0A%0Ahttps%3A%2F%2Fwww.adeo.com%2Fpt-pt%2Fcompromissos-eticos%2F\" class=\"share ml\" title=\"Email\">email<\/a>\r\n\t\t\t\t\t\t\r\n\t\t<\/div>\r\n\t<\/div>\r\n\t\t\t\t<\/div>\r\n\t\t\t\t\t<\/div>\r\n\t<\/div>\r\n\r\n[\/vc_column][\/vc_row][vc_row el_class=&#8221;wrap-resp&#8221;][vc_column][vc_column_text css=&#8221;.vc_custom_1726641090861{margin-bottom: 50px !important;}&#8221;]<\/p>\n<h2><span class=\"keb-headings keb-titre-h2\">Todos compremetidos com uma iniciativa \u00e9tica<\/span><\/h2>\n<p>[\/vc_column_text][vc_column_text]Cada uma das empresas ADEO possui valores fortes que se devem a todos os colaboradores e vividos no dia a dia.<\/p>\n<p>&nbsp;<\/p>\n<p>Os nossos valores definem os nossos comportamentos nas nossas empresas, mas tamb\u00e9m no nosso ecossistema de clientes, fornecedores, prestadores de servi\u00e7os, administra\u00e7\u00f5es, etc. \u00c9 com regras claras e o comportamento de cada um de n\u00f3s que podemos anim\u00e1-los e afirm\u00e1-los.<\/p>\n<p>&nbsp;<\/p>\n<p>De modo a comprometer-se a comunicar sobre os seus compromissos, a ADEO implementou os seguintes c\u00f3digos de conduta:[\/vc_column_text][\/vc_column][\/vc_row][vc_row css=&#8221;.vc_custom_1685967401295{margin-top: 40px !important;margin-bottom: 40px !important;}&#8221; el_class=&#8221;wrap-resp&#8221;][vc_column]\t<div class=\"ksc-lame-pushblock\">\r\n\t\t<div class=\"wrap-pushblock texte-blanc\">\r\n\t\t\t<h3 class=\"title_push keb-headings keb-titre-h4\"><span class=\"color-surligne bleu\">&nbsp;C\u00f3digo de conduta \u00e9tica&nbsp;<\/span><\/h3>\r\n\t\t\t<div class=\"desc_push\">Destina-se aos colaboradores ADEO.<\/div>\r\n\t\t\t<div class=\"cta_push\"><a href=\"https:\/\/www.adeo.com\/wp-content\/uploads\/2024\/08\/EN_Adeo-S-Code-of-Conduct_2024.pdf\" title=\"Ler o c\u00f3digo\" class=\"adeo-bt bt_push\"  target=\"_blank\" rel=\"noopener noreferrer\" >Ler o c\u00f3digo<\/a><\/div>\r\n\t\t<\/div>\r\n\t\t\t\t<a href=\"https:\/\/www.adeo.com\/wp-content\/uploads\/2024\/08\/EN_Adeo-S-Code-of-Conduct_2024.pdf\" title=\"Ler o c\u00f3digo\" target=\"_blank\" rel=\"noopener noreferrer\" class=\"cta_download\">TELECH<\/a>\r\n\t\t\t<\/div>\r\n\t<div class=\"ksc-lame-pushblock\">\r\n\t\t<div class=\"wrap-pushblock texte-blanc\">\r\n\t\t\t<h3 class=\"title_push keb-headings keb-titre-h4\"><span class=\"color-surligne jaune\">&nbsp;C\u00f3digo de conduta das compras respons\u00e1veis&nbsp;<\/span><\/h3>\r\n\t\t\t<div class=\"desc_push\">Destina-se a pessoas, singulares ou coletivas, que fornecem diretamente mercadorias \u00e0s empresas ADEO em todo o mundo, bem como \u00e0s respetivas filiais, empresas irm\u00e3s, subcontratantes e fornecedores. Destina-se igualmente a qualquer pessoa singular ou coletiva que forne\u00e7a bens a um cliente final atrav\u00e9s do marketplace do entidade da ADEO.<\/div>\r\n\t\t\t<div class=\"cta_push\"><a href=\"https:\/\/www.adeo.com\/wp-content\/uploads\/2023\/07\/ENGLISH_ADEO-Responsible-Purchasing-Code-of-Conduct.pdf\" title=\"Ler o c\u00f3digo\" class=\"adeo-bt bt_push\"  target=\"_blank\" rel=\"noopener noreferrer\" >Ler o c\u00f3digo<\/a><\/div>\r\n\t\t<\/div>\r\n\t\t\t\t<a href=\"https:\/\/www.adeo.com\/wp-content\/uploads\/2023\/07\/ENGLISH_ADEO-Responsible-Purchasing-Code-of-Conduct.pdf\" title=\"Ler o c\u00f3digo\" target=\"_blank\" rel=\"noopener noreferrer\" class=\"cta_download\">TELECH<\/a>\r\n\t\t\t<\/div>\r\n[\/vc_column][\/vc_row][vc_row css=&#8221;.vc_custom_1689178625336{margin-top: 40px !important;margin-bottom: 40px !important;}&#8221; el_class=&#8221;wrap-resp&#8221;][vc_column]\t<div class=\"ksc-lame-pushblock\">\r\n\t\t<div class=\"wrap-pushblock texte-blanc\">\r\n\t\t\t<h3 class=\"title_push keb-headings keb-titre-h4\"><span class=\"color-surligne vert\">&nbsp;C\u00f3digo de conduta das compras n\u00e3o comerciais&nbsp;<\/span><\/h3>\r\n\t\t\t<div class=\"desc_push\">Destina-se \u00e0s empresas que prestam, direta ou indiretamente, servi\u00e7os \u00e0 ADEO (incluindo qualquer agente ou intermedi\u00e1rio) ou que fornecem bens que n\u00e3o se destinam a ser vendidos aos clientes.<\/div>\r\n\t\t\t<div class=\"cta_push\"><a href=\"https:\/\/www.adeo.com\/wp-content\/uploads\/2023\/07\/Indirect-Purchasing-Code-of-Conduct-EN-final-version.pdf\" title=\"Ler o c\u00f3digo\" class=\"adeo-bt bt_push\"  target=\"_blank\" rel=\"noopener noreferrer\" >Ler o c\u00f3digo<\/a><\/div>\r\n\t\t<\/div>\r\n\t\t\t\t<a href=\"https:\/\/www.adeo.com\/wp-content\/uploads\/2023\/07\/Indirect-Purchasing-Code-of-Conduct-EN-final-version.pdf\" title=\"Ler o c\u00f3digo\" target=\"_blank\" rel=\"noopener noreferrer\" class=\"cta_download\">TELECH<\/a>\r\n\t\t\t<\/div>\r\n\t<div class=\"ksc-lame-pushblock\">\r\n\t\t<div class=\"wrap-pushblock texte-blanc\">\r\n\t\t\t<h3 class=\"title_push keb-headings keb-titre-h4\"><span class=\"color-surligne violet\">&nbsp;C\u00f3digo de conduta dos donativos e patroc\u00ednios&nbsp;<\/span><\/h3>\r\n\t\t\t<div class=\"desc_push\">Destina-se \u00e0s entidades que beneficiam de donativos e patroc\u00ednios da ADEO.<\/div>\r\n\t\t\t<div class=\"cta_push\"><a href=\"https:\/\/www.adeo.com\/wp-content\/uploads\/2023\/10\/ADEO-Donations-and-Sponsorships-Code-of-Conduct-EN.pdf\" title=\"Ler o c\u00f3digo\" class=\"adeo-bt bt_push\"  target=\"_blank\" rel=\"noopener noreferrer\" >Ler o c\u00f3digo<\/a><\/div>\r\n\t\t<\/div>\r\n\t\t\t\t<a href=\"https:\/\/www.adeo.com\/wp-content\/uploads\/2023\/10\/ADEO-Donations-and-Sponsorships-Code-of-Conduct-EN.pdf\" title=\"Ler o c\u00f3digo\" target=\"_blank\" rel=\"noopener noreferrer\" class=\"cta_download\">TELECH<\/a>\r\n\t\t\t<\/div>\r\n[\/vc_column][\/vc_row][vc_row el_class=&#8221;wrap-resp&#8221;][vc_column][vc_column_text css=&#8221;.vc_custom_1688047842205{margin-bottom: 50px !important;}&#8221;]<\/p>\n<h2><span class=\"keb-headings keb-titre-h2\">Um canal de alertas aberto a todos para tratar das quest\u00f5es \u00e9ticas<\/span><\/h2>\n<p>[\/vc_column_text][vc_column_text]Em complemento aos c\u00f3digos acima mencionados e ao compromisso das empresas ADEO em desenvolver as suas atividades com integridade, a ADEO recomenda aos seus colaboradores, parceiros, subcontratantes e clientes que, caso testemunhem ou vivam uma situa\u00e7\u00e3o ou comportamento contr\u00e1rio ao C\u00f3digo ou \u00e0 lei, utilizem o canal de alerta seguro criado pela ADEO.<\/p>\n<p>&nbsp;<\/p>\n<p>Este canal \u00e9 uma ferramenta ao servi\u00e7o de todos que ajuda a empresa a prevenir estes comportamentos. Garante a confidencialidade e a prote\u00e7\u00e3o do autor do alerta, das pessoas envolvidas e dos factos assinalados. Os autores dos alertas podem continuar an\u00f3nimos se assim o desejarem. O comit\u00e9 de \u00e9tica \u00e9 respons\u00e1vel pelo tratamento dos alertas e promover a cultura \u00e9tica dentro das empresas ADEO.[\/vc_column_text][\/vc_column][\/vc_row][vc_row css=&#8221;.vc_custom_1685967401295{margin-top: 40px !important;margin-bottom: 40px !important;}&#8221; el_class=&#8221;wrap-resp&#8221;][vc_column]\t<div class=\"ksc-lame-pushblock\">\r\n\t\t<div class=\"wrap-pushblock texte-blanc\">\r\n\t\t\t<h3 class=\"title_push keb-headings keb-titre-h4\"><span class=\"color-surligne rouge\">&nbsp;Canal de alerta colaboradores&nbsp;<\/span><\/h3>\r\n\t\t\t<div class=\"desc_push\">Cada empresa da ADEO disp\u00f5e de um canal de alertas acess\u00edvel por todos os colaboradores a n\u00edvel local em caso de comportamentos contr\u00e1rios ao c\u00f3digo de conduta \u00e9tico.<\/div>\r\n\t\t\t<div class=\"cta_push\"><a href=\"https:\/\/adeo.whispli.com\/lp\/adeo-services\" title=\"\" class=\"adeo-bt bt_push\"  target=\"_blank\" rel=\"noopener noreferrer\" >Criar um alerta<\/a><\/div>\r\n\t\t<\/div>\r\n\t\t\t<\/div>\r\n\t<div class=\"ksc-lame-pushblock\">\r\n\t\t<div class=\"wrap-pushblock texte-blanc\">\r\n\t\t\t<h3 class=\"title_push keb-headings keb-titre-h4\"><span class=\"color-surligne rouge\">&nbsp;Canal de alerta fornecedores, parceiros e clientes&nbsp;<\/span><\/h3>\r\n\t\t\t<div class=\"desc_push\">A ADEO disponibilizou igualmente um canal de alerta aos clientes, parceiros, fornecedores e subcontratantes, bem como aos respetivos colaboradores, filiais, subcontratantes e fornecedores.<\/div>\r\n\t\t\t<div class=\"cta_push\"><a href=\"https:\/\/adeo.whispli.com\/lp\/third-parties?locale=en\" title=\"\" class=\"adeo-bt bt_push\"  target=\"_blank\" rel=\"noopener noreferrer\" >Criar um alerta<\/a><\/div>\r\n\t\t<\/div>\r\n\t\t\t<\/div>\r\n[\/vc_column][\/vc_row]<\/p>\n<\/div>","protected":false},"excerpt":{"rendered":"<p>[vc_row][vc_column][\/vc_column][\/vc_row][vc_row el_class=&#8221;wrap-resp&#8221;][vc_column][vc_column_text css=&#8221;.vc_custom_1726641090861{margin-bottom: 50px !important;}&#8221;] Todos compremetidos com uma iniciativa \u00e9tica [\/vc_column_text][vc_column_text]Cada uma das empresas ADEO possui valores fortes que se devem a todos os colaboradores e vividos no dia a dia. &nbsp; Os nossos valores definem os nossos comportamentos nas nossas empresas, mas tamb\u00e9m no nosso ecossistema de clientes, fornecedores, prestadores de servi\u00e7os, administra\u00e7\u00f5es, [&hellip;]<\/p>\n","protected":false},"author":3,"featured_media":0,"parent":0,"menu_order":0,"comment_status":"closed","ping_status":"closed","template":"","meta":{"_acf_changed":false,"inline_featured_image":false,"footnotes":""},"class_list":["post-13857","page","type-page","status-publish","hentry"],"acf":[],"_links":{"self":[{"href":"https:\/\/www.adeo.com\/pt-pt\/wp-json\/wp\/v2\/pages\/13857","targetHints":{"allow":["GET"]}}],"collection":[{"href":"https:\/\/www.adeo.com\/pt-pt\/wp-json\/wp\/v2\/pages"}],"about":[{"href":"https:\/\/www.adeo.com\/pt-pt\/wp-json\/wp\/v2\/types\/page"}],"author":[{"embeddable":true,"href":"https:\/\/www.adeo.com\/pt-pt\/wp-json\/wp\/v2\/users\/3"}],"replies":[{"embeddable":true,"href":"https:\/\/www.adeo.com\/pt-pt\/wp-json\/wp\/v2\/comments?post=13857"}],"version-history":[{"count":3,"href":"https:\/\/www.adeo.com\/pt-pt\/wp-json\/wp\/v2\/pages\/13857\/revisions"}],"predecessor-version":[{"id":17082,"href":"https:\/\/www.adeo.com\/pt-pt\/wp-json\/wp\/v2\/pages\/13857\/revisions\/17082"}],"wp:attachment":[{"href":"https:\/\/www.adeo.com\/pt-pt\/wp-json\/wp\/v2\/media?parent=13857"}],"curies":[{"name":"wp","href":"https:\/\/api.w.org\/{rel}","templated":true}]}}