{"id":6896,"date":"2022-08-19T13:30:34","date_gmt":"2022-08-19T13:30:34","guid":{"rendered":"https:\/\/www.adeo.com\/actuando-em-conjunto\/"},"modified":"2023-01-04T13:21:57","modified_gmt":"2023-01-04T13:21:57","slug":"actuando-em-conjunto","status":"publish","type":"page","link":"https:\/\/www.adeo.com\/pt-br\/actuando-em-conjunto\/","title":{"rendered":"A\u00e7\u00e3o em conjunto"},"content":{"rendered":"<div class=\"wpb-content-wrapper\"><p>[vc_row][vc_column]<div class=\"adeo-section fullwidth bg-darkblue\">\r\n\t<div class=\"ksc-top-2col\">\t\t\r\n\t\t<div class=\"col-img\" style=\"background-image:url('https:\/\/www.adeo.com\/wp-content\/uploads\/2022\/09\/top_cover_sinformer_comprendre_sinspirer_1200.jpg');\"><\/div>\r\n\t\t<div class=\"col-txt\">\r\n            <h1 class=\"keb-titre-h1\">Informa\u00e7\u00e3o<br \/>\nCompreens\u00e3o<br \/>\nInspira\u00e7\u00e3o<br \/>\n<strong>A\u00e7\u00e3o em conjunto<\/strong><\/h1>\r\n            <p class=\"keb-titre-h4\">Ouvimos muito falar de um mundo mais aberto, mais favor\u00e1vel, mais inteligente, mais conectado, mais especializado, mais respons\u00e1vel e positivo.<br \/><br \/>\nMas o que significa isso concretamente?<br \/>\nDescubra como o ADEO est\u00e1 transformando a casa num lugar saud\u00e1vel para viver em todo o mundo.<\/p>\r\n        <\/div>\r\n\t<\/div>\r\n<\/div>\r\n\t<div class=\"adeo-section lame padded bg-none\">\r\n\t\t<!-- <div class=\"wrap-resp\"><a href=\"https:\/\/www.adeo.com\/pt-br\/\" class=\"bc-item bc-item_first\" title=\"In\u00edcio\"><\/a><\/div> -->\r\n\t\t\r\n\t\t<div class=\"wrap-bc-and-share wrap-resp\">\r\n\t\t\t<div class=\"site-breadcrumb\">\r\n\t\t\t\t<a href=\"https:\/\/www.adeo.com\/pt-br\/\" class=\"bc-item bc-item_first\" title=\"In\u00edcio\"><\/a>\t\t\t<\/div>\r\n\t\t\t\t\t\t<div class=\"share\">\r\n\t\t\t\t\t<div class=\"KVC_composant multi-share \" id=\"KVC_ku_1\">\r\n\t\t<div class=\"text_before\">\r\n\t\t\tPartilhar&nbsp;:\r\n\t\t<\/div>\r\n\t\t<div class=\"wrap-share\">\r\n\t\t\t\t\t\t<a href=\"https:\/\/www.linkedin.com\/shareArticle?mini=true&amp;url=https%3A%2F%2Fwww.adeo.com%2Fpt-br%2Factuando-em-conjunto%2F&amp;title=&amp;summary=Descubra+como+o+ADEO+est%C3%A1+transformando+a+casa+num+lugar+saud%C3%A1vel+para+as+pessoas+do+mundo+inteiro+viverem.\" class=\"share in\" target=\"_blank\" title=\"LinkedIn\">LinkedIn<\/a>\r\n\t\t\t\r\n\t\t\t\t\t\t<a href=\"https:\/\/www.facebook.com\/sharer.php?u=https%3A%2F%2Fwww.adeo.com%2Fpt-br%2Factuando-em-conjunto%2F\" class=\"share fb\" target=\"_blank\" title=\"Facebook\">Facebook<\/a>\r\n\t\t\t\r\n\t\t\t\t\t\t<a href=\"https:\/\/twitter.com\/intent\/tweet?text=Descubra+como+o+ADEO+est%C3%A1+transformando+a+casa+num+lugar+saud%C3%A1vel+para+as+pessoas+do+mundo+inteiro+viverem. https%3A%2F%2Fwww.adeo.com%2Fpt-br%2Factuando-em-conjunto%2F\" class=\"share tw\" target=\"_blank\" title=\"Twitter \/ X\">Twitter&nbsp;\/&nbsp;X<\/a>\r\n\t\t\t\r\n\t\t\t\t\t\t<a href=\"mailto:?subject=ADEO.COM%20-%20A%C3%A7%C3%A3o%20em%20conjunto&body=A%C3%87%C3%83O%20EM%20CONJUNTO%0A%0ADescubra%20como%20o%20ADEO%20est%C3%A1%20transformando%20a%20casa%20num%20lugar%20saud%C3%A1vel%20para%20as%20pessoas%20do%20mundo%20inteiro%20viverem.%0A%0Ahttps%3A%2F%2Fwww.adeo.com%2Fpt-br%2Factuando-em-conjunto%2F\" class=\"share ml\" title=\"Email\">email<\/a>\r\n\t\t\t\t\t\t\r\n\t\t<\/div>\r\n\t<\/div>\r\n\t\t\t\t<\/div>\r\n\t\t\t\t\t<\/div>\r\n\t<\/div>\r\n\r\n<div class=\"adeo-section fullwidth bg-none padded\">\r\n\t<div class=\"ksc-lame-alaune\">\r\n\t\t<div class=\"wrap-resp\">\r\n\t\t\t<div class=\"UIflex\">\r\n\t\t\t\t<div class=\"UIflex-col\">\r\n                    \t\t\t\t\t<div class=\"UIblock block-square block-rounded blockid-decalimg\">\r\n\t\t\t\t\t\t<div class=\"UIblock-content content-img\" style=\"background-image:url('https:\/\/www.adeo.com\/wp-content\/uploads\/2026\/03\/Egalite-professionnelle-un-levier-de-performance-et-davenir-pour-ADEO.jpg');\">\r\n\t\t\t\t\t\t<\/div>\r\n\t\t\t\t\t<\/div>\r\n\t\t\t\t\t\t\t\t\t<\/div>\r\n\t\t\t\t<div class=\"UIflex-col\">\r\n                                            <p class=\"title-with-barre\">Em alta<\/p>\r\n                    \t\t\t\t\t<div class=\"keb-titre-h2 mrg-b30 title-with-underscore\">Professional equality: a driver of performance and future growth for ADEO<\/div>\r\n\t\t\t\t\t<div class=\"keb-titre-h6 mrg-b30\">At ADEO, we firmly believe that our overall performance is based on the diversity and complementarity of our talents. &nbsp; Ensuring that each person has a meaningful role and is fully recognized goes far beyond a human commitment; it is the driving force behind our collective success. To turn this conviction into concrete results, we have made professional equality a&hellip;<\/div>\r\n\t\t\t\t\t<a href=\"https:\/\/www.adeo.com\/pt-br\/news\/professional-equality-a-driver-of-performance-and-future-growth-for-adeo\/\" class=\"adeo-bt \">Leia mais<\/a>\r\n\t\t\t\t<\/div>\r\n\t\t\t<\/div>\r\n\t\t<\/div>\r\n\t<\/div>\r\n<\/div>\r\n<!-- Sticky -->\r\n<div class=\"faq-sticky-jump\" onclick=\"TOOLS_smoothScrollTo('.ksc-lame-faq',200);\" >\t\r\n\t<div class=\"content-roll keb-titre-h6\">Precisa de uma m\u00e3ozinha?<\/div>\r\n\t<div class=\"wrap-content\"><\/div>\r\n<\/div>\r\n<div class=\"adeo-section fullwidth bg-none padded\">\r\n\t<div class=\"ksc-lame-faq\">\t\t\r\n\t\t<div class=\"wrap-resp\">\r\n\t\t\t<div class=\"zone-title\">\r\n\t\t\t\t<h2 class=\"faq-title keb-titre-h1 title-with-underscore\"><span class=\"keb-headings keb-titre-h1\">Precisa de uma m\u00e3ozinha?<\/span><\/h2>\r\n\t\t\t\t<div class=\"zone-search\">\r\n\t<form role=\"search\" method=\"get\" class=\"search-form-mini\" action=\"https:\/\/www.adeo.com\/pt-br\/\">\r\n\t\t<label>\r\n\t\t\t<span class=\"screen-reader-text\">Procurar por...<\/span>\r\n\t\t\t<input type=\"search\" class=\"search-field\" placeholder=\"Procurar por...\" value=\"\" name=\"s\">\r\n\t\t<\/label>\r\n\t\t<input type=\"submit\" class=\"search-submit\" value=\"Rechercher\">\r\n\t<\/form>\r\n<\/div>\r\n\t\t\t<\/div>\r\n\t\t\t<div class=\"wrap-listefaq\">\r\n\t\t\t\t\t\t<a href=\"https:\/\/www.adeo.com\/espace-presse\/\" style=\"color:#FFFFFF; background-color:#0DCC82;\" class=\"faq-item\" >Quero ir \u00e0 sala de imprensa<\/a>\r\n\t\t\t\t\t\t<a href=\"https:\/\/www.adeo.com\/dossier\/le-partage-au-coeur-de-notre-culture\/\" style=\"color:#000000; background-color:#F2CC26;\" class=\"faq-item\" >Descubra os nossos compromissos Human First<\/a>\r\n\t\t\t\t\t\t<a href=\"https:\/\/www.adeo.com\/dossier\/rendre-accessibles-nos-solutions-pour-un-habitat-positif\/\" style=\"color:#FFFFFF; background-color:#615E9C;\" class=\"faq-item\" >Entenda a nossa estrat\u00e9gia<\/a>\r\n\t\t\t\t\t\t<a href=\"https:\/\/www.adeo.com\/dossier\/faire-de-nos-habitats-des-lieux-de-vie-positifs\/\" style=\"color:#FFFFFF; background-color:#F0593B;\" class=\"faq-item\" >Descubra as nossas a\u00e7\u00f5es para o lar<\/a>\r\n\t\t\t\t\t\t<a href=\"https:\/\/www.adeo.com\/engagements-ethiques\/\" style=\"color:#FFFFFF; background-color:#3F5A6C;\" class=\"faq-item\" >Quais s\u00e3o os compromissos \u00e9ticos ADEO?<\/a>\r\n\t\t\t\t\t\t<a href=\"https:\/\/www.adeo.com\/dossier\/proposer-des-produits-a-impact-positifs\/\" style=\"color:#FFFFFF; background-color:#00ACD6;\" class=\"faq-item\" >Entenda como o ADEO desenvolve os seus produtos<\/a>\r\n\t\t\t\t\t\t<a href=\"https:\/\/www.adeo.com\/dossier\/notre-adn-le-partage\/\" style=\"color:#000000; background-color:#85D353;\" class=\"faq-item\" >Descubra a nossa cultura de partilha<\/a>\r\n\t\t\t\t\t\t<a href=\"https:\/\/www.adeo.com\/dossier\/115-000-leaders-dun-avenir-positif\/\" style=\"color:#FFFFFF; background-color:#F78C23;\" class=\"faq-item\" >Quero saber o que \u00e9 um l\u00edder no ADEO<\/a>\r\n\t\t\t\t\t\t<a href=\"https:\/\/www.adeo.com\/dossier\/la-securite-avant-tout\/\" style=\"color:#FFFFFF; background-color:#0DCC82;\" class=\"faq-item\" >Conhe\u00e7a as a\u00e7\u00f5es Safety First<\/a>\r\n\t\t\t\t\t\t<a href=\"https:\/\/www.adeo.com\/dossier\/adeo-un-ecosysteme-dentreprises-unique\/\" style=\"color:#000000; background-color:#F2CC26;\" class=\"faq-item\" >Descubra o modelo ADEO<\/a>\r\n\t\t\t\t\t\t<a href=\"https:\/\/www.adeo.com\/dossier\/pour-des-impacts-humains-et-environnementaux-positifs\/\" style=\"color:#FFFFFF; background-color:#615E9C;\" class=\"faq-item\" >Entenda os impactos do ADEO<\/a>\r\n\t\t\t\t\t\t<a href=\"https:\/\/www.adeo.com\/adeo-dans-le-monde\/\" style=\"color:#FFFFFF; background-color:#F0593B;\" class=\"faq-item\" >Descubra as marcas do grupo ADEO<\/a>\r\n\t\t\t\t\t\t<a href=\"https:\/\/www.adeo.com\/adeo-plateforme-dentreprises-ouvertes-et-connectee\/#brands\" style=\"color:#FFFFFF; background-color:#3F5A6C;\" class=\"faq-item\" >Mais sobre ADEO<\/a>\r\n\t\t\t\t\t\t<a href=\"https:\/\/www.adeo.com\/adeo-plateforme-dentreprises-ouvertes-et-connectee\/#timeline\" style=\"color:#FFFFFF; background-color:#00ACD6;\" class=\"faq-item\" >Descubra a hist\u00f3ria do ADEO<\/a>\r\n\t\t\t\t\t\t<a href=\"https:\/\/www.adeo.com\/agir-ensemble\/\" style=\"color:#000000; background-color:#85D353;\" class=\"faq-item\" >Receba as \u00faltimas not\u00edcias<\/a>\r\n\t\t\t\t\t\t<a href=\"https:\/\/www.adeo.com\/adeo-dans-le-monde\/\" style=\"color:#FFFFFF; background-color:#F78C23;\" class=\"faq-item\" >Entre em contato com as lojas do grupo ADEO<\/a>\r\n\t\t\t\t\r\n\t\t\t<\/div>\r\n            <div class=\"bt-more-faq\">\r\n                <svg width=\"180\" height=\"180\" viewBox=\"0 0 180 180\" fill=\"none\" xmlns=\"http:\/\/www.w3.org\/2000\/svg\" class=\"picto-svg-next\">\r\n                    <circle cx=\"90\" cy=\"90\" r=\"60\" class=\"omb\" \/>\r\n                    <rect x=\"79.3223\" y=\"86.7868\" width=\"25\" height=\"5\" transform=\"rotate(45 79.3223 86.7868)\" fill=\"#F2F2ED\" \/>\r\n                    <rect width=\"25\" height=\"5\" transform=\"matrix(-0.707107 0.707107 0.707107 0.707107 93.3271 72.3215)\" fill=\"#F2F2ED\" \/>\r\n                <\/svg>\r\n            <\/div>\r\n\t\t<\/div>\r\n\t<\/div>\r\n<\/div>\r\n[\/vc_column][\/vc_row][vc_row css=&#8221;.vc_custom_1661178324457{padding-top: 60px !important;padding-bottom: 60px !important;background-color: #223848 !important;}&#8221;][vc_column]\t\t\t\t<div class=\"KVC_composant_KEBPOSTGRID show-visu show-title show-cat show-btplus bg-darkblue wrap-resp\" id=\"KEBPOSTGRID-0\" data-load=\"eyJwX3RpdGxlIjoiTm9zc2FzIFx1MDBmYWx0aW1hcyBub3RcdTAwZWRjaWFzIiwidGhlbWUiOiJiZy1kYXJrYmx1ZSIsInBfYnRtb3JlIjoib3VpIiwicF9idG1vcmVfbGliIjoiTWFpcyBhcnRpZ29zIiwicF9idG1vcmVfbmJsb3QiOiI2IiwicF9tYWluY2xhc3MiOiJ3cmFwLXJlc3AiLCJycF90eXBlcG9zdCI6InBvc3QiLCJwX25iY29sIjoiMyIsInBfYWZmY2xhc3MiOiJzaG93LXZpc3Usc2hvdy10aXRsZSxzaG93LWNhdCxzaG93LWJ0cGx1cyIsInBfaW1ncmF0aW8iOiJzLTNfMSIsInBfYnRwbHVzX2xpYiI6IkxlaWEgbyBhcnRpZ28iLCJwX2J0ZmlsdHJlX2xpYiI6IlNob3cgYWxsIGNhdGVnb3JpZXMiLCJwX3RpdGxlZG9tIjoiaDQiLCJwX29mZnNldCI6Mn0=\">\r\n                        <h2 class=\"keb-titre-h1 title-with-underscore\" >Nossas \u00faltimas not\u00edcias<\/h2>\r\n            \t\t\t\t\t\t<div class=\"KEBPOSTGRID-msg\"><\/div>\r\n\t\t\t<div class=\"KEBPOSTGRID-wrapliste colnb-3 modele-box\">\r\n\t\t\t\r\n\r\n\t\t\t\t\t<a class=\"ksc-block-post \" href=\"https:\/\/www.adeo.com\/pt-br\/news\/get-involved-festival-celebrating-diversity-inclusion-and-solidarity-at-adeo\/\">\r\n\t<div class=\"alpha\"><\/div>\r\n\t\t<div class=\"visu\" style=\"background-image:url('https:\/\/www.adeo.com\/wp-content\/uploads\/2025\/11\/Get-Involved-Festival-ADEO-celebre-la-diversite-linclusion-et-la-solidarite-1024x576.jpg')\"><\/div>\r\n\t\t<div class=\"text\">\r\n        \t\t<h3 class=\"title keb-titre-h4\"><span class=\"surligne\">Get Involved Festival: Celebrating Diversity, Inclusion, and Solidarity at ADEO<\/span><\/h3>\r\n\t\t<div class=\"adeo-bt bt-blanc\">Leia o artigo<\/div>\r\n\t\t\r\n\t<\/div>\r\n<\/a>\r\n<a class=\"ksc-block-post \" href=\"https:\/\/www.adeo.com\/pt-br\/news\/all-adeo-um-dispositivo-mundial-de-partilha-de-valores\/\">\r\n\t<div class=\"alpha\"><\/div>\r\n\t\t<div class=\"visu\" style=\"background-image:url('https:\/\/www.adeo.com\/wp-content\/uploads\/2025\/09\/article_all_adeo-1024x576.jpg')\"><\/div>\r\n\t\t<div class=\"text\">\r\n        \t\t<h3 class=\"title keb-titre-h4\"><span class=\"surligne\">Entrevista cruzada com Thomas Bouret e Weber Niza<\/span><\/h3>\r\n\t\t<div class=\"adeo-bt bt-blanc\">Leia o artigo<\/div>\r\n\t\t\r\n\t<\/div>\r\n<\/a>\r\n<a class=\"ksc-block-post \" href=\"https:\/\/www.adeo.com\/pt-br\/news\/the-weldom-entrepreneur-campus\/\">\r\n\t<div class=\"alpha\"><\/div>\r\n\t\t<div class=\"visu\" style=\"background-image:url('https:\/\/www.adeo.com\/wp-content\/uploads\/2024\/09\/cover_campus_entrepreneurs-1024x576.jpg')\"><\/div>\r\n\t\t<div class=\"text\">\r\n        \t\t<h3 class=\"title keb-titre-h4\"><span class=\"surligne\">The Entrepreneur Campus: revealing the spirit of entrepreneurship<\/span><\/h3>\r\n\t\t<div class=\"adeo-bt bt-blanc\">Leia o artigo<\/div>\r\n\t\t\r\n\t<\/div>\r\n<\/a>\r\n<a class=\"ksc-block-post \" href=\"https:\/\/www.adeo.com\/pt-br\/news\/obramax-professionals-academy\/\">\r\n\t<div class=\"alpha\"><\/div>\r\n\t\t<div class=\"visu\" style=\"background-image:url('https:\/\/www.adeo.com\/wp-content\/uploads\/2025\/03\/Academie-des-professionnels-Obramax-1-1024x576.jpg')\"><\/div>\r\n\t\t<div class=\"text\">\r\n        \t\t<h3 class=\"title keb-titre-h4\"><span class=\"surligne\">Obramax Professionals Academy: Over 47,000 professionals trained!<\/span><\/h3>\r\n\t\t<div class=\"adeo-bt bt-blanc\">Leia o artigo<\/div>\r\n\t\t\r\n\t<\/div>\r\n<\/a>\r\n<a class=\"ksc-block-post \" href=\"https:\/\/www.adeo.com\/pt-br\/news\/the-adeo-marketplace\/\">\r\n\t<div class=\"alpha\"><\/div>\r\n\t\t<div class=\"visu\" style=\"background-image:url('https:\/\/www.adeo.com\/wp-content\/uploads\/2024\/07\/cover_la_marketplace_adeo-1024x576.jpg')\"><\/div>\r\n\t\t<div class=\"text\">\r\n        \t\t<h3 class=\"title keb-titre-h4\"><span class=\"surligne\">The ADEO marketplace: a major asset for ADEO customers, partners and businesses<\/span><\/h3>\r\n\t\t<div class=\"adeo-bt bt-blanc\">Leia o artigo<\/div>\r\n\t\t\r\n\t<\/div>\r\n<\/a>\r\n<a class=\"ksc-block-post \" href=\"https:\/\/www.adeo.com\/pt-br\/news\/enki-a-technology-available-to-all\/\">\r\n\t<div class=\"alpha\"><\/div>\r\n\t\t<div class=\"visu\" style=\"background-image:url('https:\/\/www.adeo.com\/wp-content\/uploads\/2024\/06\/enki_une_technologie_accessible_a_tous-1024x576.jpg')\"><\/div>\r\n\t\t<div class=\"text\">\r\n        \t\t<h3 class=\"title keb-titre-h4\"><span class=\"surligne\">ENKI, for a smarter efficient home<\/span><\/h3>\r\n\t\t<div class=\"adeo-bt bt-blanc\">Leia o artigo<\/div>\r\n\t\t\r\n\t<\/div>\r\n<\/a>\r\n<div class=\"KEBPOSTGRID-sectionloadmore\"><button class=\"adeo-bt inverted btn-loadmore\" onclick=\"kpg.lm(2,this)\"><span class=\"more-btn\">Mais artigos<\/button><\/div>\t\t\t\r\n\t\t\t\t\t\t\r\n\t\t\t<\/div>\t\r\n\t\t<\/div>\r\n\t\t[\/vc_column][\/vc_row]<\/p>\n<\/div>","protected":false},"excerpt":{"rendered":"<p>[vc_row][vc_column][\/vc_column][\/vc_row][vc_row css=&#8221;.vc_custom_1661178324457{padding-top: 60px !important;padding-bottom: 60px !important;background-color: #223848 !important;}&#8221;][vc_column][\/vc_column][\/vc_row]<\/p>\n","protected":false},"author":3,"featured_media":0,"parent":0,"menu_order":0,"comment_status":"closed","ping_status":"closed","template":"template-page-interne.php","meta":{"_acf_changed":false,"inline_featured_image":false,"footnotes":""},"class_list":["post-6896","page","type-page","status-publish","hentry"],"acf":[],"_links":{"self":[{"href":"https:\/\/www.adeo.com\/pt-br\/wp-json\/wp\/v2\/pages\/6896","targetHints":{"allow":["GET"]}}],"collection":[{"href":"https:\/\/www.adeo.com\/pt-br\/wp-json\/wp\/v2\/pages"}],"about":[{"href":"https:\/\/www.adeo.com\/pt-br\/wp-json\/wp\/v2\/types\/page"}],"author":[{"embeddable":true,"href":"https:\/\/www.adeo.com\/pt-br\/wp-json\/wp\/v2\/users\/3"}],"replies":[{"embeddable":true,"href":"https:\/\/www.adeo.com\/pt-br\/wp-json\/wp\/v2\/comments?post=6896"}],"version-history":[{"count":0,"href":"https:\/\/www.adeo.com\/pt-br\/wp-json\/wp\/v2\/pages\/6896\/revisions"}],"wp:attachment":[{"href":"https:\/\/www.adeo.com\/pt-br\/wp-json\/wp\/v2\/media?parent=6896"}],"curies":[{"name":"wp","href":"https:\/\/api.w.org\/{rel}","templated":true}]}}