{"id":7266,"date":"2022-08-18T14:22:51","date_gmt":"2022-08-18T14:22:51","guid":{"rendered":"https:\/\/www.adeo.com\/pozytywne-miejsce\/"},"modified":"2023-01-04T11:29:19","modified_gmt":"2023-01-04T11:29:19","slug":"a-positive-place","status":"publish","type":"page","link":"https:\/\/www.adeo.com\/pl\/a-positive-place\/","title":{"rendered":"A positive place"},"content":{"rendered":"<div class=\"wpb-content-wrapper\"><p>[vc_row][vc_column]<div class=\"adeo-section fullwidth\">\r\n\t<div class=\"ksc-top\">\r\n\t\t<div class=\"continue-scroll\"><a class=\"bt-scroll\" onclick=\"TOOLS_smoothScrollTo('.site-breadcrumb',100);\"><\/a><\/div>\r\n\t\t<div class=\"zone-textroll\"><div class=\"textroll-content\"><\/div><\/div>\r\n\t\t<div class=\"ksc-top-zonecta\">\r\n\t\t\t<div class=\"wrapper-cta\">\r\n\t\t\t\t<ul id=\"menu-menu-principal-polonais\" class=\"navmain\"><li class='m-we menu-item menu-item-type-post_type menu-item-object-page'><a href=\"https:\/\/www.adeo.com\/pl\/we\/\"   data-rollinfos=\"m-we,menu-item,menu-item-type-post_type,menu-item-object-page\" ><span class=\"text\">We<\/span><\/a><\/li>\n<li class='m-make menu-item menu-item-type-post_type menu-item-object-page'><a href=\"https:\/\/www.adeo.com\/pl\/make\/\"   data-rollinfos=\"m-make,menu-item,menu-item-type-post_type,menu-item-object-page\" ><span class=\"text\">Make<\/span><\/a><\/li>\n<li class='m-home menu-item menu-item-type-post_type menu-item-object-page'><a href=\"https:\/\/www.adeo.com\/pl\/home\/\"   data-rollinfos=\"m-home,menu-item,menu-item-type-post_type,menu-item-object-page\" ><span class=\"text\">Home<\/span><\/a><\/li>\n<li class='m-a-positive-place menu-item menu-item-type-post_type menu-item-object-page'><a href=\"https:\/\/www.adeo.com\/pl\/a-positive-place\/\"   data-rollinfos=\"m-a-positive-place,menu-item,menu-item-type-post_type,menu-item-object-page\" ><span class=\"text\">A positive place<\/span><\/a><\/li>\n<li class='m-to-live menu-item menu-item-type-post_type menu-item-object-page'><a href=\"https:\/\/www.adeo.com\/pl\/to-live\/\"   data-rollinfos=\"m-to-live,menu-item,menu-item-type-post_type,menu-item-object-page\" ><span class=\"text\">To live<\/span><\/a><\/li>\n<\/ul>\t\r\n\t\t\t<\/div>\r\n\t\t<\/div>\r\n\t\t<div class=\"ksc-top-bg\" style=\"background-image:url('https:\/\/www.adeo.com\/wp-content\/uploads\/2022\/09\/top_cover_a_positive_place.jpg')\"><\/div>\r\n\t<\/div>\r\n<\/div>\r\n\t[vc_row_inner disable_element=&#8221;yes&#8221;][vc_column_inner]<div class=\"adeo-section fullwidth padded bg-none decaltop \"  style=\"margin-top:-320px;\" >\r\n\t<div id=\"_swiper0\" class=\"ksc-swiperjs-container  \" >\r\n\r\n\t\t<div class=\"ksc-swiperjs-content swiperjs_wrap_0 wrap-resp\">\r\n\t\t\t\r\n\t\t\t<div class=\"swiper-header\">\r\n\t\t\t\t\t\t\t\t\t\t\t<\/div>\r\n\r\n\t\t\t<div class=\"swiper-wrapper\">\r\n\t\t\t\t<div class=\"ksc-block-portrait first\">\r\n\t<p class=\"keb-titre-h3\">Poznaj wsp\u00f3lnot\u0119 na rzecz pozytywnego mieszkalnictwa<\/p>\r\n<\/div>\r\n<a class=\"ksc-block-portrait\" style=\"background-image:url('https:\/\/www.adeo.com\/wp-content\/uploads\/2022\/08\/vig_collectif_antoine_gassion.jpg')\" href=\"https:\/\/www.adeo.com\/pl\/wspolnota-adeo\/\"><\/a>\r\n<a class=\"ksc-block-portrait\" style=\"background-image:url('https:\/\/www.adeo.com\/wp-content\/uploads\/2023\/01\/vig_collectif_patrick_sabine_le_bohec.jpg')\" href=\"https:\/\/www.adeo.com\/pl\/wspolnota-adeo\/\"><\/a>\r\n<a class=\"ksc-block-portrait\" style=\"background-image:url('https:\/\/www.adeo.com\/wp-content\/uploads\/2023\/01\/vig_collectif_thadde_bigot.jpg')\" href=\"https:\/\/www.adeo.com\/pl\/wspolnota-adeo\/\"><\/a>\r\n<a class=\"ksc-block-portrait\" style=\"background-image:url('https:\/\/www.adeo.com\/wp-content\/uploads\/2023\/01\/vig_le_collectif_claire_sophie_coeudevez.jpg')\" href=\"https:\/\/www.adeo.com\/pl\/wspolnota-adeo\/\"><\/a>\r\n<a class=\"ksc-block-portrait\" style=\"background-image:url('https:\/\/www.adeo.com\/wp-content\/uploads\/2023\/01\/vig_collectif_aurelien_frappart.jpg')\" href=\"https:\/\/www.adeo.com\/pl\/wspolnota-adeo\/\"><\/a>\r\n<a class=\"ksc-block-portrait\" style=\"background-image:url('https:\/\/www.adeo.com\/wp-content\/uploads\/2023\/01\/vig_collectif_hind_malti.jpg')\" href=\"https:\/\/www.adeo.com\/pl\/wspolnota-adeo\/\"><\/a>\r\n<a class=\"ksc-block-portrait\" style=\"background-image:url('https:\/\/www.adeo.com\/wp-content\/uploads\/2023\/01\/vig_collectif_thiago_ribeiro.jpg')\" href=\"https:\/\/www.adeo.com\/pl\/wspolnota-adeo\/\"><\/a>\r\n<a class=\"ksc-block-portrait\" style=\"background-image:url('https:\/\/www.adeo.com\/wp-content\/uploads\/2023\/01\/vig_collectif_nuno_torres.jpg')\" href=\"https:\/\/www.adeo.com\/pl\/wspolnota-adeo\/\"><\/a>\r\n<a class=\"ksc-block-portrait\" style=\"background-image:url('https:\/\/www.adeo.com\/wp-content\/uploads\/2023\/01\/vig_collectif_jesus_casero.jpg')\" href=\"https:\/\/www.adeo.com\/pl\/wspolnota-adeo\/\"><\/a>\r\n<a class=\"ksc-block-portrait\" style=\"background-image:url('https:\/\/www.adeo.com\/wp-content\/uploads\/2023\/01\/vig_collectif_sandra_colombo.jpg')\" href=\"https:\/\/www.adeo.com\/pl\/wspolnota-adeo\/\"><\/a>\r\n\t\t\t<\/div>\r\n\r\n\t\t\t\r\n\t\t\t<div class=\"swiper-pagination\"><\/div>\r\n\r\n\t\t\t\t\t\t\r\n\t\t\t<div class=\"swiper-button-prev swiperbtprev-0\">\r\n\t\t\t\t\t<style>\r\n\t\t.omb {box-shadow: 0px 0px 30px rgba(0, 0, 0, 0.9);}\r\n\t<\/style>\r\n\t<svg width=\"180\" height=\"180\" viewBox=\"0 0 180 180\" fill=\"none\" xmlns=\"http:\/\/www.w3.org\/2000\/svg\" class=\"picto-svg-next\">\r\n\t<circle cx=\"90\" cy=\"90\" r=\"60\" class=\"omb\" \/>\r\n\t\t<rect x=\"79.3223\" y=\"86.7868\" width=\"25\" height=\"5\" transform=\"rotate(45 79.3223 86.7868)\" fill=\"#F2F2ED\" \/>\r\n\t<rect width=\"25\" height=\"5\" transform=\"matrix(-0.707107 0.707107 0.707107 0.707107 93.3271 72.3215)\" fill=\"#F2F2ED\" \/>\r\n\t\t<\/svg>\r\n\t\t\t\t<\/div>\r\n\t\t\t<div class=\"swiper-button-next swiperbtnext-0\">\r\n\t\t\t\t\t<style>\r\n\t\t.omb {box-shadow: 0px 0px 30px rgba(0, 0, 0, 0.9);}\r\n\t<\/style>\r\n\t<svg width=\"180\" height=\"180\" viewBox=\"0 0 180 180\" fill=\"none\" xmlns=\"http:\/\/www.w3.org\/2000\/svg\" class=\"picto-svg-next\">\r\n\t<circle cx=\"90\" cy=\"90\" r=\"60\" class=\"omb\" \/>\r\n\t\t<rect x=\"100.678\" y=\"93.2133\" width=\"25\" height=\"5\" transform=\"rotate(-135 100.678 93.2133)\" fill=\"#F2F2ED\" \/>\r\n\t<rect width=\"25\" height=\"5\" transform=\"matrix(0.707107 -0.707107 -0.707107 -0.707107 86.6733 107.678)\" fill=\"#F2F2ED\" \/>\r\n\t\t<\/svg>\r\n\t\t\t\t<\/div>\r\n\t\t\t            \t\t<\/div>\r\n\t<\/div>\r\n<\/div>\r\n\r\n[\/vc_column_inner][\/vc_row_inner]\t<div class=\"adeo-section lame padded bg-none\">\r\n\t\t<!-- <div class=\"wrap-resp\"><a href=\"https:\/\/www.adeo.com\/pl\/\" class=\"bc-item bc-item_first\" title=\"Strona g\u0142\u00f3wna\"><\/a><\/div> -->\r\n\t\t\r\n\t\t<div class=\"wrap-bc-and-share wrap-resp\">\r\n\t\t\t<div class=\"site-breadcrumb\">\r\n\t\t\t\t<a href=\"https:\/\/www.adeo.com\/pl\/\" class=\"bc-item bc-item_first\" title=\"Strona g\u0142\u00f3wna\"><\/a>\t\t\t<\/div>\r\n\t\t\t\t\t\t<div class=\"share\">\r\n\t\t\t\t\t<div class=\"KVC_composant multi-share \" id=\"KVC_ku_2\">\r\n\t\t<div class=\"text_before\">\r\n\t\t\tPodziel si\u0119&nbsp;:\r\n\t\t<\/div>\r\n\t\t<div class=\"wrap-share\">\r\n\t\t\t\t\t\t<a href=\"https:\/\/www.linkedin.com\/shareArticle?mini=true&amp;url=https%3A%2F%2Fwww.adeo.com%2Fpl%2Fa-positive-place%2F&amp;title=&amp;summary=Na+rzecz+miejsca+zdrowego%2C+bezpiecznego%2C+odpowiedzialnego%2C+zr%C3%B3wnowa%C5%BConego%2C+ekonomicznego%2C+efektywnego+i+wygodnego%2C+miejsca+szcz%C4%99%C5%9Bliwego+i+przyjemnego.\" class=\"share in\" target=\"_blank\" title=\"LinkedIn\">LinkedIn<\/a>\r\n\t\t\t\r\n\t\t\t\t\t\t<a href=\"https:\/\/www.facebook.com\/sharer.php?u=https%3A%2F%2Fwww.adeo.com%2Fpl%2Fa-positive-place%2F\" class=\"share fb\" target=\"_blank\" title=\"Facebook\">Facebook<\/a>\r\n\t\t\t\r\n\t\t\t\t\t\t<a href=\"https:\/\/twitter.com\/intent\/tweet?text=Na+rzecz+miejsca+zdrowego%2C+bezpiecznego%2C+odpowiedzialnego%2C+zr%C3%B3wnowa%C5%BConego%2C+ekonomicznego%2C+efektywnego+i+wygodnego%2C+miejsca+szcz%C4%99%C5%9Bliwego+i+przyjemnego. https%3A%2F%2Fwww.adeo.com%2Fpl%2Fa-positive-place%2F\" class=\"share tw\" target=\"_blank\" title=\"Twitter \/ X\">Twitter&nbsp;\/&nbsp;X<\/a>\r\n\t\t\t\r\n\t\t\t\t\t\t<a href=\"mailto:?subject=ADEO.COM%20-%20A%20positive%20place&body=A%20POSITIVE%20PLACE%0A%0ANa%20rzecz%20miejsca%20zdrowego%2C%20bezpiecznego%2C%20odpowiedzialnego%2C%20zr%C3%B3wnowa%C5%BConego%2C%20ekonomicznego%2C%20efektywnego%20i%20wygodnego%2C%20miejsca%20szcz%C4%99%C5%9Bliwego%20i%20przyjemnego.%0A%0Ahttps%3A%2F%2Fwww.adeo.com%2Fpl%2Fa-positive-place%2F\" class=\"share ml\" title=\"Email\">email<\/a>\r\n\t\t\t\t\t\t\r\n\t\t<\/div>\r\n\t<\/div>\r\n\t\t\t\t<\/div>\r\n\t\t\t\t\t<\/div>\r\n\t<\/div>\r\n\r\n<div class=\"adeo-section fullwidth bg-none padded\">\r\n\t<div class=\"ksc-lame-contenu\">\r\n\t\t<div class=\"ksc-contenu-wrap wrap-resp\">\r\n\t\t\t<h1 class=\"title-big-blue title-with-underscore\">A positive place<\/h1>\r\n\t\t\t<div class=\"content-double\">\r\n\t\t\t\t<div class=\"content-col texte\">\r\n\t\t\t\t\t<div class=\"subtitle keb-titre-h4\"><\/div>\r\n\t\t\t\t\t<div class=\"content keb-titre-p\"><\/p>\n<h2><span class=\"keb-headings keb-titre-h2\">Z my\u015bl\u0105 o pozytywnym mieszkalnictwie<\/span><\/h2>\n<p>&nbsp;<\/p>\n<p>Dla nas pozytywne mieszkalnictwo to zdrowy, bezpieczny, wygodny dom, w kt\u00f3rym czujemy si\u0119 dobrze, kt\u00f3ry rozwija si\u0119 zgodnie z sytuacjami \u017cyciowymi, a przede wszystkim, kt\u00f3ry szanuje \u015brodowisko i jego naturalne zasoby. Pozytywne mieszkalnictwo to takie, kt\u00f3re produkuje energi\u0119 (s\u0142oneczn\u0105, wiatrow\u0105), wod\u0119 (odzysk), \u017cywno\u015b\u0107 (ogr\u00f3d), a nawet surowce (odzyskane i przetworzone odpady).<\/p>\n<p>&nbsp;<\/p>\n<p>Mieszkanie musi nadal by\u0107 miejscem szcz\u0119\u015bliwych projekt\u00f3w, gdzie ka\u017cdy dzia\u0142a odpowiedzialnie, dokonuj\u0105c w\u0142a\u015bciwych wybor\u00f3w i b\u0119d\u0105c dobrze poinformowanym.<br \/>\nUznaj\u0105c nasz\u0105 rol\u0119, budujemy globaln\u0105 platform\u0119 pozytywnego mieszkalnictwa, aby umo\u017cliwi\u0107 ka\u017cdemu dost\u0119p do skutecznych i innowacyjnych rozwi\u0105za\u0144, gdziekolwiek si\u0119 znajduje. W sklepach i na naszych platformach marketplace oferujemy zr\u00f3wnowa\u017cone produkty, b\u0119d\u0105ce wynikiem wsp\u00f3lnej i odpowiedzialnej pracy z naszymi dostawcami i partnerami. Poniewa\u017c razem mo\u017cemy zrobi\u0107 co\u015b dla naszej planety, poprzez pozytywn\u0105 produkcj\u0119, handel i konsumpcj\u0119. Ka\u017cdy na swoim poziomie ma swoj\u0105 rol\u0119 do odegrania.<\/div>\r\n\t\t\t\t<\/div>\r\n\t\t\t\t<div class=\"content-col liste\">\r\n\t\t\t\t\t\t<div class=\"KVC_composant_listeAllPosts KVC_LISTE \" id=\"listeAllPosts-ku_4\">\r\n\t\t<div class=\"zone-title\">\r\n\t\t\t<span class=\"title-with-barre  keb-titre-h6\">Dowiedz si\u0119 wi\u0119cej<\/span>\r\n\t\t<\/div>\r\n\t\t\t\t<div class=\"UI-POST-liste\">\r\n\t\t\t<a href=\"https:\/\/www.adeo.com\/pl\/poznaj\/udostepnianie-naszych-rozwiazan-dla-pozytywnego-mieszkalnictwa\/\" class=\"UI-POST-liste--item show-vig\" >\r\n\t\t<span class=\"item-visu\" style=\"background-image:url('https:\/\/www.adeo.com\/wp-content\/uploads\/2022\/09\/dossier_cover_notre_manifeste-300x169.jpg');\"><\/span>\r\n\t\t<span class=\"item-text\">\r\n\t\t\t<p class=\"title\">Udost\u0119pnianie naszych rozwi\u0105za\u0144 dla pozytywnego mieszkalnictwa<\/p>\r\n\t\t\t\t\t\t\t\t<\/span>\r\n\t\t\t\t<span class=\"item-picto\"><div class=\"animpicto moinsplus\">\r\n\t<div class=\"barre-h\"><\/div>\r\n\t<div class=\"barre-v\"><\/div>\r\n<\/div>\r\n<\/span>\r\n\t\t\t<\/a>\r\n\t\t<a href=\"https:\/\/www.adeo.com\/pl\/poznaj\/oferowanie-produktow-o-pozytywnym-wplywie\/\" class=\"UI-POST-liste--item show-vig\" >\r\n\t\t<span class=\"item-visu\" style=\"background-image:url('https:\/\/www.adeo.com\/wp-content\/uploads\/2022\/08\/dossier_cover_proposer_des_solutions_adaptees_a_tous_les_habitants_2-300x240.jpg');\"><\/span>\r\n\t\t<span class=\"item-text\">\r\n\t\t\t<p class=\"title\">Oferowanie produkt\u00f3w o pozytywnym wp\u0142ywie<\/p>\r\n\t\t\t\t\t\t\t\t<\/span>\r\n\t\t\t\t<span class=\"item-picto\"><div class=\"animpicto moinsplus\">\r\n\t<div class=\"barre-h\"><\/div>\r\n\t<div class=\"barre-v\"><\/div>\r\n<\/div>\r\n<\/span>\r\n\t\t\t<\/a>\r\n\t\t\t<\/div>\r\n\t\t<div class=\"CTA\"><\/div>\r\n\t\t\t<\/div>\r\n\t\t\t\t\t<\/div>\r\n\t\t\t<\/div>\r\n\t\t\r\n\t\t<\/div>\r\n\t<\/div>\r\n<\/div>\r\n\t<div class=\"adeo-section fullwidth bg-light\">\r\n\t<div class=\"ksc-lame-pictos\">\t\r\n        <div class=\"wrap-pictos wrap-resp\">\r\n                                    <div class=\"picto\">\r\n                                                                <div class=\"visu\" style=\"background-image:url('https:\/\/www.adeo.com\/wp-content\/uploads\/2022\/08\/picto-data-ok.svg');\"><\/div>\r\n                                                                <p class=\"titre keb-titre-h2\">90%<\/p>\r\n                                                                <p class=\"ss_titre keb-titre-h5\">naszych zak\u0142ad\u00f3w<\/p>\r\n                                                                <p class=\"texte\">s\u0105 zgodne z ocen\u0105 A, B i C po przeprowadzeniu audytu jako\u015bciowego<\/p>\r\n                                                    <\/div>\r\n                                    <div class=\"picto\">\r\n                                                                <div class=\"visu\" style=\"background-image:url('https:\/\/www.adeo.com\/wp-content\/uploads\/2022\/10\/picto-data-oeil.svg');\"><\/div>\r\n                                                                <p class=\"ss_titre keb-titre-h5\">Lista Substancji Obj\u0119tych Ograniczeniami (Restricted Substances List)<\/p>\r\n                                                                <p class=\"texte\">zawiera list\u0119 substancji, kt\u00f3re powinny by\u0107 zakazane lub ograniczone w naszych produktach<\/p>\r\n                                                    <\/div>\r\n                                    <div class=\"picto\">\r\n                                                                <div class=\"visu\" style=\"background-image:url('https:\/\/www.adeo.com\/wp-content\/uploads\/2022\/10\/picto-data-loupe.svg');\"><\/div>\r\n                                                                <p class=\"titre keb-titre-h2\">\u201eSafe for people\u201d<\/p>\r\n                                                                <p class=\"ss_titre keb-titre-h5\">to etykieta, kt\u00f3ra gwarantuje zgodno\u015b\u0107 produktu<\/p>\r\n                                                                <p class=\"texte\">z rozporz\u0105dzeniami dotycz\u0105cymi substancji niebezpiecznych i z og\u00f3lnym obowi\u0105zkiem zachowania bezpiecze\u0144stwa<\/p>\r\n                                                    <\/div>\r\n                    <\/div>\r\n\t<\/div>\r\n<\/div>\r\n<div class=\"adeo-section fullwidth\">\r\n\t<div class=\"ksc-lame-pushpage\" style=\"background-image:url('https:\/\/www.adeo.com\/wp-content\/uploads\/2022\/10\/bloc_push_proposer_des_solutions_adaptees_a_tous_les_habitants-500.jpg');\">\t\t\r\n\t\t<div class=\"wrap-pushpage wrap-resp texte-blanc\">\r\n            <h2 class=\"title_push\"><span class=\"txt_surligne\">Pozytywne rozwi\u0105zania<\/span><\/h2>\r\n\t\t\t<p class=\"desc_push\"><span data-sheets-value=\"{&quot;1&quot;:2,&quot;2&quot;:&quot;\u017bycie w zdrowym, bezpiecznym, odpowiedzialnym, zr\u00f3wnowa\u017conym, ekonomicznym i komfortowym \u015brodowisku jest warunkiem niezb\u0119dnym do dobrego samopoczucia mieszka\u0144c\u00f3w.\\nTworz\u0105c i udost\u0119pniaj\u0105c rozwi\u0105zania mieszkaniowe o pozytywnym wp\u0142ywie na \u015brodowisko, przyczyniamy si\u0119 do neutralno\u015bci w\u0119glowej oraz ochrony planety, naszego wsp\u00f3lnego domu.&quot;}\" data-sheets-userformat=\"{&quot;2&quot;:6529,&quot;3&quot;:{&quot;1&quot;:0,&quot;3&quot;:1},&quot;10&quot;:0,&quot;11&quot;:4,&quot;14&quot;:{&quot;1&quot;:2,&quot;2&quot;:16711680},&quot;15&quot;:&quot;Arial&quot;}\">\u017bycie w zdrowym, bezpiecznym, odpowiedzialnym, zr\u00f3wnowa\u017conym, ekonomicznym i komfortowym \u015brodowisku jest warunkiem niezb\u0119dnym do dobrego samopoczucia mieszka\u0144c\u00f3w.<br \/>\nTworz\u0105c i udost\u0119pniaj\u0105c rozwi\u0105zania mieszkaniowe o pozytywnym wp\u0142ywie na \u015brodowisko, przyczyniamy si\u0119 do neutralno\u015bci w\u0119glowej oraz ochrony planety, naszego wsp\u00f3lnego domu.<\/span><\/p>\r\n\t\t\t<a class=\"adeo-bt bt_push\"  href=\"https:\/\/www.adeo.com\/pl\/poznaj\/oferowanie-produktow-o-pozytywnym-wplywie\/\"   title=\"Oferowanie produkt\u00f3w o pozytywnym wp\u0142ywie\"  >Dowiedz si\u0119 wi\u0119cej<\/a>\r\n\t\t<\/div>\r\n\t<\/div>\r\n<\/div>\r\n[\/vc_column][\/vc_row]<\/p>\n<\/div>","protected":false},"excerpt":{"rendered":"<p>[vc_row][vc_column][vc_row_inner disable_element=&#8221;yes&#8221;][vc_column_inner][\/vc_column_inner][\/vc_row_inner][\/vc_column][\/vc_row]<\/p>\n","protected":false},"author":3,"featured_media":5665,"parent":0,"menu_order":0,"comment_status":"closed","ping_status":"closed","template":"template-page-interne.php","meta":{"_acf_changed":false,"inline_featured_image":false,"footnotes":""},"class_list":["post-7266","page","type-page","status-publish","has-post-thumbnail","hentry"],"acf":[],"_links":{"self":[{"href":"https:\/\/www.adeo.com\/pl\/wp-json\/wp\/v2\/pages\/7266","targetHints":{"allow":["GET"]}}],"collection":[{"href":"https:\/\/www.adeo.com\/pl\/wp-json\/wp\/v2\/pages"}],"about":[{"href":"https:\/\/www.adeo.com\/pl\/wp-json\/wp\/v2\/types\/page"}],"author":[{"embeddable":true,"href":"https:\/\/www.adeo.com\/pl\/wp-json\/wp\/v2\/users\/3"}],"replies":[{"embeddable":true,"href":"https:\/\/www.adeo.com\/pl\/wp-json\/wp\/v2\/comments?post=7266"}],"version-history":[{"count":0,"href":"https:\/\/www.adeo.com\/pl\/wp-json\/wp\/v2\/pages\/7266\/revisions"}],"wp:featuredmedia":[{"embeddable":true,"href":"https:\/\/www.adeo.com\/pl\/wp-json\/wp\/v2\/media\/5665"}],"wp:attachment":[{"href":"https:\/\/www.adeo.com\/pl\/wp-json\/wp\/v2\/media?parent=7266"}],"curies":[{"name":"wp","href":"https:\/\/api.w.org\/{rel}","templated":true}]}}