{"id":7031,"date":"2022-08-18T14:39:03","date_gmt":"2022-08-18T12:39:03","guid":{"rendered":"https:\/\/www.adeo.com\/aby-zyc\/"},"modified":"2025-06-23T16:26:47","modified_gmt":"2025-06-23T14:26:47","slug":"to-live","status":"publish","type":"page","link":"https:\/\/www.adeo.com\/pl\/to-live\/","title":{"rendered":"To live"},"content":{"rendered":"<div class=\"wpb-content-wrapper\"><p>[vc_row][vc_column]<div class=\"adeo-section fullwidth\">\r\n\t<div class=\"ksc-top\">\r\n\t\t<div class=\"continue-scroll\"><a class=\"bt-scroll\" onclick=\"TOOLS_smoothScrollTo('.site-breadcrumb',100);\"><\/a><\/div>\r\n\t\t<div class=\"zone-textroll\"><div class=\"textroll-content\"><\/div><\/div>\r\n\t\t<div class=\"ksc-top-zonecta\">\r\n\t\t\t<div class=\"wrapper-cta\">\r\n\t\t\t\t<ul id=\"menu-menu-principal-polonais\" class=\"navmain\"><li class='m-we menu-item menu-item-type-post_type menu-item-object-page'><a href=\"https:\/\/www.adeo.com\/pl\/we\/\"   data-rollinfos=\"m-we,menu-item,menu-item-type-post_type,menu-item-object-page\" ><span class=\"text\">We<\/span><\/a><\/li>\n<li class='m-make menu-item menu-item-type-post_type menu-item-object-page'><a href=\"https:\/\/www.adeo.com\/pl\/make\/\"   data-rollinfos=\"m-make,menu-item,menu-item-type-post_type,menu-item-object-page\" ><span class=\"text\">Make<\/span><\/a><\/li>\n<li class='m-home menu-item menu-item-type-post_type menu-item-object-page'><a href=\"https:\/\/www.adeo.com\/pl\/home\/\"   data-rollinfos=\"m-home,menu-item,menu-item-type-post_type,menu-item-object-page\" ><span class=\"text\">Home<\/span><\/a><\/li>\n<li class='m-a-positive-place menu-item menu-item-type-post_type menu-item-object-page'><a href=\"https:\/\/www.adeo.com\/pl\/a-positive-place\/\"   data-rollinfos=\"m-a-positive-place,menu-item,menu-item-type-post_type,menu-item-object-page\" ><span class=\"text\">A positive place<\/span><\/a><\/li>\n<li class='m-to-live menu-item menu-item-type-post_type menu-item-object-page'><a href=\"https:\/\/www.adeo.com\/pl\/to-live\/\"   data-rollinfos=\"m-to-live,menu-item,menu-item-type-post_type,menu-item-object-page\" ><span class=\"text\">To live<\/span><\/a><\/li>\n<\/ul>\t\r\n\t\t\t<\/div>\r\n\t\t<\/div>\r\n\t\t<div class=\"ksc-top-bg\" style=\"background-image:url('https:\/\/www.adeo.com\/wp-content\/uploads\/2022\/10\/top_cover_to_live_2.jpg')\"><\/div>\r\n\t<\/div>\r\n<\/div>\r\n\t[vc_row_inner disable_element=&#8221;yes&#8221;][vc_column_inner]<div class=\"adeo-section fullwidth padded bg-none decaltop \"  style=\"margin-top:-320px;\" >\r\n\t<div id=\"_swiper0\" class=\"ksc-swiperjs-container  \" >\r\n\r\n\t\t<div class=\"ksc-swiperjs-content swiperjs_wrap_0 wrap-resp\">\r\n\t\t\t\r\n\t\t\t<div class=\"swiper-header\">\r\n\t\t\t\t\t\t\t\t\t\t\t<\/div>\r\n\r\n\t\t\t<div class=\"swiper-wrapper\">\r\n\t\t\t\t<div class=\"ksc-block-portrait first\">\r\n\t<p class=\"keb-titre-h3\">Poznaj wsp\u00f3lnot\u0119 na rzecz pozytywnego mieszkalnictwa<\/p>\r\n<\/div>\r\n<a class=\"ksc-block-portrait\" style=\"background-image:url('https:\/\/www.adeo.com\/wp-content\/uploads\/2022\/08\/vig_collectif_antoine_gassion.jpg')\" href=\"https:\/\/www.adeo.com\/pl\/wspolnota-adeo\/\"><\/a>\r\n<a class=\"ksc-block-portrait\" style=\"background-image:url('https:\/\/www.adeo.com\/wp-content\/uploads\/2023\/01\/vig_collectif_patrick_sabine_le_bohec.jpg')\" href=\"https:\/\/www.adeo.com\/pl\/wspolnota-adeo\/\"><\/a>\r\n<a class=\"ksc-block-portrait\" style=\"background-image:url('https:\/\/www.adeo.com\/wp-content\/uploads\/2023\/01\/vig_collectif_thadde_bigot.jpg')\" href=\"https:\/\/www.adeo.com\/pl\/wspolnota-adeo\/\"><\/a>\r\n<a class=\"ksc-block-portrait\" style=\"background-image:url('https:\/\/www.adeo.com\/wp-content\/uploads\/2023\/01\/vig_le_collectif_claire_sophie_coeudevez.jpg')\" href=\"https:\/\/www.adeo.com\/pl\/wspolnota-adeo\/\"><\/a>\r\n<a class=\"ksc-block-portrait\" style=\"background-image:url('https:\/\/www.adeo.com\/wp-content\/uploads\/2023\/01\/vig_collectif_aurelien_frappart.jpg')\" href=\"https:\/\/www.adeo.com\/pl\/wspolnota-adeo\/\"><\/a>\r\n<a class=\"ksc-block-portrait\" style=\"background-image:url('https:\/\/www.adeo.com\/wp-content\/uploads\/2023\/01\/vig_collectif_hind_malti.jpg')\" href=\"https:\/\/www.adeo.com\/pl\/wspolnota-adeo\/\"><\/a>\r\n<a class=\"ksc-block-portrait\" style=\"background-image:url('https:\/\/www.adeo.com\/wp-content\/uploads\/2023\/01\/vig_collectif_thiago_ribeiro.jpg')\" href=\"https:\/\/www.adeo.com\/pl\/wspolnota-adeo\/\"><\/a>\r\n<a class=\"ksc-block-portrait\" style=\"background-image:url('https:\/\/www.adeo.com\/wp-content\/uploads\/2023\/01\/vig_collectif_nuno_torres.jpg')\" href=\"https:\/\/www.adeo.com\/pl\/wspolnota-adeo\/\"><\/a>\r\n<a class=\"ksc-block-portrait\" style=\"background-image:url('https:\/\/www.adeo.com\/wp-content\/uploads\/2023\/01\/vig_collectif_jesus_casero.jpg')\" href=\"https:\/\/www.adeo.com\/pl\/wspolnota-adeo\/\"><\/a>\r\n<a class=\"ksc-block-portrait\" style=\"background-image:url('https:\/\/www.adeo.com\/wp-content\/uploads\/2023\/01\/vig_collectif_sandra_colombo.jpg')\" href=\"https:\/\/www.adeo.com\/pl\/wspolnota-adeo\/\"><\/a>\r\n\t\t\t<\/div>\r\n\r\n\t\t\t\r\n\t\t\t<div class=\"swiper-pagination\"><\/div>\r\n\r\n\t\t\t\t\t\t\r\n\t\t\t<div class=\"swiper-button-prev swiperbtprev-0\">\r\n\t\t\t\t\t<style>\r\n\t\t.omb {box-shadow: 0px 0px 30px rgba(0, 0, 0, 0.9);}\r\n\t<\/style>\r\n\t<svg width=\"180\" height=\"180\" viewBox=\"0 0 180 180\" fill=\"none\" xmlns=\"http:\/\/www.w3.org\/2000\/svg\" class=\"picto-svg-next\">\r\n\t<circle cx=\"90\" cy=\"90\" r=\"60\" class=\"omb\" \/>\r\n\t\t<rect x=\"79.3223\" y=\"86.7868\" width=\"25\" height=\"5\" transform=\"rotate(45 79.3223 86.7868)\" fill=\"#F2F2ED\" \/>\r\n\t<rect width=\"25\" height=\"5\" transform=\"matrix(-0.707107 0.707107 0.707107 0.707107 93.3271 72.3215)\" fill=\"#F2F2ED\" \/>\r\n\t\t<\/svg>\r\n\t\t\t\t<\/div>\r\n\t\t\t<div class=\"swiper-button-next swiperbtnext-0\">\r\n\t\t\t\t\t<style>\r\n\t\t.omb {box-shadow: 0px 0px 30px rgba(0, 0, 0, 0.9);}\r\n\t<\/style>\r\n\t<svg width=\"180\" height=\"180\" viewBox=\"0 0 180 180\" fill=\"none\" xmlns=\"http:\/\/www.w3.org\/2000\/svg\" class=\"picto-svg-next\">\r\n\t<circle cx=\"90\" cy=\"90\" r=\"60\" class=\"omb\" \/>\r\n\t\t<rect x=\"100.678\" y=\"93.2133\" width=\"25\" height=\"5\" transform=\"rotate(-135 100.678 93.2133)\" fill=\"#F2F2ED\" \/>\r\n\t<rect width=\"25\" height=\"5\" transform=\"matrix(0.707107 -0.707107 -0.707107 -0.707107 86.6733 107.678)\" fill=\"#F2F2ED\" \/>\r\n\t\t<\/svg>\r\n\t\t\t\t<\/div>\r\n\t\t\t            \t\t<\/div>\r\n\t<\/div>\r\n<\/div>\r\n\r\n[\/vc_column_inner][\/vc_row_inner]\t<div class=\"adeo-section lame padded bg-none\">\r\n\t\t<!-- <div class=\"wrap-resp\"><a href=\"https:\/\/www.adeo.com\/pl\/\" class=\"bc-item bc-item_first\" title=\"Strona g\u0142\u00f3wna\"><\/a><\/div> -->\r\n\t\t\r\n\t\t<div class=\"wrap-bc-and-share wrap-resp\">\r\n\t\t\t<div class=\"site-breadcrumb\">\r\n\t\t\t\t<a href=\"https:\/\/www.adeo.com\/pl\/\" class=\"bc-item bc-item_first\" title=\"Strona g\u0142\u00f3wna\"><\/a>\t\t\t<\/div>\r\n\t\t\t\t\t\t<div class=\"share\">\r\n\t\t\t\t\t<div class=\"KVC_composant multi-share \" id=\"KVC_ku_2\">\r\n\t\t<div class=\"text_before\">\r\n\t\t\tPodziel si\u0119&nbsp;:\r\n\t\t<\/div>\r\n\t\t<div class=\"wrap-share\">\r\n\t\t\t\t\t\t<a href=\"https:\/\/www.linkedin.com\/shareArticle?mini=true&amp;url=https%3A%2F%2Fwww.adeo.com%2Fpl%2Fto-live%2F&amp;title=&amp;summary=We+Make+Home+a+Positive+Place+to+Live+%3A+O+miejsce%2C+kt%C3%B3re+wygl%C4%85da+tak+jak+my+i+nas+%C5%82%C4%85czy%2C+w+kt%C3%B3rym+dobrze+si%C4%99+czujemy%2C+kt%C3%B3re+dba+zar%C3%B3wno+o+swoich+mieszka%C5%84c%C3%B3w%2C+jak+i+s%C4%85siad%C3%B3w+oraz+%C5%9Brodowisko.\" class=\"share in\" target=\"_blank\" title=\"LinkedIn\">LinkedIn<\/a>\r\n\t\t\t\r\n\t\t\t\t\t\t<a href=\"https:\/\/www.facebook.com\/sharer.php?u=https%3A%2F%2Fwww.adeo.com%2Fpl%2Fto-live%2F\" class=\"share fb\" target=\"_blank\" title=\"Facebook\">Facebook<\/a>\r\n\t\t\t\r\n\t\t\t\t\t\t<a href=\"https:\/\/twitter.com\/intent\/tweet?text=We+Make+Home+a+Positive+Place+to+Live+%3A+O+miejsce%2C+kt%C3%B3re+wygl%C4%85da+tak+jak+my+i+nas+%C5%82%C4%85czy%2C+w+kt%C3%B3rym+dobrze+si%C4%99+czujemy%2C+kt%C3%B3re+dba+zar%C3%B3wno+o+swoich+mieszka%C5%84c%C3%B3w%2C+jak+i+s%C4%85siad%C3%B3w+oraz+%C5%9Brodowisko. https%3A%2F%2Fwww.adeo.com%2Fpl%2Fto-live%2F\" class=\"share tw\" target=\"_blank\" title=\"Twitter \/ X\">Twitter&nbsp;\/&nbsp;X<\/a>\r\n\t\t\t\r\n\t\t\t\t\t\t<a href=\"mailto:?subject=ADEO.COM%20-%20To%20live&body=TO%20LIVE%0A%0AWe%20Make%20Home%20a%20Positive%20Place%20to%20Live%20%3A%20O%20miejsce%2C%20kt%C3%B3re%20wygl%C4%85da%20tak%20jak%20my%20i%20nas%20%C5%82%C4%85czy%2C%20w%20kt%C3%B3rym%20dobrze%20si%C4%99%20czujemy%2C%20kt%C3%B3re%20dba%20zar%C3%B3wno%20o%20swoich%20mieszka%C5%84c%C3%B3w%2C%20jak%20i%20s%C4%85siad%C3%B3w%20oraz%20%C5%9Brodowisko.%0A%0Ahttps%3A%2F%2Fwww.adeo.com%2Fpl%2Fto-live%2F\" class=\"share ml\" title=\"Email\">email<\/a>\r\n\t\t\t\t\t\t\r\n\t\t<\/div>\r\n\t<\/div>\r\n\t\t\t\t<\/div>\r\n\t\t\t\t\t<\/div>\r\n\t<\/div>\r\n\r\n<div class=\"adeo-section fullwidth bg-none padded\">\r\n\t<div class=\"ksc-lame-contenu\">\r\n\t\t<div class=\"ksc-contenu-wrap wrap-resp\">\r\n\t\t\t<h1 class=\"title-big-blue title-with-underscore\">To live<\/h1>\r\n\t\t\t<div class=\"content-double\">\r\n\t\t\t\t<div class=\"content-col texte\">\r\n\t\t\t\t\t<div class=\"subtitle keb-titre-h4\"><\/div>\r\n\t\t\t\t\t<div class=\"content keb-titre-p\"><\/p>\n<h2><span class=\"keb-headings keb-titre-h2\">\u015awiat, w kt\u00f3rym warto \u017cy\u0107<\/span><\/h2>\n<p>&nbsp;<\/p>\n<p>Chcemy przyczyni\u0107 si\u0119 do dobrego samopoczucia mieszka\u0144c\u00f3w, pracownik\u00f3w sektora mieszkaniowego, naszych zespo\u0142\u00f3w, dostawc\u00f3w i partner\u00f3w. Oferowanie wszelkich mo\u017cliwych rozwi\u0105za\u0144 w zakresie budowy, remontu, wyposa\u017cenia i dekoracji domu oznacza udzia\u0142 w projektach \u017cycia mieszka\u0144c\u00f3w \u015bwiata. I niezale\u017cnie od tego, czy jeste\u015b nastolatkiem, studentem, m\u0142odym ma\u0142\u017ce\u0144stwem, rodzin\u0105, emerytem itp. wiesz, jak wa\u017cne jest posiadanie \u201eswojego k\u0105ta\u201d i jak bardzo przyczynia si\u0119 to do codziennego dobrego samopoczucia.<\/p>\n<p>&nbsp;<\/p>\n<p>A poniewa\u017c nie mo\u017cemy s\u0142u\u017cy\u0107 dobru ludzi, nie b\u0119d\u0105c jednocze\u015bnie dobrym miejscem do pracy, ka\u017cdego dnia pracujemy nad tym, aby nasi 115 000 liderzy rozwijali si\u0119 w swojej pracy i osi\u0105gali sw\u00f3j pe\u0142ny potencja\u0142 dzi\u0119ki wyj\u0105tkowej kulturze.<\/p>\n<p>&nbsp;<\/p>\n<p>Razem, ze wszystkimi, kt\u00f3rzy podzielaj\u0105 nasze warto\u015bci, naszymi pracownikami, partnerami i dostawcami, pracujemy nad tym, aby nasze \u015brodowisko i nasza planeta sta\u0142y si\u0119 lepszym miejscem do \u017cycia, dzi\u0119ki relacjom mi\u0119dzyludzkim i podejmowanym przez nas dzia\u0142aniom.<\/p>\n<p>&nbsp;<\/p>\n<p><span style=\"color: #009eac\"><strong>Nasz\u0105 ambicj\u0105<\/strong><\/span> jest umo\u017cliwienie ka\u017cdemu \u017cycia w pozytywnym mieszkaniu.<\/p>\n<p>&nbsp;<\/p>\n<h3><span class=\"keb-headings keb-titre-h3\" style=\"color: #009eac\">WE MAKE HOME A POSITIVE PLACE TO LIVE<\/span><\/h3>\n<p><\/div>\r\n\t\t\t\t<\/div>\r\n\t\t\t\t<div class=\"content-col liste\">\r\n\t\t\t\t\t\t<div class=\"KVC_composant_listeAllPosts KVC_LISTE \" id=\"listeAllPosts-ku_4\">\r\n\t\t<div class=\"zone-title\">\r\n\t\t\t<span class=\"title-with-barre  keb-titre-h6\">Dowiedz si\u0119 wi\u0119cej<\/span>\r\n\t\t<\/div>\r\n\t\t\t\t<div class=\"UI-POST-liste\">\r\n\t\t\t<a href=\"https:\/\/www.adeo.com\/pl\/poznaj\/sprawic-aby-nasze-mieszkania-byly-pozytywnymi-miejscami-do-zycia\/\" class=\"UI-POST-liste--item show-vig\" >\r\n\t\t<span class=\"item-visu\" style=\"background-image:url('https:\/\/www.adeo.com\/wp-content\/uploads\/2022\/09\/dossier_cover_nos_engagements_2-300x300.jpg');\"><\/span>\r\n\t\t<span class=\"item-text\">\r\n\t\t\t<p class=\"title\">Sprawi\u0107, aby nasze mieszkania by\u0142y pozytywnymi miejscami do \u017cycia<\/p>\r\n\t\t\t\t\t\t\t\t<\/span>\r\n\t\t\t\t<span class=\"item-picto\"><div class=\"animpicto moinsplus\">\r\n\t<div class=\"barre-h\"><\/div>\r\n\t<div class=\"barre-v\"><\/div>\r\n<\/div>\r\n<\/span>\r\n\t\t\t<\/a>\r\n\t\t<a href=\"https:\/\/www.adeo.com\/pl\/poznaj\/oferowanie-produktow-o-pozytywnym-wplywie\/\" class=\"UI-POST-liste--item show-vig\" >\r\n\t\t<span class=\"item-visu\" style=\"background-image:url('https:\/\/www.adeo.com\/wp-content\/uploads\/2022\/08\/dossier_cover_proposer_des_solutions_adaptees_a_tous_les_habitants_2-300x240.jpg');\"><\/span>\r\n\t\t<span class=\"item-text\">\r\n\t\t\t<p class=\"title\">Oferowanie produkt\u00f3w o pozytywnym wp\u0142ywie<\/p>\r\n\t\t\t\t\t\t\t\t<\/span>\r\n\t\t\t\t<span class=\"item-picto\"><div class=\"animpicto moinsplus\">\r\n\t<div class=\"barre-h\"><\/div>\r\n\t<div class=\"barre-v\"><\/div>\r\n<\/div>\r\n<\/span>\r\n\t\t\t<\/a>\r\n\t\t<a href=\"https:\/\/www.adeo.com\/pl\/poznaj\/dla-pozytywnego-wplywu-na-ludzi-i-srodowisko\/\" class=\"UI-POST-liste--item show-vig\" >\r\n\t\t<span class=\"item-visu\" style=\"background-image:url('https:\/\/www.adeo.com\/wp-content\/uploads\/2022\/08\/dossier_cover-impacts_positifs-300x169.jpg');\"><\/span>\r\n\t\t<span class=\"item-text\">\r\n\t\t\t<p class=\"title\">Dla pozytywnego wp\u0142ywu na ludzi i \u015brodowisko<\/p>\r\n\t\t\t\t\t\t\t\t<\/span>\r\n\t\t\t\t<span class=\"item-picto\"><div class=\"animpicto moinsplus\">\r\n\t<div class=\"barre-h\"><\/div>\r\n\t<div class=\"barre-v\"><\/div>\r\n<\/div>\r\n<\/span>\r\n\t\t\t<\/a>\r\n\t\t\t<\/div>\r\n\t\t<div class=\"CTA\"><\/div>\r\n\t\t\t<\/div>\r\n\t\t\t\t\t<\/div>\r\n\t\t\t<\/div>\r\n\t\t\r\n\t\t<\/div>\r\n\t<\/div>\r\n<\/div>\r\n\t<div class=\"adeo-section fullwidth bg-light\">\r\n\t<div class=\"ksc-lame-pictos\">\t\r\n        <div class=\"wrap-pictos wrap-resp\">\r\n                                    <div class=\"picto\">\r\n                                                                <div class=\"visu\" style=\"background-image:url('https:\/\/www.adeo.com\/wp-content\/uploads\/2022\/08\/picto-data-ok.svg');\"><\/div>\r\n                                                                <p class=\"titre keb-titre-h2\">92 %<\/p>\r\n                                                                <p class=\"ss_titre keb-titre-h5\">dostawc\u00f3w handlowi w ramach umowy z grup\u0105 zakupow\u0105 ADEO<\/p>\r\n                                                                <p class=\"texte\">podpisa\u0142o kodeks etyczny w zakresie odpowiedzialnych zakup\u00f3w<\/p>\r\n                                                    <\/div>\r\n                                    <div class=\"picto\">\r\n                                                                <div class=\"visu\" style=\"background-image:url('https:\/\/www.adeo.com\/wp-content\/uploads\/2022\/10\/picto-data-oeil.svg');\"><\/div>\r\n                                                                <p class=\"titre keb-titre-h2\">73 %<\/p>\r\n                                                                <p class=\"ss_titre keb-titre-h5\">respondent\u00f3w<\/p>\r\n                                                                <p class=\"texte\">twierdzi, \u017ce s\u0105 szcz\u0119\u015bliwi w swoich mieszkaniach, wed\u0142ug raportu \u201eGoodHome\u201d<\/p>\r\n                                                    <\/div>\r\n                                    <div class=\"picto\">\r\n                                                                <div class=\"visu\" style=\"background-image:url('https:\/\/www.adeo.com\/wp-content\/uploads\/2022\/10\/picto-data-loupe.svg');\"><\/div>\r\n                                                                <p class=\"titre keb-titre-h2\">18 %<\/p>\r\n                                                                <p class=\"ss_titre keb-titre-h5\">dochod\u00f3w gospodarstwa domowego<\/p>\r\n                                                                <p class=\"texte\">przeznacza si\u0119 na cele mieszkaniowe<\/p>\r\n                                                    <\/div>\r\n                    <\/div>\r\n\t<\/div>\r\n<\/div>\r\n<div class=\"adeo-section fullwidth\">\r\n\t<div class=\"ksc-lame-pushpage\" style=\"background-image:url('https:\/\/www.adeo.com\/wp-content\/uploads\/2022\/08\/dossier_cover-impacts_positifs.jpg');\">\t\t\r\n\t\t<div class=\"wrap-pushpage wrap-resp texte-blanc\">\r\n            <h2 class=\"title_push\"><span class=\"txt_surligne\">Nasz wp\u0142yw<\/span><\/h2>\r\n\t\t\t<p class=\"desc_push\"><span data-sheets-value=\"{&quot;1&quot;:2,&quot;2&quot;:&quot;Ka\u017cdego roku w naszym pozafinansowym sprawozdaniu przedstawiamy pomiar naszego wp\u0142ywu na ludzi i \u015brodowisko.\\nNasza strategia nabiera obecnie nowego wymiaru poprzez umieszczenie w\u0142a\u015bnie wp\u0142ywu w centrum naszych zainteresowa\u0144.&quot;}\" data-sheets-userformat=\"{&quot;2&quot;:6529,&quot;3&quot;:{&quot;1&quot;:0,&quot;3&quot;:1},&quot;10&quot;:0,&quot;11&quot;:4,&quot;14&quot;:{&quot;1&quot;:2,&quot;2&quot;:16711680},&quot;15&quot;:&quot;Arial&quot;}\">Ka\u017cdego roku w naszym pozafinansowym sprawozdaniu przedstawiamy pomiar naszego wp\u0142ywu na ludzi i \u015brodowisko.<br \/>\nNasza strategia nabiera obecnie nowego wymiaru poprzez umieszczenie w\u0142a\u015bnie wp\u0142ywu w centrum naszych zainteresowa\u0144.<\/span><\/p>\r\n\t\t\t<a class=\"adeo-bt bt_push\"  href=\"https:\/\/www.adeo.com\/pl\/poznaj\/dla-pozytywnego-wplywu-na-ludzi-i-srodowisko\/\"   title=\"Dla pozytywnego wp\u0142ywu na ludzi i \u015brodowisko\"  >Dowiedz si\u0119 wi\u0119cej<\/a>\r\n\t\t<\/div>\r\n\t<\/div>\r\n<\/div>\r\n[\/vc_column][\/vc_row]<\/p>\n<\/div>","protected":false},"excerpt":{"rendered":"<p>[vc_row][vc_column][vc_row_inner disable_element=&#8221;yes&#8221;][vc_column_inner][\/vc_column_inner][\/vc_row_inner][\/vc_column][\/vc_row]<\/p>\n","protected":false},"author":3,"featured_media":5953,"parent":0,"menu_order":0,"comment_status":"closed","ping_status":"closed","template":"template-page-interne.php","meta":{"_acf_changed":false,"inline_featured_image":false,"footnotes":""},"class_list":["post-7031","page","type-page","status-publish","has-post-thumbnail","hentry"],"acf":[],"_links":{"self":[{"href":"https:\/\/www.adeo.com\/pl\/wp-json\/wp\/v2\/pages\/7031","targetHints":{"allow":["GET"]}}],"collection":[{"href":"https:\/\/www.adeo.com\/pl\/wp-json\/wp\/v2\/pages"}],"about":[{"href":"https:\/\/www.adeo.com\/pl\/wp-json\/wp\/v2\/types\/page"}],"author":[{"embeddable":true,"href":"https:\/\/www.adeo.com\/pl\/wp-json\/wp\/v2\/users\/3"}],"replies":[{"embeddable":true,"href":"https:\/\/www.adeo.com\/pl\/wp-json\/wp\/v2\/comments?post=7031"}],"version-history":[{"count":4,"href":"https:\/\/www.adeo.com\/pl\/wp-json\/wp\/v2\/pages\/7031\/revisions"}],"predecessor-version":[{"id":18193,"href":"https:\/\/www.adeo.com\/pl\/wp-json\/wp\/v2\/pages\/7031\/revisions\/18193"}],"wp:featuredmedia":[{"embeddable":true,"href":"https:\/\/www.adeo.com\/pl\/wp-json\/wp\/v2\/media\/5953"}],"wp:attachment":[{"href":"https:\/\/www.adeo.com\/pl\/wp-json\/wp\/v2\/media?parent=7031"}],"curies":[{"name":"wp","href":"https:\/\/api.w.org\/{rel}","templated":true}]}}