{"id":6926,"date":"2022-08-19T14:23:36","date_gmt":"2022-08-19T12:23:36","guid":{"rendered":"https:\/\/www.adeo.com\/adeo-na-swiecie\/"},"modified":"2026-01-05T17:25:19","modified_gmt":"2026-01-05T16:25:19","slug":"adeo-na-swiecie","status":"publish","type":"page","link":"https:\/\/www.adeo.com\/pl\/adeo-na-swiecie\/","title":{"rendered":"ADEO na \u015bwiecie"},"content":{"rendered":"<div class=\"wpb-content-wrapper\"><p>[vc_row][vc_column]<div class=\"adeo-section fullwidth bg-darkblue\">\r\n\t<div class=\"ksc-top-2col\">\t\t\r\n\t\t<div class=\"col-img\" style=\"background-image:url('https:\/\/www.adeo.com\/wp-content\/uploads\/2025\/04\/collaborateur-obramat-espagne-client-ADEO-dans-le-monde.jpg');\"><\/div>\r\n\t\t<div class=\"col-txt\">\r\n            <h1 class=\"keb-titre-h1\">ADEO<br \/>\nna \u015bwiecie<\/h1>\r\n            <p class=\"keb-titre-h4\">Naszym 360 milionom klient\u00f3w oferujemy rozwi\u0105zania opracowane z i dla mieszka\u0144c\u00f3w 11 kraj\u00f3w.<br \/>\nRozwi\u0105zania bardziej zr\u00f3wnowa\u017cone, bardziej oszcz\u0119dne i bardziej pozytywne. Nasza globalna odpowiedzialno\u015b\u0107 korporacyjna wykracza poza nasz\u0105 rol\u0119 jako dystrybutora.<br \/>\nMamy rol\u0119 do odegrania dla przysz\u0142o\u015bci \u015bwiata.<\/p>\r\n        <\/div>\r\n\t<\/div>\r\n<\/div>\r\n\t<div class=\"adeo-section lame padded bg-none\">\r\n\t\t<!-- <div class=\"wrap-resp\"><a href=\"https:\/\/www.adeo.com\/pl\/\" class=\"bc-item bc-item_first\" title=\"Strona g\u0142\u00f3wna\"><\/a><\/div> -->\r\n\t\t\r\n\t\t<div class=\"wrap-bc-and-share wrap-resp\">\r\n\t\t\t<div class=\"site-breadcrumb\">\r\n\t\t\t\t<a href=\"https:\/\/www.adeo.com\/pl\/\" class=\"bc-item bc-item_first\" title=\"Strona g\u0142\u00f3wna\"><\/a>\t\t\t<\/div>\r\n\t\t\t\t\t\t<div class=\"share\">\r\n\t\t\t\t\t<div class=\"KVC_composant multi-share \" id=\"KVC_ku_1\">\r\n\t\t<div class=\"text_before\">\r\n\t\t\tPodziel si\u0119&nbsp;:\r\n\t\t<\/div>\r\n\t\t<div class=\"wrap-share\">\r\n\t\t\t\t\t\t<a href=\"https:\/\/www.linkedin.com\/shareArticle?mini=true&amp;url=https%3A%2F%2Fwww.adeo.com%2Fpl%2Fadeo-na-swiecie%2F&amp;title=&amp;summary=Dla+naszych+ponad+360+milion%C3%B3w+klient%C3%B3w+oferujemy+rozwi%C4%85zania+zaprojektowane+z+lud%C5%BAmi+i+dla+ludzi+w+11+krajach+i+poprzez+6+marek.\" class=\"share in\" target=\"_blank\" title=\"LinkedIn\">LinkedIn<\/a>\r\n\t\t\t\r\n\t\t\t\t\t\t<a href=\"https:\/\/www.facebook.com\/sharer.php?u=https%3A%2F%2Fwww.adeo.com%2Fpl%2Fadeo-na-swiecie%2F\" class=\"share fb\" target=\"_blank\" title=\"Facebook\">Facebook<\/a>\r\n\t\t\t\r\n\t\t\t\t\t\t<a href=\"https:\/\/twitter.com\/intent\/tweet?text=Dla+naszych+ponad+360+milion%C3%B3w+klient%C3%B3w+oferujemy+rozwi%C4%85zania+zaprojektowane+z+lud%C5%BAmi+i+dla+ludzi+w+11+krajach+i+poprzez+6+marek. https%3A%2F%2Fwww.adeo.com%2Fpl%2Fadeo-na-swiecie%2F\" class=\"share tw\" target=\"_blank\" title=\"Twitter \/ X\">Twitter&nbsp;\/&nbsp;X<\/a>\r\n\t\t\t\r\n\t\t\t\t\t\t<a href=\"mailto:?subject=ADEO.COM%20-%20ADEO%20na%20%C5%9Bwiecie&body=ADEO%20NA%20%C5%9AWIECIE%0A%0ADla%20naszych%20ponad%20360%20milion%C3%B3w%20klient%C3%B3w%20oferujemy%20rozwi%C4%85zania%20zaprojektowane%20z%20lud%C5%BAmi%20i%20dla%20ludzi%20w%2011%20krajach%20i%20poprzez%206%20marek.%0A%0Ahttps%3A%2F%2Fwww.adeo.com%2Fpl%2Fadeo-na-swiecie%2F\" class=\"share ml\" title=\"Email\">email<\/a>\r\n\t\t\t\t\t\t\r\n\t\t<\/div>\r\n\t<\/div>\r\n\t\t\t\t<\/div>\r\n\t\t\t\t\t<\/div>\r\n\t<\/div>\r\n\r\n<div class=\"adeo-section fullwidth bg-none padded\">\r\n\t<div class=\"ksc-lame-implantations\">\r\n\t\t<div class=\"ksc-implantations-wrap wrap-resp\">\r\n\t\t\t<div class=\"country-menu\"><div class=\"country-menu-item\" onclick=\"GBRSEL.selcountry(this);\" data-country=\"afrique_sud\">RPA<\/div><div class=\"country-menu-item\" onclick=\"GBRSEL.selcountry(this);\" data-country=\"bresil\">Brazylia<\/div><div class=\"country-menu-item\" onclick=\"GBRSEL.selcountry(this);\" data-country=\"chine\">Chiny<\/div><div class=\"country-menu-item\" onclick=\"GBRSEL.selcountry(this);\" data-country=\"chypre\">Cypr<\/div><div class=\"country-menu-item\" onclick=\"GBRSEL.selcountry(this);\" data-country=\"espagne\">Hiszpania<\/div><div class=\"country-menu-item\" onclick=\"GBRSEL.selcountry(this);\" data-country=\"france\">Francja<\/div><div class=\"country-menu-item\" onclick=\"GBRSEL.selcountry(this);\" data-country=\"grece\">Grecja<\/div><div class=\"country-menu-item\" onclick=\"GBRSEL.selcountry(this);\" data-country=\"italie\">W\u0142ochy<\/div><div class=\"country-menu-item\" onclick=\"GBRSEL.selcountry(this);\" data-country=\"portugal\">Portugalia<\/div><div class=\"country-menu-item\" onclick=\"GBRSEL.selcountry(this);\" data-country=\"pologne\">Polska<\/div><div class=\"country-menu-item\" onclick=\"GBRSEL.selcountry(this);\" data-country=\"roumanie\">Rumunia<\/div><div class=\"country-menu-item\" onclick=\"GBRSEL.selcountry(this);\" data-country=\"ukraine\">Ukraina<\/div><div class=\"country-menu-item\" onclick=\"GBRSEL.selcountry(this);\" data-country=\"vietnam\">Wietnam<\/div><\/div>\r\n\t\t\t<div class=\"implantations-grid\"><\/div>\r\n\t\t<\/div>\r\n\t<\/div>\r\n<\/div>\r\n\t<div class=\"adeo-section fullwidth\">\r\n\t<div class=\"ksc-lame-pushpage\" style=\"background-image:url('https:\/\/www.adeo.com\/wp-content\/uploads\/2022\/09\/bloc_push_decouvrez_nos_marques.jpg');\">\t\t\r\n\t\t<div class=\"wrap-pushpage wrap-resp texte-blanc\">\r\n            <h2 class=\"title_push\"><span class=\"txt_surligne\">Poznaj nasze marki<\/span><\/h2>\r\n\t\t\t<p class=\"desc_push\"><span data-sheets-value=\"{&quot;1&quot;:2,&quot;2&quot;:&quot;\u0141\u0105cz\u0105c nasz\u0105 \u015bwiatow\u0105 sie\u0107 ponad 1000 sklep\u00f3w z witryn\u0105 e-commerce, oferujemy ka\u017cdemu obywatelowi mo\u017cliwo\u015b\u0107 realizacji jego projekt\u00f3w mieszkaniowych w dowolnym czasie, miejscu i w dowolny spos\u00f3b.&quot;}\" data-sheets-userformat=\"{&quot;2&quot;:6529,&quot;3&quot;:{&quot;1&quot;:0,&quot;3&quot;:1},&quot;10&quot;:0,&quot;11&quot;:4,&quot;14&quot;:{&quot;1&quot;:2,&quot;2&quot;:16711680},&quot;15&quot;:&quot;Arial&quot;}\">\u0141\u0105cz\u0105c nasz\u0105 \u015bwiatow\u0105 sie\u0107 ponad 1000 sklep\u00f3w z witryn\u0105 e-commerce, oferujemy ka\u017cdemu obywatelowi mo\u017cliwo\u015b\u0107 realizacji jego projekt\u00f3w mieszkaniowych w dowolnym czasie, miejscu i w dowolny spos\u00f3b.<\/span><\/p>\r\n\t\t\t<a class=\"adeo-bt bt_push\"  href=\"https:\/\/www.adeo.com\/pl\/#brands\"   title=\"We make home a positive place to live\"  >Id\u0105c dalej<\/a>\r\n\t\t<\/div>\r\n\t<\/div>\r\n<\/div>\r\n[\/vc_column][\/vc_row]<\/p>\n<\/div>","protected":false},"excerpt":{"rendered":"<p>[vc_row][vc_column][\/vc_column][\/vc_row]<\/p>\n","protected":false},"author":3,"featured_media":0,"parent":0,"menu_order":0,"comment_status":"closed","ping_status":"closed","template":"template-page-interne.php","meta":{"_acf_changed":false,"inline_featured_image":false,"footnotes":""},"class_list":["post-6926","page","type-page","status-publish","hentry"],"acf":[],"_links":{"self":[{"href":"https:\/\/www.adeo.com\/pl\/wp-json\/wp\/v2\/pages\/6926","targetHints":{"allow":["GET"]}}],"collection":[{"href":"https:\/\/www.adeo.com\/pl\/wp-json\/wp\/v2\/pages"}],"about":[{"href":"https:\/\/www.adeo.com\/pl\/wp-json\/wp\/v2\/types\/page"}],"author":[{"embeddable":true,"href":"https:\/\/www.adeo.com\/pl\/wp-json\/wp\/v2\/users\/3"}],"replies":[{"embeddable":true,"href":"https:\/\/www.adeo.com\/pl\/wp-json\/wp\/v2\/comments?post=6926"}],"version-history":[{"count":6,"href":"https:\/\/www.adeo.com\/pl\/wp-json\/wp\/v2\/pages\/6926\/revisions"}],"predecessor-version":[{"id":18709,"href":"https:\/\/www.adeo.com\/pl\/wp-json\/wp\/v2\/pages\/6926\/revisions\/18709"}],"wp:attachment":[{"href":"https:\/\/www.adeo.com\/pl\/wp-json\/wp\/v2\/media?parent=6926"}],"curies":[{"name":"wp","href":"https:\/\/api.w.org\/{rel}","templated":true}]}}