{"id":13875,"date":"2023-06-29T07:32:39","date_gmt":"2023-06-29T05:32:39","guid":{"rendered":"https:\/\/www.adeo.com\/nos-engagements-ethiques\/"},"modified":"2024-08-27T17:42:14","modified_gmt":"2024-08-27T15:42:14","slug":"zobowiazania-etyczne","status":"publish","type":"page","link":"https:\/\/www.adeo.com\/pl\/zobowiazania-etyczne\/","title":{"rendered":"Zobowi\u0105zania etyczne"},"content":{"rendered":"<div class=\"wpb-content-wrapper\"><p>[vc_row][vc_column]<div class=\"adeo-section fullwidth bg-darkblue\">\r\n\t<div class=\"ksc-top-2col\">\t\t\r\n\t\t<div class=\"col-img\" style=\"background-image:url('https:\/\/www.adeo.com\/wp-content\/uploads\/2023\/06\/cover_nos_engagements_ethiques.jpg');\"><\/div>\r\n\t\t<div class=\"col-txt\">\r\n            <h1 class=\"keb-titre-h1\">Nasze zobowi\u0105zania etyczne<\/h1>\r\n            <p class=\"keb-titre-h4\">Poznaj zasady etyczne maj\u0105ce na celu popraw\u0119 relacji i zachowa\u0144 mi\u0119dzy pracownikami przedsi\u0119biorstw ADEO oraz z naszym ekosystemem.<\/p>\r\n        <\/div>\r\n\t<\/div>\r\n<\/div>\r\n\t<div class=\"adeo-section lame padded bg-none\">\r\n\t\t<!-- <div class=\"wrap-resp\"><a href=\"https:\/\/www.adeo.com\/pl\/\" class=\"bc-item bc-item_first\" title=\"Strona g\u0142\u00f3wna\"><\/a><\/div> -->\r\n\t\t\r\n\t\t<div class=\"wrap-bc-and-share wrap-resp\">\r\n\t\t\t<div class=\"site-breadcrumb\">\r\n\t\t\t\t<a href=\"https:\/\/www.adeo.com\/pl\/\" class=\"bc-item bc-item_first\" title=\"Strona g\u0142\u00f3wna\"><\/a>\t\t\t<\/div>\r\n\t\t\t\t\t\t<div class=\"share\">\r\n\t\t\t\t\t<div class=\"KVC_composant multi-share \" id=\"KVC_ku_1\">\r\n\t\t<div class=\"text_before\">\r\n\t\t\tPodziel si\u0119&nbsp;:\r\n\t\t<\/div>\r\n\t\t<div class=\"wrap-share\">\r\n\t\t\t\t\t\t<a href=\"https:\/\/www.linkedin.com\/shareArticle?mini=true&amp;url=https%3A%2F%2Fwww.adeo.com%2Fpl%2Fzobowiazania-etyczne%2F&amp;title=&amp;summary=\" class=\"share in\" target=\"_blank\" title=\"LinkedIn\">LinkedIn<\/a>\r\n\t\t\t\r\n\t\t\t\t\t\t<a href=\"https:\/\/www.facebook.com\/sharer.php?u=https%3A%2F%2Fwww.adeo.com%2Fpl%2Fzobowiazania-etyczne%2F\" class=\"share fb\" target=\"_blank\" title=\"Facebook\">Facebook<\/a>\r\n\t\t\t\r\n\t\t\t\t\t\t<a href=\"https:\/\/twitter.com\/intent\/tweet?text= https%3A%2F%2Fwww.adeo.com%2Fpl%2Fzobowiazania-etyczne%2F\" class=\"share tw\" target=\"_blank\" title=\"Twitter \/ X\">Twitter&nbsp;\/&nbsp;X<\/a>\r\n\t\t\t\r\n\t\t\t\t\t\t<a href=\"mailto:?subject=ADEO.COM%20-%20Zobowi%C4%85zania%20etyczne&body=ZOBOWI%C4%84ZANIA%20ETYCZNE%0A%0A%0A%0Ahttps%3A%2F%2Fwww.adeo.com%2Fpl%2Fzobowiazania-etyczne%2F\" class=\"share ml\" title=\"Email\">email<\/a>\r\n\t\t\t\t\t\t\r\n\t\t<\/div>\r\n\t<\/div>\r\n\t\t\t\t<\/div>\r\n\t\t\t\t\t<\/div>\r\n\t<\/div>\r\n\r\n[\/vc_column][\/vc_row][vc_row el_class=&#8221;wrap-resp&#8221;][vc_column][vc_column_text css=&#8221;.vc_custom_1688034343372{margin-bottom: 50px !important;}&#8221;]<\/p>\n<h2><span class=\"keb-headings keb-titre-h2\">Wszyscy jeste\u015bmy zaanga\u017cowani w etyczne podej\u015bcie<\/span><\/h2>\n<p>[\/vc_column_text][vc_column_text]Ka\u017cde przedsi\u0119biorstwo ADEO ma silne warto\u015bci, kt\u00f3re s\u0105 podzielane przez wszystkich pracownik\u00f3w i piel\u0119gnowane ka\u017cdego dnia.<\/p>\n<p>&nbsp;<\/p>\n<p>Nasze warto\u015bci okre\u015blaj\u0105 nasze zachowanie w naszych przedsi\u0119biorstwach, a tak\u017ce w naszym ekosystemie klient\u00f3w, dostawc\u00f3w, us\u0142ugodawc\u00f3w, w\u0142adz publicznych itp. Dzi\u0119ki jasnym zasadom i zachowaniu ka\u017cdego z nas mo\u017cemy je wciela\u0107 w \u017cycie i potwierdza\u0107.<\/p>\n<p>&nbsp;<\/p>\n<p>W celu podj\u0119cia i zakomunikowania swoich zobowi\u0105za\u0144, ADEO wprowadzi\u0142o nast\u0119puj\u0105ce kodeksy post\u0119powania:[\/vc_column_text][\/vc_column][\/vc_row][vc_row css=&#8221;.vc_custom_1685967401295{margin-top: 40px !important;margin-bottom: 40px !important;}&#8221; el_class=&#8221;wrap-resp&#8221;][vc_column]\t<div class=\"ksc-lame-pushblock\">\r\n\t\t<div class=\"wrap-pushblock texte-blanc\">\r\n\t\t\t<h3 class=\"title_push keb-headings keb-titre-h4\"><span class=\"color-surligne bleu\">&nbsp;Kodeks etyczny&nbsp;<\/span><\/h3>\r\n\t\t\t<div class=\"desc_push\">przeznaczony dla pracownik\u00f3w ADEO.<\/div>\r\n\t\t\t<div class=\"cta_push\"><a href=\"https:\/\/www.adeo.com\/wp-content\/uploads\/2024\/08\/EN_Adeo-S-Code-of-Conduct_2024.pdf\" title=\"Przeczytaj kodeks\" class=\"adeo-bt bt_push\"  target=\"_blank\" rel=\"noopener noreferrer\" >Przeczytaj kodeks<\/a><\/div>\r\n\t\t<\/div>\r\n\t\t\t\t<a href=\"https:\/\/www.adeo.com\/wp-content\/uploads\/2024\/08\/EN_Adeo-S-Code-of-Conduct_2024.pdf\" title=\"Przeczytaj kodeks\" target=\"_blank\" rel=\"noopener noreferrer\" class=\"cta_download\">TELECH<\/a>\r\n\t\t\t<\/div>\r\n\t<div class=\"ksc-lame-pushblock\">\r\n\t\t<div class=\"wrap-pushblock texte-blanc\">\r\n\t\t\t<h3 class=\"title_push keb-headings keb-titre-h4\"><span class=\"color-surligne jaune\">&nbsp;Kodeks Odpowiedzialnych Zakup\u00f3w Przedsi\u0119biorstwa ADEO - Zakupy Bezpo\u015brednie&nbsp;<\/span><\/h3>\r\n\t\t\t<div class=\"desc_push\">Zakupy Bezpo\u015brednie jest przeznaczony dla os\u00f3b fizycznych lub podmiot\u00f3w prawnych bezpo\u015brednio dostarczaj\u0105cych towary do sp\u00f3\u0142ek ADEO na ca\u0142ym \u015bwiecie, a tak\u017ce ich sp\u00f3\u0142ek zale\u017cnych, sp\u00f3\u0142ek siostrzanych, podwykonawc\u00f3w i dostawc\u00f3w. Jak r\u00f3wnie\u017c dla wszystkich os\u00f3b fizycznych lub podmiot\u00f3w prawnych, kt\u00f3re dostarczaj\u0105 towary klientowi ko\u0144cowemu za po\u015brednictwem platformy handlowej (marketplace) ADEO.<\/div>\r\n\t\t\t<div class=\"cta_push\"><a href=\"https:\/\/www.adeo.com\/wp-content\/uploads\/2023\/07\/ENGLISH_ADEO-Responsible-Purchasing-Code-of-Conduct.pdf\" title=\"Przeczytaj kodeks\" class=\"adeo-bt bt_push\"  target=\"_blank\" rel=\"noopener noreferrer\" >Przeczytaj kodeks<\/a><\/div>\r\n\t\t<\/div>\r\n\t\t\t\t<a href=\"https:\/\/www.adeo.com\/wp-content\/uploads\/2023\/07\/ENGLISH_ADEO-Responsible-Purchasing-Code-of-Conduct.pdf\" title=\"Przeczytaj kodeks\" target=\"_blank\" rel=\"noopener noreferrer\" class=\"cta_download\">TELECH<\/a>\r\n\t\t\t<\/div>\r\n[\/vc_column][\/vc_row][vc_row css=&#8221;.vc_custom_1689178532242{margin-top: 40px !important;margin-bottom: 40px !important;}&#8221; el_class=&#8221;wrap-resp&#8221;][vc_column]\t<div class=\"ksc-lame-pushblock\">\r\n\t\t<div class=\"wrap-pushblock texte-blanc\">\r\n\t\t\t<h3 class=\"title_push keb-headings keb-titre-h4\"><span class=\"color-surligne vert\">&nbsp;Kodeks Odpowiedzialnych Zakup\u00f3w Przedsi\u0119biorstwa ADEO - Zakupy Niebezpo\u015brednie&nbsp;<\/span><\/h3>\r\n\t\t\t<div class=\"desc_push\">Zakupy Niebezpo\u015brednie jest przeznaczony dla os\u00f3b fizycznych lub podmiot\u00f3w prawnych, kt\u00f3re \u015bwiadcz\u0105 na rzecz przedsi\u0119biorstw ADEO bezpo\u015brednio lub po\u015brednio us\u0142ugi (w tym wszelkich agent\u00f3w lub po\u015brednik\u00f3w) lub dostarczaj\u0105 towary, kt\u00f3re nie s\u0105 przeznaczone do sprzeda\u017cy klientom.<\/div>\r\n\t\t\t<div class=\"cta_push\"><a href=\"https:\/\/www.adeo.com\/wp-content\/uploads\/2023\/07\/Indirect-Purchasing-Code-of-Conduct-EN-final-version.pdf\" title=\"Przeczytaj kodeks\" class=\"adeo-bt bt_push\"  target=\"_blank\" rel=\"noopener noreferrer\" >Przeczytaj kodeks<\/a><\/div>\r\n\t\t<\/div>\r\n\t\t\t\t<a href=\"https:\/\/www.adeo.com\/wp-content\/uploads\/2023\/07\/Indirect-Purchasing-Code-of-Conduct-EN-final-version.pdf\" title=\"Przeczytaj kodeks\" target=\"_blank\" rel=\"noopener noreferrer\" class=\"cta_download\">TELECH<\/a>\r\n\t\t\t<\/div>\r\n\t<div class=\"ksc-lame-pushblock\">\r\n\t\t<div class=\"wrap-pushblock texte-blanc\">\r\n\t\t\t<h3 class=\"title_push keb-headings keb-titre-h4\"><span class=\"color-surligne violet\">&nbsp;Kodeks dotycz\u0105cy darowizn i sponsoringu&nbsp;<\/span><\/h3>\r\n\t\t\t<div class=\"desc_push\">Przeznaczony jest dla podmiot\u00f3w otrzymuj\u0105cych darowizny i sponsoring od ADEO.<\/div>\r\n\t\t\t<div class=\"cta_push\"><a href=\"https:\/\/www.adeo.com\/wp-content\/uploads\/2023\/10\/ADEO-Donations-and-Sponsorships-Code-of-Conduct-EN.pdf\" title=\"Przeczytaj kodeks\" class=\"adeo-bt bt_push\"  target=\"_blank\" rel=\"noopener noreferrer\" >Przeczytaj kodeks<\/a><\/div>\r\n\t\t<\/div>\r\n\t\t\t\t<a href=\"https:\/\/www.adeo.com\/wp-content\/uploads\/2023\/10\/ADEO-Donations-and-Sponsorships-Code-of-Conduct-EN.pdf\" title=\"Przeczytaj kodeks\" target=\"_blank\" rel=\"noopener noreferrer\" class=\"cta_download\">TELECH<\/a>\r\n\t\t\t<\/div>\r\n[\/vc_column][\/vc_row][vc_row el_class=&#8221;wrap-resp&#8221;][vc_column][vc_column_text css=&#8221;.vc_custom_1688034456658{margin-bottom: 50px !important;}&#8221;]<\/p>\n<h2><span class=\"keb-headings keb-titre-h2\">Kana\u0142 zg\u0142osze\u0144 otwarty dla wszystkich w celu rozwi\u0105zywania kwestii etycznych<\/span><\/h2>\n<p>[\/vc_column_text][vc_column_text]Opr\u00f3cz wy\u017cej wymienionych kodeks\u00f3w i zobowi\u0105za\u0144 przedsi\u0119biorstw ADEO do rozwijania swojej dzia\u0142alno\u015bci w spos\u00f3b uczciwy, ADEO zaleca swoim pracownikom, partnerom, podwykonawcom i klientom, aby w przypadku zaobserwowania lub do\u015bwiadczenia sytuacji lub zachowania niezgodnego z Kodeksem lub prawem korzystali z bezpiecznego kana\u0142u zg\u0142osze\u0144 utworzonego przez ADEO.<\/p>\n<p>&nbsp;<\/p>\n<p>Kana\u0142 ten jest narz\u0119dziem og\u00f3lnodost\u0119pnym, aby pom\u00f3c przedsi\u0119biorstwu zapobiega\u0107 takim zachowaniom. Gwarantuje on poufno\u015b\u0107 i ochron\u0119 sygnalisty, zaanga\u017cowanych os\u00f3b i zg\u0142aszanych fakt\u00f3w. Sygnali\u015bci mog\u0105 pozosta\u0107 anonimowi, je\u015bli sobie tego \u017cycz\u0105. Komisja ds. etyki jest odpowiedzialna za obs\u0142ug\u0119 zg\u0142osze\u0144 i promowanie kultury etycznej w przedsi\u0119biorstwach ADEO.[\/vc_column_text][\/vc_column][\/vc_row][vc_row css=&#8221;.vc_custom_1685967401295{margin-top: 40px !important;margin-bottom: 40px !important;}&#8221; el_class=&#8221;wrap-resp&#8221;][vc_column]\t<div class=\"ksc-lame-pushblock\">\r\n\t\t<div class=\"wrap-pushblock texte-blanc\">\r\n\t\t\t<h3 class=\"title_push keb-headings keb-titre-h4\"><span class=\"color-surligne rouge\">&nbsp;Kana\u0142 zg\u0142osze\u0144 dla pracownik\u00f3w&nbsp;<\/span><\/h3>\r\n\t\t\t<div class=\"desc_push\">Ka\u017cde przedsi\u0119biorstwo ADEO posiada kana\u0142 zg\u0142osze\u0144 dost\u0119pny dla wszystkich pracownik\u00f3w, lokalnie, w przypadku zachowa\u0144 sprzecznych z kodeksem etycznym.<\/div>\r\n\t\t\t<div class=\"cta_push\"><a href=\"https:\/\/adeo.whispli.com\/lp\/adeo-services\" title=\"\" class=\"adeo-bt bt_push\"  target=\"_blank\" rel=\"noopener noreferrer\" >Utw\u00f3rz zg\u0142oszenie<\/a><\/div>\r\n\t\t<\/div>\r\n\t\t\t<\/div>\r\n\t<div class=\"ksc-lame-pushblock\">\r\n\t\t<div class=\"wrap-pushblock texte-blanc\">\r\n\t\t\t<h3 class=\"title_push keb-headings keb-titre-h4\"><span class=\"color-surligne rouge\">&nbsp;Kana\u0142 zg\u0142osze\u0144 dla dostawc\u00f3w, partner\u00f3w i klient\u00f3w&nbsp;<\/span><\/h3>\r\n\t\t\t<div class=\"desc_push\">ADEO utworzy\u0142o r\u00f3wnie\u017c dedykowany kana\u0142 zg\u0142osze\u0144 dla swoich klient\u00f3w, partner\u00f3w, dostawc\u00f3w i podwykonawc\u00f3w, a tak\u017ce ich pracownik\u00f3w, sp\u00f3\u0142ek zale\u017cnych, podwykonawc\u00f3w i dostawc\u00f3w.<\/div>\r\n\t\t\t<div class=\"cta_push\"><a href=\"https:\/\/adeo.whispli.com\/lp\/third-parties?locale=en\" title=\"\" class=\"adeo-bt bt_push\"  target=\"_blank\" rel=\"noopener noreferrer\" >Utw\u00f3rz zg\u0142oszenie<\/a><\/div>\r\n\t\t<\/div>\r\n\t\t\t<\/div>\r\n[\/vc_column][\/vc_row]<\/p>\n<\/div>","protected":false},"excerpt":{"rendered":"<p>[vc_row][vc_column][\/vc_column][\/vc_row][vc_row el_class=&#8221;wrap-resp&#8221;][vc_column][vc_column_text css=&#8221;.vc_custom_1688034343372{margin-bottom: 50px !important;}&#8221;] Wszyscy jeste\u015bmy zaanga\u017cowani w etyczne podej\u015bcie [\/vc_column_text][vc_column_text]Ka\u017cde przedsi\u0119biorstwo ADEO ma silne warto\u015bci, kt\u00f3re s\u0105 podzielane przez wszystkich pracownik\u00f3w i piel\u0119gnowane ka\u017cdego dnia. &nbsp; Nasze warto\u015bci okre\u015blaj\u0105 nasze zachowanie w naszych przedsi\u0119biorstwach, a tak\u017ce w naszym ekosystemie klient\u00f3w, dostawc\u00f3w, us\u0142ugodawc\u00f3w, w\u0142adz publicznych itp. Dzi\u0119ki jasnym zasadom i zachowaniu ka\u017cdego z nas [&hellip;]<\/p>\n","protected":false},"author":3,"featured_media":0,"parent":0,"menu_order":0,"comment_status":"closed","ping_status":"closed","template":"","meta":{"_acf_changed":false,"inline_featured_image":false,"footnotes":""},"class_list":["post-13875","page","type-page","status-publish","hentry"],"acf":[],"_links":{"self":[{"href":"https:\/\/www.adeo.com\/pl\/wp-json\/wp\/v2\/pages\/13875","targetHints":{"allow":["GET"]}}],"collection":[{"href":"https:\/\/www.adeo.com\/pl\/wp-json\/wp\/v2\/pages"}],"about":[{"href":"https:\/\/www.adeo.com\/pl\/wp-json\/wp\/v2\/types\/page"}],"author":[{"embeddable":true,"href":"https:\/\/www.adeo.com\/pl\/wp-json\/wp\/v2\/users\/3"}],"replies":[{"embeddable":true,"href":"https:\/\/www.adeo.com\/pl\/wp-json\/wp\/v2\/comments?post=13875"}],"version-history":[{"count":1,"href":"https:\/\/www.adeo.com\/pl\/wp-json\/wp\/v2\/pages\/13875\/revisions"}],"predecessor-version":[{"id":17060,"href":"https:\/\/www.adeo.com\/pl\/wp-json\/wp\/v2\/pages\/13875\/revisions\/17060"}],"wp:attachment":[{"href":"https:\/\/www.adeo.com\/pl\/wp-json\/wp\/v2\/media?parent=13875"}],"curies":[{"name":"wp","href":"https:\/\/api.w.org\/{rel}","templated":true}]}}