{"id":3657,"date":"2022-08-19T13:30:34","date_gmt":"2022-08-19T13:30:34","guid":{"rendered":"https:\/\/www.adeo.com\/agire-insieme\/"},"modified":"2023-01-04T13:21:14","modified_gmt":"2023-01-04T13:21:14","slug":"agire-insieme","status":"publish","type":"page","link":"https:\/\/www.adeo.com\/it\/agire-insieme\/","title":{"rendered":"Agire insieme"},"content":{"rendered":"<div class=\"wpb-content-wrapper\"><p>[vc_row][vc_column]<div class=\"adeo-section fullwidth bg-darkblue\">\r\n\t<div class=\"ksc-top-2col\">\t\t\r\n\t\t<div class=\"col-img\" style=\"background-image:url('https:\/\/www.adeo.com\/wp-content\/uploads\/2022\/09\/top_cover_sinformer_comprendre_sinspirer_1200.jpg');\"><\/div>\r\n\t\t<div class=\"col-txt\">\r\n            <h1 class=\"keb-titre-h1\">Informarsi<br \/>\nComprendere<br \/>\nIspirarsi<br \/>\n<strong>Agire insieme<\/strong><\/h1>\r\n            <p class=\"keb-titre-h4\">Ovunque si sente parlare di un mondo pi\u00f9 aperto, pi\u00f9 facilitante, pi\u00f9 intelligente, pi\u00f9 connesso, pi\u00f9 esperto, pi\u00f9 responsabile e positivo.<br \/><br \/>\nMa in termini concreti?<br \/>\nScopri come ADEO sta trasformando la casa in un luogo positivo in tutto il mondo.<\/p>\r\n        <\/div>\r\n\t<\/div>\r\n<\/div>\r\n\t<div class=\"adeo-section lame padded bg-none\">\r\n\t\t<!-- <div class=\"wrap-resp\"><a href=\"https:\/\/www.adeo.com\/it\/\" class=\"bc-item bc-item_first\" title=\"Home\"><\/a><\/div> -->\r\n\t\t\r\n\t\t<div class=\"wrap-bc-and-share wrap-resp\">\r\n\t\t\t<div class=\"site-breadcrumb\">\r\n\t\t\t\t<a href=\"https:\/\/www.adeo.com\/it\/\" class=\"bc-item bc-item_first\" title=\"Home\"><\/a>\t\t\t<\/div>\r\n\t\t\t\t\t\t<div class=\"share\">\r\n\t\t\t\t\t<div class=\"KVC_composant multi-share \" id=\"KVC_ku_1\">\r\n\t\t<div class=\"text_before\">\r\n\t\t\tCondividi&nbsp;:\r\n\t\t<\/div>\r\n\t\t<div class=\"wrap-share\">\r\n\t\t\t\t\t\t<a href=\"https:\/\/www.linkedin.com\/shareArticle?mini=true&amp;url=https%3A%2F%2Fwww.adeo.com%2Fit%2Fagire-insieme%2F&amp;title=&amp;summary=Scopri+come+ADEO+sta+trasformando+la+casa+per+renderla+un+luogo+positivo+in+cui+vivere+in+tutto+il+mondo+per+le+persone.\" class=\"share in\" target=\"_blank\" title=\"LinkedIn\">LinkedIn<\/a>\r\n\t\t\t\r\n\t\t\t\t\t\t<a href=\"https:\/\/www.facebook.com\/sharer.php?u=https%3A%2F%2Fwww.adeo.com%2Fit%2Fagire-insieme%2F\" class=\"share fb\" target=\"_blank\" title=\"Facebook\">Facebook<\/a>\r\n\t\t\t\r\n\t\t\t\t\t\t<a href=\"https:\/\/twitter.com\/intent\/tweet?text=Scopri+come+ADEO+sta+trasformando+la+casa+per+renderla+un+luogo+positivo+in+cui+vivere+in+tutto+il+mondo+per+le+persone. https%3A%2F%2Fwww.adeo.com%2Fit%2Fagire-insieme%2F\" class=\"share tw\" target=\"_blank\" title=\"Twitter \/ X\">Twitter&nbsp;\/&nbsp;X<\/a>\r\n\t\t\t\r\n\t\t\t\t\t\t<a href=\"mailto:?subject=ADEO.COM%20-%20Agire%20insieme&body=AGIRE%20INSIEME%0A%0AScopri%20come%20ADEO%20sta%20trasformando%20la%20casa%20per%20renderla%20un%20luogo%20positivo%20in%20cui%20vivere%20in%20tutto%20il%20mondo%20per%20le%20persone.%0A%0Ahttps%3A%2F%2Fwww.adeo.com%2Fit%2Fagire-insieme%2F\" class=\"share ml\" title=\"Email\">email<\/a>\r\n\t\t\t\t\t\t\r\n\t\t<\/div>\r\n\t<\/div>\r\n\t\t\t\t<\/div>\r\n\t\t\t\t\t<\/div>\r\n\t<\/div>\r\n\r\n<div class=\"adeo-section fullwidth bg-none padded\">\r\n\t<div class=\"ksc-lame-alaune\">\r\n\t\t<div class=\"wrap-resp\">\r\n\t\t\t<div class=\"UIflex\">\r\n\t\t\t\t<div class=\"UIflex-col\">\r\n                    \t\t\t\t\t<div class=\"UIblock block-square block-rounded blockid-decalimg\">\r\n\t\t\t\t\t\t<div class=\"UIblock-content content-img\" style=\"background-image:url('https:\/\/www.adeo.com\/wp-content\/uploads\/2026\/04\/Safety-First-Garantir-chaque-jour-un-environnement-sur-pour-tous.jpg');\">\r\n\t\t\t\t\t\t<\/div>\r\n\t\t\t\t\t<\/div>\r\n\t\t\t\t\t\t\t\t\t<\/div>\r\n\t\t\t\t<div class=\"UIflex-col\">\r\n                                            <p class=\"title-with-barre\">In prima pagina<\/p>\r\n                    \t\t\t\t\t<div class=\"keb-titre-h2 mrg-b30 title-with-underscore\">Safety First: Ensuring a safe environment for everyone, every day<\/div>\r\n\t\t\t\t\t<div class=\"keb-titre-h6 mrg-b30\">At ADEO, safety is more than a policy; it is the heartbeat of our commitment. &nbsp; By positioning safety as a core operational priority through our \u201cSafety First\u201d strategy, we uphold a fundamental conviction: the well-being of every individual is the cornerstone of responsible and sustainable performance. &nbsp; Our ambition is unequivocal: \"Zero Accidents.\" This target reflects our responsibility toward&hellip;<\/div>\r\n\t\t\t\t\t<a href=\"https:\/\/www.adeo.com\/it\/news\/safety-first-ensuring-a-safe-environment-for-everyone-every-day\/\" class=\"adeo-bt \">Per saperne di pi\u00f9<\/a>\r\n\t\t\t\t<\/div>\r\n\t\t\t<\/div>\r\n\t\t<\/div>\r\n\t<\/div>\r\n<\/div>\r\n<!-- Sticky -->\r\n<div class=\"faq-sticky-jump\" onclick=\"TOOLS_smoothScrollTo('.ksc-lame-faq',200);\" >\t\r\n\t<div class=\"content-roll keb-titre-h6\">Hai bisogno di aiuto?<\/div>\r\n\t<div class=\"wrap-content\"><\/div>\r\n<\/div>\r\n<div class=\"adeo-section fullwidth bg-none padded\">\r\n\t<div class=\"ksc-lame-faq\">\t\t\r\n\t\t<div class=\"wrap-resp\">\r\n\t\t\t<div class=\"zone-title\">\r\n\t\t\t\t<h2 class=\"faq-title keb-titre-h1 title-with-underscore\"><span class=\"keb-headings keb-titre-h1\">Hai bisogno di aiuto?<\/span><\/h2>\r\n\t\t\t\t<div class=\"zone-search\">\r\n\t<form role=\"search\" method=\"get\" class=\"search-form-mini\" action=\"https:\/\/www.adeo.com\/it\/\">\r\n\t\t<label>\r\n\t\t\t<span class=\"screen-reader-text\">Cerca...<\/span>\r\n\t\t\t<input type=\"search\" class=\"search-field\" placeholder=\"Cerca...\" value=\"\" name=\"s\">\r\n\t\t<\/label>\r\n\t\t<input type=\"submit\" class=\"search-submit\" value=\"Rechercher\">\r\n\t<\/form>\r\n<\/div>\r\n\t\t\t<\/div>\r\n\t\t\t<div class=\"wrap-listefaq\">\r\n\t\t\t\t\t\t<a href=\"https:\/\/www.adeo.com\/espace-presse\/\" style=\"color:#FFFFFF; background-color:#0DCC82;\" class=\"faq-item\" >Accedi all'area stampa<\/a>\r\n\t\t\t\t\t\t<a href=\"https:\/\/www.adeo.com\/dossier\/le-partage-au-coeur-de-notre-culture\/\" style=\"color:#000000; background-color:#F2CC26;\" class=\"faq-item\" >Scopri i nostri impegni Human First<\/a>\r\n\t\t\t\t\t\t<a href=\"https:\/\/www.adeo.com\/dossier\/rendre-accessibles-nos-solutions-pour-un-habitat-positif\/\" style=\"color:#FFFFFF; background-color:#615E9C;\" class=\"faq-item\" >Comprendi la nostra strategia<\/a>\r\n\t\t\t\t\t\t<a href=\"https:\/\/www.adeo.com\/dossier\/faire-de-nos-habitats-des-lieux-de-vie-positifs\/\" style=\"color:#FFFFFF; background-color:#F0593B;\" class=\"faq-item\" >Scopri le nostre azioni per l'habitat<\/a>\r\n\t\t\t\t\t\t<a href=\"https:\/\/www.adeo.com\/engagements-ethiques\/\" style=\"color:#FFFFFF; background-color:#3F5A6C;\" class=\"faq-item\" >Conhecer os compromissos \u00e9ticos da ADEO<\/a>\r\n\t\t\t\t\t\t<a href=\"https:\/\/www.adeo.com\/dossier\/proposer-des-produits-a-impact-positifs\/\" style=\"color:#FFFFFF; background-color:#00ACD6;\" class=\"faq-item\" >Comprendi la progettazione dei prodotti in ADEO<\/a>\r\n\t\t\t\t\t\t<a href=\"https:\/\/www.adeo.com\/dossier\/notre-adn-le-partage\/\" style=\"color:#000000; background-color:#85D353;\" class=\"faq-item\" >Scopri la nostra cultura della condivisione<\/a>\r\n\t\t\t\t\t\t<a href=\"https:\/\/www.adeo.com\/dossier\/115-000-leaders-dun-avenir-positif\/\" style=\"color:#FFFFFF; background-color:#F78C23;\" class=\"faq-item\" >Chi \u00e8 un leader ADEO<\/a>\r\n\t\t\t\t\t\t<a href=\"https:\/\/www.adeo.com\/dossier\/la-securite-avant-tout\/\" style=\"color:#FFFFFF; background-color:#0DCC82;\" class=\"faq-item\" >Conosci le azioni di Safety First<\/a>\r\n\t\t\t\t\t\t<a href=\"https:\/\/www.adeo.com\/dossier\/adeo-un-ecosysteme-dentreprises-unique\/\" style=\"color:#000000; background-color:#F2CC26;\" class=\"faq-item\" >Scopri il modello ADEO<\/a>\r\n\t\t\t\t\t\t<a href=\"https:\/\/www.adeo.com\/dossier\/pour-des-impacts-humains-et-environnementaux-positifs\/\" style=\"color:#FFFFFF; background-color:#615E9C;\" class=\"faq-item\" >Comprendi gli impatti ADEO<\/a>\r\n\t\t\t\t\t\t<a href=\"https:\/\/www.adeo.com\/adeo-dans-le-monde\/\" style=\"color:#FFFFFF; background-color:#F0593B;\" class=\"faq-item\" >Scopri le insegne ADEO<\/a>\r\n\t\t\t\t\t\t<a href=\"https:\/\/www.adeo.com\/adeo-plateforme-dentreprises-ouvertes-et-connectee\/#brands\" style=\"color:#FFFFFF; background-color:#3F5A6C;\" class=\"faq-item\" >Per saperne di pi\u00f9 su ADEO<\/a>\r\n\t\t\t\t\t\t<a href=\"https:\/\/www.adeo.com\/adeo-plateforme-dentreprises-ouvertes-et-connectee\/#timeline\" style=\"color:#FFFFFF; background-color:#00ACD6;\" class=\"faq-item\" >Scopri la storia di ADEO<\/a>\r\n\t\t\t\t\t\t<a href=\"https:\/\/www.adeo.com\/agir-ensemble\/\" style=\"color:#000000; background-color:#85D353;\" class=\"faq-item\" >Leggi le ultime notizie<\/a>\r\n\t\t\t\t\t\t<a href=\"https:\/\/www.adeo.com\/adeo-dans-le-monde\/\" style=\"color:#FFFFFF; background-color:#F78C23;\" class=\"faq-item\" >Entra in contatto con le insegne ADEO<\/a>\r\n\t\t\t\t\r\n\t\t\t<\/div>\r\n            <div class=\"bt-more-faq\">\r\n                <svg width=\"180\" height=\"180\" viewBox=\"0 0 180 180\" fill=\"none\" xmlns=\"http:\/\/www.w3.org\/2000\/svg\" class=\"picto-svg-next\">\r\n                    <circle cx=\"90\" cy=\"90\" r=\"60\" class=\"omb\" \/>\r\n                    <rect x=\"79.3223\" y=\"86.7868\" width=\"25\" height=\"5\" transform=\"rotate(45 79.3223 86.7868)\" fill=\"#F2F2ED\" \/>\r\n                    <rect width=\"25\" height=\"5\" transform=\"matrix(-0.707107 0.707107 0.707107 0.707107 93.3271 72.3215)\" fill=\"#F2F2ED\" \/>\r\n                <\/svg>\r\n            <\/div>\r\n\t\t<\/div>\r\n\t<\/div>\r\n<\/div>\r\n[\/vc_column][\/vc_row][vc_row css=&#8221;.vc_custom_1661178324457{padding-top: 60px !important;padding-bottom: 60px !important;background-color: #223848 !important;}&#8221;][vc_column]\t\t\t\t<div class=\"KVC_composant_KEBPOSTGRID show-visu show-title show-cat show-btplus bg-darkblue wrap-resp\" id=\"KEBPOSTGRID-0\" data-load=\"eyJwX3RpdGxlIjoiTGUgbm9zdHJlIHVsdGltZSBub3RpemllIiwidGhlbWUiOiJiZy1kYXJrYmx1ZSIsInBfYnRtb3JlIjoib3VpIiwicF9idG1vcmVfbGliIjoiQWx0cmkgYXJ0aWNvbGkiLCJwX2J0bW9yZV9uYmxvdCI6IjYiLCJwX21haW5jbGFzcyI6IndyYXAtcmVzcCIsInJwX3R5cGVwb3N0IjoicG9zdCIsInBfbmJjb2wiOiIzIiwicF9hZmZjbGFzcyI6InNob3ctdmlzdSxzaG93LXRpdGxlLHNob3ctY2F0LHNob3ctYnRwbHVzIiwicF9pbWdyYXRpbyI6InMtM18xIiwicF9idHBsdXNfbGliIjoiTGVnZ2kgbCdhcnRpY29sbyIsInBfYnRmaWx0cmVfbGliIjoiU2hvdyBhbGwgY2F0ZWdvcmllcyIsInBfdGl0bGVkb20iOiJoNCIsInBfb2Zmc2V0IjoyfQ==\">\r\n                        <h2 class=\"keb-titre-h1 title-with-underscore\" >Le nostre ultime notizie<\/h2>\r\n            \t\t\t\t\t\t<div class=\"KEBPOSTGRID-msg\"><\/div>\r\n\t\t\t<div class=\"KEBPOSTGRID-wrapliste colnb-3 modele-box\">\r\n\t\t\t\r\n\r\n\t\t\t\t\t<a class=\"ksc-block-post \" href=\"https:\/\/www.adeo.com\/it\/news\/professional-equality-a-driver-of-performance-and-future-growth-for-adeo\/\">\r\n\t<div class=\"alpha\"><\/div>\r\n\t\t<div class=\"visu\" style=\"background-image:url('https:\/\/www.adeo.com\/wp-content\/uploads\/2026\/03\/Egalite-professionnelle-un-levier-de-performance-et-davenir-pour-ADEO-1024x576.jpg')\"><\/div>\r\n\t\t<div class=\"text\">\r\n        \t\t<h3 class=\"title keb-titre-h4\"><span class=\"surligne\">Professional equality: a driver of performance and future growth for ADEO<\/span><\/h3>\r\n\t\t<div class=\"adeo-bt bt-blanc\">Leggi l'articolo<\/div>\r\n\t\t\r\n\t<\/div>\r\n<\/a>\r\n<a class=\"ksc-block-post \" href=\"https:\/\/www.adeo.com\/it\/news\/housing-local-commitments-from-our-leaders\/\">\r\n\t<div class=\"alpha\"><\/div>\r\n\t\t<div class=\"visu\" style=\"background-image:url('https:\/\/www.adeo.com\/wp-content\/uploads\/2026\/02\/Habitat-nos-leaders-sengagent-localement-3-1024x576.jpg')\"><\/div>\r\n\t\t<div class=\"text\">\r\n        \t\t<h3 class=\"title keb-titre-h4\"><span class=\"surligne\">Housing: local commitments  from our leaders<\/span><\/h3>\r\n\t\t<div class=\"adeo-bt bt-blanc\">Leggi l'articolo<\/div>\r\n\t\t\r\n\t<\/div>\r\n<\/a>\r\n<a class=\"ksc-block-post \" href=\"https:\/\/www.adeo.com\/it\/news\/all-adeo-un-dispositivo-mondiale-di-condivisione-del-valore\/\">\r\n\t<div class=\"alpha\"><\/div>\r\n\t\t<div class=\"visu\" style=\"background-image:url('https:\/\/www.adeo.com\/wp-content\/uploads\/2025\/09\/article_all_adeo-1024x576.jpg')\"><\/div>\r\n\t\t<div class=\"text\">\r\n        \t\t<h3 class=\"title keb-titre-h4\"><span class=\"surligne\">Intervista doppia con Thomas Bouret e Weber Niza<\/span><\/h3>\r\n\t\t<div class=\"adeo-bt bt-blanc\">Leggi l'articolo<\/div>\r\n\t\t\r\n\t<\/div>\r\n<\/a>\r\n<a class=\"ksc-block-post \" href=\"https:\/\/www.adeo.com\/it\/news\/get-involved-festival-celebrating-diversity-inclusion-and-solidarity-at-adeo\/\">\r\n\t<div class=\"alpha\"><\/div>\r\n\t\t<div class=\"visu\" style=\"background-image:url('https:\/\/www.adeo.com\/wp-content\/uploads\/2025\/11\/Get-Involved-Festival-ADEO-celebre-la-diversite-linclusion-et-la-solidarite-1024x576.jpg')\"><\/div>\r\n\t\t<div class=\"text\">\r\n        \t\t<h3 class=\"title keb-titre-h4\"><span class=\"surligne\">Get Involved Festival: Celebrating Diversity, Inclusion, and Solidarity at ADEO<\/span><\/h3>\r\n\t\t<div class=\"adeo-bt bt-blanc\">Leggi l'articolo<\/div>\r\n\t\t\r\n\t<\/div>\r\n<\/a>\r\n<a class=\"ksc-block-post \" href=\"https:\/\/www.adeo.com\/it\/news\/the-weldom-entrepreneur-campus\/\">\r\n\t<div class=\"alpha\"><\/div>\r\n\t\t<div class=\"visu\" style=\"background-image:url('https:\/\/www.adeo.com\/wp-content\/uploads\/2024\/09\/cover_campus_entrepreneurs-1024x576.jpg')\"><\/div>\r\n\t\t<div class=\"text\">\r\n        \t\t<h3 class=\"title keb-titre-h4\"><span class=\"surligne\">The Entrepreneur Campus: revealing the spirit of entrepreneurship<\/span><\/h3>\r\n\t\t<div class=\"adeo-bt bt-blanc\">Leggi l'articolo<\/div>\r\n\t\t\r\n\t<\/div>\r\n<\/a>\r\n<a class=\"ksc-block-post \" href=\"https:\/\/www.adeo.com\/it\/news\/obramax-professionals-academy\/\">\r\n\t<div class=\"alpha\"><\/div>\r\n\t\t<div class=\"visu\" style=\"background-image:url('https:\/\/www.adeo.com\/wp-content\/uploads\/2025\/03\/Academie-des-professionnels-Obramax-1-1024x576.jpg')\"><\/div>\r\n\t\t<div class=\"text\">\r\n        \t\t<h3 class=\"title keb-titre-h4\"><span class=\"surligne\">Obramax Professionals Academy: Over 47,000 professionals trained!<\/span><\/h3>\r\n\t\t<div class=\"adeo-bt bt-blanc\">Leggi l'articolo<\/div>\r\n\t\t\r\n\t<\/div>\r\n<\/a>\r\n<div class=\"KEBPOSTGRID-sectionloadmore\"><button class=\"adeo-bt inverted btn-loadmore\" onclick=\"kpg.lm(2,this)\"><span class=\"more-btn\">Altri articoli<\/button><\/div>\t\t\t\r\n\t\t\t\t\t\t\r\n\t\t\t<\/div>\t\r\n\t\t<\/div>\r\n\t\t[\/vc_column][\/vc_row]<\/p>\n<\/div>","protected":false},"excerpt":{"rendered":"<p>[vc_row][vc_column][\/vc_column][\/vc_row][vc_row css=&#8221;.vc_custom_1661178324457{padding-top: 60px !important;padding-bottom: 60px !important;background-color: #223848 !important;}&#8221;][vc_column][\/vc_column][\/vc_row]<\/p>\n","protected":false},"author":3,"featured_media":0,"parent":0,"menu_order":0,"comment_status":"closed","ping_status":"closed","template":"template-page-interne.php","meta":{"_acf_changed":false,"inline_featured_image":false,"footnotes":""},"class_list":["post-3657","page","type-page","status-publish","hentry"],"acf":[],"_links":{"self":[{"href":"https:\/\/www.adeo.com\/it\/wp-json\/wp\/v2\/pages\/3657","targetHints":{"allow":["GET"]}}],"collection":[{"href":"https:\/\/www.adeo.com\/it\/wp-json\/wp\/v2\/pages"}],"about":[{"href":"https:\/\/www.adeo.com\/it\/wp-json\/wp\/v2\/types\/page"}],"author":[{"embeddable":true,"href":"https:\/\/www.adeo.com\/it\/wp-json\/wp\/v2\/users\/3"}],"replies":[{"embeddable":true,"href":"https:\/\/www.adeo.com\/it\/wp-json\/wp\/v2\/comments?post=3657"}],"version-history":[{"count":0,"href":"https:\/\/www.adeo.com\/it\/wp-json\/wp\/v2\/pages\/3657\/revisions"}],"wp:attachment":[{"href":"https:\/\/www.adeo.com\/it\/wp-json\/wp\/v2\/media?parent=3657"}],"curies":[{"name":"wp","href":"https:\/\/api.w.org\/{rel}","templated":true}]}}