{"id":3966,"date":"2022-08-19T13:30:34","date_gmt":"2022-08-19T13:30:34","guid":{"rendered":"https:\/\/www.adeo.com\/actuar-juntos\/"},"modified":"2023-01-04T13:25:14","modified_gmt":"2023-01-04T13:25:14","slug":"actuar-juntos","status":"publish","type":"page","link":"https:\/\/www.adeo.com\/es\/actuar-juntos\/","title":{"rendered":"Actuar juntos"},"content":{"rendered":"<div class=\"wpb-content-wrapper\"><p>[vc_row][vc_column]<div class=\"adeo-section fullwidth bg-darkblue\">\r\n\t<div class=\"ksc-top-2col\">\t\t\r\n\t\t<div class=\"col-img\" style=\"background-image:url('https:\/\/www.adeo.com\/wp-content\/uploads\/2022\/09\/top_cover_sinformer_comprendre_sinspirer_1200.jpg');\"><\/div>\r\n\t\t<div class=\"col-txt\">\r\n            <h1 class=\"keb-titre-h1\">Informarse<br \/>\nEntendiendo<br \/>\nInsp\u00edrate<br \/>\n<strong>Actuar juntos<\/strong><\/h1>\r\n            <p class=\"keb-titre-h4\">En todas partes o\u00edmos hablar de un mundo m\u00e1s abierto, m\u00e1s facilitador, m\u00e1s inteligente, m\u00e1s conectado, m\u00e1s experto, m\u00e1s responsable y positivo.<br \/><br \/>\n\u00bfPero en t\u00e9rminos concretos?<br \/>\nDescubra c\u00f3mo ADEO est\u00e1 transformando el hogar en un lugar positivo para vivir en todo el mundo.<\/p>\r\n        <\/div>\r\n\t<\/div>\r\n<\/div>\r\n\t<div class=\"adeo-section lame padded bg-none\">\r\n\t\t<!-- <div class=\"wrap-resp\"><a href=\"https:\/\/www.adeo.com\/es\/\" class=\"bc-item bc-item_first\" title=\"Inicio\"><\/a><\/div> -->\r\n\t\t\r\n\t\t<div class=\"wrap-bc-and-share wrap-resp\">\r\n\t\t\t<div class=\"site-breadcrumb\">\r\n\t\t\t\t<a href=\"https:\/\/www.adeo.com\/es\/\" class=\"bc-item bc-item_first\" title=\"Inicio\"><\/a>\t\t\t<\/div>\r\n\t\t\t\t\t\t<div class=\"share\">\r\n\t\t\t\t\t<div class=\"KVC_composant multi-share \" id=\"KVC_ku_1\">\r\n\t\t<div class=\"text_before\">\r\n\t\t\tCompartir&nbsp;:\r\n\t\t<\/div>\r\n\t\t<div class=\"wrap-share\">\r\n\t\t\t\t\t\t<a href=\"https:\/\/www.linkedin.com\/shareArticle?mini=true&amp;url=https%3A%2F%2Fwww.adeo.com%2Fes%2Factuar-juntos%2F&amp;title=&amp;summary=Descubra+c%C3%B3mo+ADEO+est%C3%A1+transformando+la+vivienda+para+convertirla+en+un+lugar+positivo+para+las+personas+en+todo+el+mundo.\" class=\"share in\" target=\"_blank\" title=\"LinkedIn\">LinkedIn<\/a>\r\n\t\t\t\r\n\t\t\t\t\t\t<a href=\"https:\/\/www.facebook.com\/sharer.php?u=https%3A%2F%2Fwww.adeo.com%2Fes%2Factuar-juntos%2F\" class=\"share fb\" target=\"_blank\" title=\"Facebook\">Facebook<\/a>\r\n\t\t\t\r\n\t\t\t\t\t\t<a href=\"https:\/\/twitter.com\/intent\/tweet?text=Descubra+c%C3%B3mo+ADEO+est%C3%A1+transformando+la+vivienda+para+convertirla+en+un+lugar+positivo+para+las+personas+en+todo+el+mundo. https%3A%2F%2Fwww.adeo.com%2Fes%2Factuar-juntos%2F\" class=\"share tw\" target=\"_blank\" title=\"Twitter \/ X\">Twitter&nbsp;\/&nbsp;X<\/a>\r\n\t\t\t\r\n\t\t\t\t\t\t<a href=\"mailto:?subject=ADEO.COM%20-%20Actuar%20juntos&body=ACTUAR%20JUNTOS%0A%0ADescubra%20c%C3%B3mo%20ADEO%20est%C3%A1%20transformando%20la%20vivienda%20para%20convertirla%20en%20un%20lugar%20positivo%20para%20las%20personas%20en%20todo%20el%20mundo.%0A%0Ahttps%3A%2F%2Fwww.adeo.com%2Fes%2Factuar-juntos%2F\" class=\"share ml\" title=\"Email\">email<\/a>\r\n\t\t\t\t\t\t\r\n\t\t<\/div>\r\n\t<\/div>\r\n\t\t\t\t<\/div>\r\n\t\t\t\t\t<\/div>\r\n\t<\/div>\r\n\r\n<div class=\"adeo-section fullwidth bg-none padded\">\r\n\t<div class=\"ksc-lame-alaune\">\r\n\t\t<div class=\"wrap-resp\">\r\n\t\t\t<div class=\"UIflex\">\r\n\t\t\t\t<div class=\"UIflex-col\">\r\n                    \t\t\t\t\t<div class=\"UIblock block-square block-rounded blockid-decalimg\">\r\n\t\t\t\t\t\t<div class=\"UIblock-content content-img\" style=\"background-image:url('https:\/\/www.adeo.com\/wp-content\/uploads\/2026\/03\/Egalite-professionnelle-un-levier-de-performance-et-davenir-pour-ADEO.jpg');\">\r\n\t\t\t\t\t\t<\/div>\r\n\t\t\t\t\t<\/div>\r\n\t\t\t\t\t\t\t\t\t<\/div>\r\n\t\t\t\t<div class=\"UIflex-col\">\r\n                                            <p class=\"title-with-barre\">En portada<\/p>\r\n                    \t\t\t\t\t<div class=\"keb-titre-h2 mrg-b30 title-with-underscore\">Professional equality: a driver of performance and future growth for ADEO<\/div>\r\n\t\t\t\t\t<div class=\"keb-titre-h6 mrg-b30\">At ADEO, we firmly believe that our overall performance is based on the diversity and complementarity of our talents. &nbsp; Ensuring that each person has a meaningful role and is fully recognized goes far beyond a human commitment; it is the driving force behind our collective success. To turn this conviction into concrete results, we have made professional equality a&hellip;<\/div>\r\n\t\t\t\t\t<a href=\"https:\/\/www.adeo.com\/es\/news\/professional-equality-a-driver-of-performance-and-future-growth-for-adeo\/\" class=\"adeo-bt \">Saiba mais<\/a>\r\n\t\t\t\t<\/div>\r\n\t\t\t<\/div>\r\n\t\t<\/div>\r\n\t<\/div>\r\n<\/div>\r\n<!-- Sticky -->\r\n<div class=\"faq-sticky-jump\" onclick=\"TOOLS_smoothScrollTo('.ksc-lame-faq',200);\" >\t\r\n\t<div class=\"content-roll keb-titre-h6\">\u00bfNecesita ayuda?<\/div>\r\n\t<div class=\"wrap-content\"><\/div>\r\n<\/div>\r\n<div class=\"adeo-section fullwidth bg-none padded\">\r\n\t<div class=\"ksc-lame-faq\">\t\t\r\n\t\t<div class=\"wrap-resp\">\r\n\t\t\t<div class=\"zone-title\">\r\n\t\t\t\t<h2 class=\"faq-title keb-titre-h1 title-with-underscore\"><span class=\"keb-headings keb-titre-h1\">\u00bfNecesita ayuda?<\/span><\/h2>\r\n\t\t\t\t<div class=\"zone-search\">\r\n\t<form role=\"search\" method=\"get\" class=\"search-form-mini\" action=\"https:\/\/www.adeo.com\/es\/\">\r\n\t\t<label>\r\n\t\t\t<span class=\"screen-reader-text\">Buscar...<\/span>\r\n\t\t\t<input type=\"search\" class=\"search-field\" placeholder=\"Buscar...\" value=\"\" name=\"s\">\r\n\t\t<\/label>\r\n\t\t<input type=\"submit\" class=\"search-submit\" value=\"Rechercher\">\r\n\t<\/form>\r\n<\/div>\r\n\t\t\t<\/div>\r\n\t\t\t<div class=\"wrap-listefaq\">\r\n\t\t\t\t\t\t<a href=\"https:\/\/www.adeo.com\/espace-presse\/\" style=\"color:#FFFFFF; background-color:#0DCC82;\" class=\"faq-item\" >Quiero acceder al \u00e1rea de prensa<\/a>\r\n\t\t\t\t\t\t<a href=\"https:\/\/www.adeo.com\/dossier\/le-partage-au-coeur-de-notre-culture\/\" style=\"color:#000000; background-color:#F2CC26;\" class=\"faq-item\" >Descubrir nuestros compromisos Human First<\/a>\r\n\t\t\t\t\t\t<a href=\"https:\/\/www.adeo.com\/dossier\/rendre-accessibles-nos-solutions-pour-un-habitat-positif\/\" style=\"color:#FFFFFF; background-color:#615E9C;\" class=\"faq-item\" >Entender nuestra estrategia<\/a>\r\n\t\t\t\t\t\t<a href=\"https:\/\/www.adeo.com\/dossier\/faire-de-nos-habitats-des-lieux-de-vie-positifs\/\" style=\"color:#FFFFFF; background-color:#F0593B;\" class=\"faq-item\" >Descubrir nuestras acciones para el hogar<\/a>\r\n\t\t\t\t\t\t<a href=\"https:\/\/www.adeo.com\/engagements-ethiques\/\" style=\"color:#FFFFFF; background-color:#3F5A6C;\" class=\"faq-item\" >Conoce los compromisos \u00e9ticos de ADEO<\/a>\r\n\t\t\t\t\t\t<a href=\"https:\/\/www.adeo.com\/dossier\/proposer-des-produits-a-impact-positifs\/\" style=\"color:#FFFFFF; background-color:#00ACD6;\" class=\"faq-item\" >Entender c\u00f3mo dise\u00f1a ADEO sus productos<\/a>\r\n\t\t\t\t\t\t<a href=\"https:\/\/www.adeo.com\/dossier\/notre-adn-le-partage\/\" style=\"color:#000000; background-color:#85D353;\" class=\"faq-item\" >Descubrir nuestra cultura del compartir<\/a>\r\n\t\t\t\t\t\t<a href=\"https:\/\/www.adeo.com\/dossier\/115-000-leaders-dun-avenir-positif\/\" style=\"color:#FFFFFF; background-color:#F78C23;\" class=\"faq-item\" >Quiero entender qu\u00e9 es un l\u00edder de ADEO<\/a>\r\n\t\t\t\t\t\t<a href=\"https:\/\/www.adeo.com\/dossier\/la-securite-avant-tout\/\" style=\"color:#FFFFFF; background-color:#0DCC82;\" class=\"faq-item\" >Conocer las acciones Safety First<\/a>\r\n\t\t\t\t\t\t<a href=\"https:\/\/www.adeo.com\/dossier\/adeo-un-ecosysteme-dentreprises-unique\/\" style=\"color:#000000; background-color:#F2CC26;\" class=\"faq-item\" >Descubrir el modelo ADEO<\/a>\r\n\t\t\t\t\t\t<a href=\"https:\/\/www.adeo.com\/dossier\/pour-des-impacts-humains-et-environnementaux-positifs\/\" style=\"color:#FFFFFF; background-color:#615E9C;\" class=\"faq-item\" >Entender los impactos de ADEO<\/a>\r\n\t\t\t\t\t\t<a href=\"https:\/\/www.adeo.com\/adeo-dans-le-monde\/\" style=\"color:#FFFFFF; background-color:#F0593B;\" class=\"faq-item\" >Descubrir las marcas ADEO<\/a>\r\n\t\t\t\t\t\t<a href=\"https:\/\/www.adeo.com\/adeo-plateforme-dentreprises-ouvertes-et-connectee\/#brands\" style=\"color:#FFFFFF; background-color:#3F5A6C;\" class=\"faq-item\" >M\u00e1s informaci\u00f3n sobre ADEO<\/a>\r\n\t\t\t\t\t\t<a href=\"https:\/\/www.adeo.com\/adeo-plateforme-dentreprises-ouvertes-et-connectee\/#timeline\" style=\"color:#FFFFFF; background-color:#00ACD6;\" class=\"faq-item\" >Descubrir la historia de ADEO<\/a>\r\n\t\t\t\t\t\t<a href=\"https:\/\/www.adeo.com\/agir-ensemble\/\" style=\"color:#000000; background-color:#85D353;\" class=\"faq-item\" >Conocer las \u00faltimas noticias<\/a>\r\n\t\t\t\t\t\t<a href=\"https:\/\/www.adeo.com\/adeo-dans-le-monde\/\" style=\"color:#FFFFFF; background-color:#F78C23;\" class=\"faq-item\" >Entrar en contacto con las marcas ADEO<\/a>\r\n\t\t\t\t\r\n\t\t\t<\/div>\r\n            <div class=\"bt-more-faq\">\r\n                <svg width=\"180\" height=\"180\" viewBox=\"0 0 180 180\" fill=\"none\" xmlns=\"http:\/\/www.w3.org\/2000\/svg\" class=\"picto-svg-next\">\r\n                    <circle cx=\"90\" cy=\"90\" r=\"60\" class=\"omb\" \/>\r\n                    <rect x=\"79.3223\" y=\"86.7868\" width=\"25\" height=\"5\" transform=\"rotate(45 79.3223 86.7868)\" fill=\"#F2F2ED\" \/>\r\n                    <rect width=\"25\" height=\"5\" transform=\"matrix(-0.707107 0.707107 0.707107 0.707107 93.3271 72.3215)\" fill=\"#F2F2ED\" \/>\r\n                <\/svg>\r\n            <\/div>\r\n\t\t<\/div>\r\n\t<\/div>\r\n<\/div>\r\n[\/vc_column][\/vc_row][vc_row css=\u00bb.vc_custom_1661178324457{padding-top: 60px !important;padding-bottom: 60px !important;background-color: #223848 !important;}\u00bb][vc_column]\t\t\t\t<div class=\"KVC_composant_KEBPOSTGRID show-visu show-title show-cat show-btplus bg-darkblue wrap-resp\" id=\"KEBPOSTGRID-0\" data-load=\"eyJwX3RpdGxlIjoiTnVlc3RyYXMgXHUwMGZhbHRpbWFzIG5vdGljaWFzIiwidGhlbWUiOiJiZy1kYXJrYmx1ZSIsInBfYnRtb3JlIjoib3VpIiwicF9idG1vcmVfbGliIjoiTVx1MDBlMXMgYXJ0XHUwMGVkY3Vsb3MiLCJwX2J0bW9yZV9uYmxvdCI6IjYiLCJwX21haW5jbGFzcyI6IndyYXAtcmVzcCIsInJwX3R5cGVwb3N0IjoicG9zdCIsInBfbmJjb2wiOiIzIiwicF9hZmZjbGFzcyI6InNob3ctdmlzdSxzaG93LXRpdGxlLHNob3ctY2F0LHNob3ctYnRwbHVzIiwicF9pbWdyYXRpbyI6InMtM18xIiwicF9idHBsdXNfbGliIjoiTGVlciBlbCBhcnRcdTAwZWRjdWxvIiwicF9idGZpbHRyZV9saWIiOiJTaG93IGFsbCBjYXRlZ29yaWVzIiwicF90aXRsZWRvbSI6Img0IiwicF9vZmZzZXQiOjJ9\">\r\n                        <h2 class=\"keb-titre-h1 title-with-underscore\" >Nuestras \u00faltimas noticias<\/h2>\r\n            \t\t\t\t\t\t<div class=\"KEBPOSTGRID-msg\"><\/div>\r\n\t\t\t<div class=\"KEBPOSTGRID-wrapliste colnb-3 modele-box\">\r\n\t\t\t\r\n\r\n\t\t\t\t\t<a class=\"ksc-block-post \" href=\"https:\/\/www.adeo.com\/es\/news\/get-involved-festival-celebrating-diversity-inclusion-and-solidarity-at-adeo\/\">\r\n\t<div class=\"alpha\"><\/div>\r\n\t\t<div class=\"visu\" style=\"background-image:url('https:\/\/www.adeo.com\/wp-content\/uploads\/2025\/11\/Get-Involved-Festival-ADEO-celebre-la-diversite-linclusion-et-la-solidarite-1024x576.jpg')\"><\/div>\r\n\t\t<div class=\"text\">\r\n        \t\t<h3 class=\"title keb-titre-h4\"><span class=\"surligne\">Get Involved Festival: Celebrating Diversity, Inclusion, and Solidarity at ADEO<\/span><\/h3>\r\n\t\t<div class=\"adeo-bt bt-blanc\">Descubrir el art\u00edculo<\/div>\r\n\t\t\r\n\t<\/div>\r\n<\/a>\r\n<a class=\"ksc-block-post \" href=\"https:\/\/www.adeo.com\/es\/news\/all-adeo-un-programa-mundial-de-participacion-en-la-creacion-de-valor\/\">\r\n\t<div class=\"alpha\"><\/div>\r\n\t\t<div class=\"visu\" style=\"background-image:url('https:\/\/www.adeo.com\/wp-content\/uploads\/2025\/09\/article_all_adeo-1024x576.jpg')\"><\/div>\r\n\t\t<div class=\"text\">\r\n        \t\t<h3 class=\"title keb-titre-h4\"><span class=\"surligne\">Entrevista cruzada con Thomas Bouret y Weber Niza <\/span><\/h3>\r\n\t\t<div class=\"adeo-bt bt-blanc\">Descubrir el art\u00edculo<\/div>\r\n\t\t\r\n\t<\/div>\r\n<\/a>\r\n<a class=\"ksc-block-post \" href=\"https:\/\/www.adeo.com\/es\/news\/the-weldom-entrepreneur-campus\/\">\r\n\t<div class=\"alpha\"><\/div>\r\n\t\t<div class=\"visu\" style=\"background-image:url('https:\/\/www.adeo.com\/wp-content\/uploads\/2024\/09\/cover_campus_entrepreneurs-1024x576.jpg')\"><\/div>\r\n\t\t<div class=\"text\">\r\n        \t\t<h3 class=\"title keb-titre-h4\"><span class=\"surligne\">The Entrepreneur Campus: revealing the spirit of entrepreneurship<\/span><\/h3>\r\n\t\t<div class=\"adeo-bt bt-blanc\">Descubrir el art\u00edculo<\/div>\r\n\t\t\r\n\t<\/div>\r\n<\/a>\r\n<a class=\"ksc-block-post \" href=\"https:\/\/www.adeo.com\/es\/news\/obramax-professionals-academy\/\">\r\n\t<div class=\"alpha\"><\/div>\r\n\t\t<div class=\"visu\" style=\"background-image:url('https:\/\/www.adeo.com\/wp-content\/uploads\/2025\/03\/Academie-des-professionnels-Obramax-1-1024x576.jpg')\"><\/div>\r\n\t\t<div class=\"text\">\r\n        \t\t<h3 class=\"title keb-titre-h4\"><span class=\"surligne\">Obramax Professionals Academy: Over 47,000 professionals trained!<\/span><\/h3>\r\n\t\t<div class=\"adeo-bt bt-blanc\">Descubrir el art\u00edculo<\/div>\r\n\t\t\r\n\t<\/div>\r\n<\/a>\r\n<a class=\"ksc-block-post \" href=\"https:\/\/www.adeo.com\/es\/news\/the-adeo-marketplace\/\">\r\n\t<div class=\"alpha\"><\/div>\r\n\t\t<div class=\"visu\" style=\"background-image:url('https:\/\/www.adeo.com\/wp-content\/uploads\/2024\/07\/cover_la_marketplace_adeo-1024x576.jpg')\"><\/div>\r\n\t\t<div class=\"text\">\r\n        \t\t<h3 class=\"title keb-titre-h4\"><span class=\"surligne\">The ADEO marketplace: a major asset for ADEO customers, partners and businesses<\/span><\/h3>\r\n\t\t<div class=\"adeo-bt bt-blanc\">Descubrir el art\u00edculo<\/div>\r\n\t\t\r\n\t<\/div>\r\n<\/a>\r\n<a class=\"ksc-block-post \" href=\"https:\/\/www.adeo.com\/es\/news\/enki-a-technology-available-to-all\/\">\r\n\t<div class=\"alpha\"><\/div>\r\n\t\t<div class=\"visu\" style=\"background-image:url('https:\/\/www.adeo.com\/wp-content\/uploads\/2024\/06\/enki_une_technologie_accessible_a_tous-1024x576.jpg')\"><\/div>\r\n\t\t<div class=\"text\">\r\n        \t\t<h3 class=\"title keb-titre-h4\"><span class=\"surligne\">ENKI, for a smarter efficient home<\/span><\/h3>\r\n\t\t<div class=\"adeo-bt bt-blanc\">Descubrir el art\u00edculo<\/div>\r\n\t\t\r\n\t<\/div>\r\n<\/a>\r\n<div class=\"KEBPOSTGRID-sectionloadmore\"><button class=\"adeo-bt inverted btn-loadmore\" onclick=\"kpg.lm(2,this)\"><span class=\"more-btn\">M\u00e1s art\u00edculos<\/button><\/div>\t\t\t\r\n\t\t\t\t\t\t\r\n\t\t\t<\/div>\t\r\n\t\t<\/div>\r\n\t\t[\/vc_column][\/vc_row]<\/p>\n<\/div>","protected":false},"excerpt":{"rendered":"<p>[vc_row][vc_column][\/vc_column][\/vc_row][vc_row css=\u00bb.vc_custom_1661178324457{padding-top: 60px !important;padding-bottom: 60px !important;background-color: #223848 !important;}\u00bb][vc_column][\/vc_column][\/vc_row]<\/p>\n","protected":false},"author":3,"featured_media":0,"parent":0,"menu_order":0,"comment_status":"closed","ping_status":"closed","template":"template-page-interne.php","meta":{"_acf_changed":false,"inline_featured_image":false,"footnotes":""},"class_list":["post-3966","page","type-page","status-publish","hentry"],"acf":[],"_links":{"self":[{"href":"https:\/\/www.adeo.com\/es\/wp-json\/wp\/v2\/pages\/3966","targetHints":{"allow":["GET"]}}],"collection":[{"href":"https:\/\/www.adeo.com\/es\/wp-json\/wp\/v2\/pages"}],"about":[{"href":"https:\/\/www.adeo.com\/es\/wp-json\/wp\/v2\/types\/page"}],"author":[{"embeddable":true,"href":"https:\/\/www.adeo.com\/es\/wp-json\/wp\/v2\/users\/3"}],"replies":[{"embeddable":true,"href":"https:\/\/www.adeo.com\/es\/wp-json\/wp\/v2\/comments?post=3966"}],"version-history":[{"count":0,"href":"https:\/\/www.adeo.com\/es\/wp-json\/wp\/v2\/pages\/3966\/revisions"}],"wp:attachment":[{"href":"https:\/\/www.adeo.com\/es\/wp-json\/wp\/v2\/media?parent=3966"}],"curies":[{"name":"wp","href":"https:\/\/api.w.org\/{rel}","templated":true}]}}