{"id":3963,"date":"2022-08-19T14:23:36","date_gmt":"2022-08-19T12:23:36","guid":{"rendered":"https:\/\/www.adeo.com\/adeo-en-el-mundo\/"},"modified":"2026-01-05T17:28:43","modified_gmt":"2026-01-05T16:28:43","slug":"adeo-en-el-mundo","status":"publish","type":"page","link":"https:\/\/www.adeo.com\/es\/adeo-en-el-mundo\/","title":{"rendered":"ADEO en el mundo"},"content":{"rendered":"<div class=\"wpb-content-wrapper\"><p>[vc_row][vc_column]<div class=\"adeo-section fullwidth bg-darkblue\">\r\n\t<div class=\"ksc-top-2col\">\t\t\r\n\t\t<div class=\"col-img\" style=\"background-image:url('https:\/\/www.adeo.com\/wp-content\/uploads\/2025\/04\/ADEO-dans-le-monde-international.jpg');\"><\/div>\r\n\t\t<div class=\"col-txt\">\r\n            <h1 class=\"keb-titre-h1\">ADEO en<br \/>\nel mundo<\/h1>\r\n            <p class=\"keb-titre-h4\">Para nuestros 360 millones de clientes, brindamos soluciones pensadas con y para los habitantes de 11 pa\u00edses.<br \/>\nSoluciones m\u00e1s respetuosas, econ\u00f3micas y positivas. Nuestra responsabilidad como empresa mundial supera nuestra vocaci\u00f3n de simple distribuidor.<br \/>\nTenemos una funci\u00f3n que cumplir para alumbrar este futuro.<\/p>\r\n        <\/div>\r\n\t<\/div>\r\n<\/div>\r\n\t<div class=\"adeo-section lame padded bg-none\">\r\n\t\t<!-- <div class=\"wrap-resp\"><a href=\"https:\/\/www.adeo.com\/es\/\" class=\"bc-item bc-item_first\" title=\"Inicio\"><\/a><\/div> -->\r\n\t\t\r\n\t\t<div class=\"wrap-bc-and-share wrap-resp\">\r\n\t\t\t<div class=\"site-breadcrumb\">\r\n\t\t\t\t<a href=\"https:\/\/www.adeo.com\/es\/\" class=\"bc-item bc-item_first\" title=\"Inicio\"><\/a>\t\t\t<\/div>\r\n\t\t\t\t\t\t<div class=\"share\">\r\n\t\t\t\t\t<div class=\"KVC_composant multi-share \" id=\"KVC_ku_1\">\r\n\t\t<div class=\"text_before\">\r\n\t\t\tCompartir&nbsp;:\r\n\t\t<\/div>\r\n\t\t<div class=\"wrap-share\">\r\n\t\t\t\t\t\t<a href=\"https:\/\/www.linkedin.com\/shareArticle?mini=true&amp;url=https%3A%2F%2Fwww.adeo.com%2Fes%2Fadeo-en-el-mundo%2F&amp;title=&amp;summary=ADEO+en+el+mundo%3A+hacemos+accesibles+y+sostenibles+soluciones+positivas+para+nuestros+habitantes+y+los+profesionales+del+hogar\" class=\"share in\" target=\"_blank\" title=\"LinkedIn\">LinkedIn<\/a>\r\n\t\t\t\r\n\t\t\t\t\t\t<a href=\"https:\/\/www.facebook.com\/sharer.php?u=https%3A%2F%2Fwww.adeo.com%2Fes%2Fadeo-en-el-mundo%2F\" class=\"share fb\" target=\"_blank\" title=\"Facebook\">Facebook<\/a>\r\n\t\t\t\r\n\t\t\t\t\t\t<a href=\"https:\/\/twitter.com\/intent\/tweet?text=ADEO+en+el+mundo%3A+hacemos+accesibles+y+sostenibles+soluciones+positivas+para+nuestros+habitantes+y+los+profesionales+del+hogar https%3A%2F%2Fwww.adeo.com%2Fes%2Fadeo-en-el-mundo%2F\" class=\"share tw\" target=\"_blank\" title=\"Twitter \/ X\">Twitter&nbsp;\/&nbsp;X<\/a>\r\n\t\t\t\r\n\t\t\t\t\t\t<a href=\"mailto:?subject=ADEO.COM%20-%20ADEO%20en%20el%20mundo&body=ADEO%20EN%20EL%20MUNDO%0A%0AADEO%20en%20el%20mundo%3A%20hacemos%20accesibles%20y%20sostenibles%20soluciones%20positivas%20para%20nuestros%20habitantes%20y%20los%20profesionales%20del%20hogar%0A%0Ahttps%3A%2F%2Fwww.adeo.com%2Fes%2Fadeo-en-el-mundo%2F\" class=\"share ml\" title=\"Email\">email<\/a>\r\n\t\t\t\t\t\t\r\n\t\t<\/div>\r\n\t<\/div>\r\n\t\t\t\t<\/div>\r\n\t\t\t\t\t<\/div>\r\n\t<\/div>\r\n\r\n<div class=\"adeo-section fullwidth bg-none padded\">\r\n\t<div class=\"ksc-lame-implantations\">\r\n\t\t<div class=\"ksc-implantations-wrap wrap-resp\">\r\n\t\t\t<div class=\"country-menu\"><div class=\"country-menu-item\" onclick=\"GBRSEL.selcountry(this);\" data-country=\"afrique_sud\">Sud\u00e1frica<\/div><div class=\"country-menu-item\" onclick=\"GBRSEL.selcountry(this);\" data-country=\"bresil\">Brasil<\/div><div class=\"country-menu-item\" onclick=\"GBRSEL.selcountry(this);\" data-country=\"chine\">China<\/div><div class=\"country-menu-item\" onclick=\"GBRSEL.selcountry(this);\" data-country=\"chypre\">Chipre<\/div><div class=\"country-menu-item\" onclick=\"GBRSEL.selcountry(this);\" data-country=\"espagne\">Espa\u00f1a<\/div><div class=\"country-menu-item\" onclick=\"GBRSEL.selcountry(this);\" data-country=\"france\">Francia<\/div><div class=\"country-menu-item\" onclick=\"GBRSEL.selcountry(this);\" data-country=\"grece\">Grecia<\/div><div class=\"country-menu-item\" onclick=\"GBRSEL.selcountry(this);\" data-country=\"italie\">Italia<\/div><div class=\"country-menu-item\" onclick=\"GBRSEL.selcountry(this);\" data-country=\"portugal\">Portugal<\/div><div class=\"country-menu-item\" onclick=\"GBRSEL.selcountry(this);\" data-country=\"pologne\">Polonia<\/div><div class=\"country-menu-item\" onclick=\"GBRSEL.selcountry(this);\" data-country=\"roumanie\">Ruman\u00eda<\/div><div class=\"country-menu-item\" onclick=\"GBRSEL.selcountry(this);\" data-country=\"ukraine\">Ucrania<\/div><div class=\"country-menu-item\" onclick=\"GBRSEL.selcountry(this);\" data-country=\"vietnam\">Vietnam<\/div><\/div>\r\n\t\t\t<div class=\"implantations-grid\"><\/div>\r\n\t\t<\/div>\r\n\t<\/div>\r\n<\/div>\r\n\t<div class=\"adeo-section fullwidth\">\r\n\t<div class=\"ksc-lame-pushpage\" style=\"background-image:url('https:\/\/www.adeo.com\/wp-content\/uploads\/2022\/09\/bloc_push_decouvrez_nos_marques.jpg');\">\t\t\r\n\t\t<div class=\"wrap-pushpage wrap-resp texte-blanc\">\r\n            <h2 class=\"title_push\"><span class=\"txt_surligne\">Descubra nuestras marcas<\/span><\/h2>\r\n\t\t\t<p class=\"desc_push\">Al asociar nuestra red mundial de m\u00e1s de mil tiendas a un sitio web de comercio electr\u00f3nico, ofrecemos a todos los habitantes la posibilidad de realizar sus proyectos del hogar cuando quieran, donde quieran y como quieran.<\/p>\r\n\t\t\t<a class=\"adeo-bt bt_push\"  href=\"https:\/\/www.adeo.com\/es\/#marcas\"   title=\"We make home a positive place to live\"  >Llegar m\u00e1s lejos<\/a>\r\n\t\t<\/div>\r\n\t<\/div>\r\n<\/div>\r\n[\/vc_column][\/vc_row]<\/p>\n<\/div>","protected":false},"excerpt":{"rendered":"<p>[vc_row][vc_column][\/vc_column][\/vc_row]<\/p>\n","protected":false},"author":3,"featured_media":17566,"parent":0,"menu_order":0,"comment_status":"closed","ping_status":"closed","template":"template-page-interne.php","meta":{"_acf_changed":false,"inline_featured_image":false,"footnotes":""},"class_list":["post-3963","page","type-page","status-publish","has-post-thumbnail","hentry"],"acf":[],"_links":{"self":[{"href":"https:\/\/www.adeo.com\/es\/wp-json\/wp\/v2\/pages\/3963","targetHints":{"allow":["GET"]}}],"collection":[{"href":"https:\/\/www.adeo.com\/es\/wp-json\/wp\/v2\/pages"}],"about":[{"href":"https:\/\/www.adeo.com\/es\/wp-json\/wp\/v2\/types\/page"}],"author":[{"embeddable":true,"href":"https:\/\/www.adeo.com\/es\/wp-json\/wp\/v2\/users\/3"}],"replies":[{"embeddable":true,"href":"https:\/\/www.adeo.com\/es\/wp-json\/wp\/v2\/comments?post=3963"}],"version-history":[{"count":6,"href":"https:\/\/www.adeo.com\/es\/wp-json\/wp\/v2\/pages\/3963\/revisions"}],"predecessor-version":[{"id":18713,"href":"https:\/\/www.adeo.com\/es\/wp-json\/wp\/v2\/pages\/3963\/revisions\/18713"}],"wp:featuredmedia":[{"embeddable":true,"href":"https:\/\/www.adeo.com\/es\/wp-json\/wp\/v2\/media\/17566"}],"wp:attachment":[{"href":"https:\/\/www.adeo.com\/es\/wp-json\/wp\/v2\/media?parent=3963"}],"curies":[{"name":"wp","href":"https:\/\/api.w.org\/{rel}","templated":true}]}}