{"id":13855,"date":"2023-06-29T07:32:39","date_gmt":"2023-06-29T05:32:39","guid":{"rendered":"https:\/\/www.adeo.com\/our-ethical-commitments\/"},"modified":"2024-08-27T17:44:41","modified_gmt":"2024-08-27T15:44:41","slug":"our-ethical-commitments","status":"publish","type":"page","link":"https:\/\/www.adeo.com\/es\/our-ethical-commitments\/","title":{"rendered":"Compromisos \u00e9ticos"},"content":{"rendered":"<div class=\"wpb-content-wrapper\"><p>[vc_row][vc_column]<div class=\"adeo-section fullwidth bg-darkblue\">\r\n\t<div class=\"ksc-top-2col\">\t\t\r\n\t\t<div class=\"col-img\" style=\"background-image:url('https:\/\/www.adeo.com\/wp-content\/uploads\/2023\/06\/cover_nos_engagements_ethiques.jpg');\"><\/div>\r\n\t\t<div class=\"col-txt\">\r\n            <h1 class=\"keb-titre-h1\">Nuestros compromisos \u00e9ticos<\/h1>\r\n            <p class=\"keb-titre-h4\">He aqu\u00ed los principios \u00e9ticos orientados a mejorar las relaciones y conductas entre los colaboradores de las empresas ADEO y con nuestro ecosistema.<\/p>\r\n        <\/div>\r\n\t<\/div>\r\n<\/div>\r\n\t<div class=\"adeo-section lame padded bg-none\">\r\n\t\t<!-- <div class=\"wrap-resp\"><a href=\"https:\/\/www.adeo.com\/es\/\" class=\"bc-item bc-item_first\" title=\"Inicio\"><\/a><\/div> -->\r\n\t\t\r\n\t\t<div class=\"wrap-bc-and-share wrap-resp\">\r\n\t\t\t<div class=\"site-breadcrumb\">\r\n\t\t\t\t<a href=\"https:\/\/www.adeo.com\/es\/\" class=\"bc-item bc-item_first\" title=\"Inicio\"><\/a>\t\t\t<\/div>\r\n\t\t\t\t\t\t<div class=\"share\">\r\n\t\t\t\t\t<div class=\"KVC_composant multi-share \" id=\"KVC_ku_1\">\r\n\t\t<div class=\"text_before\">\r\n\t\t\tCompartir&nbsp;:\r\n\t\t<\/div>\r\n\t\t<div class=\"wrap-share\">\r\n\t\t\t\t\t\t<a href=\"https:\/\/www.linkedin.com\/shareArticle?mini=true&amp;url=https%3A%2F%2Fwww.adeo.com%2Fes%2Four-ethical-commitments%2F&amp;title=&amp;summary=\" class=\"share in\" target=\"_blank\" title=\"LinkedIn\">LinkedIn<\/a>\r\n\t\t\t\r\n\t\t\t\t\t\t<a href=\"https:\/\/www.facebook.com\/sharer.php?u=https%3A%2F%2Fwww.adeo.com%2Fes%2Four-ethical-commitments%2F\" class=\"share fb\" target=\"_blank\" title=\"Facebook\">Facebook<\/a>\r\n\t\t\t\r\n\t\t\t\t\t\t<a href=\"https:\/\/twitter.com\/intent\/tweet?text= https%3A%2F%2Fwww.adeo.com%2Fes%2Four-ethical-commitments%2F\" class=\"share tw\" target=\"_blank\" title=\"Twitter \/ X\">Twitter&nbsp;\/&nbsp;X<\/a>\r\n\t\t\t\r\n\t\t\t\t\t\t<a href=\"mailto:?subject=ADEO.COM%20-%20Compromisos%20%C3%A9ticos&body=COMPROMISOS%20%C3%89TICOS%0A%0A%0A%0Ahttps%3A%2F%2Fwww.adeo.com%2Fes%2Four-ethical-commitments%2F\" class=\"share ml\" title=\"Email\">email<\/a>\r\n\t\t\t\t\t\t\r\n\t\t<\/div>\r\n\t<\/div>\r\n\t\t\t\t<\/div>\r\n\t\t\t\t\t<\/div>\r\n\t<\/div>\r\n\r\n[\/vc_column][\/vc_row][vc_row el_class=\u00bbwrap-resp\u00bb][vc_column][vc_column_text css=\u00bb.vc_custom_1688128009462{margin-bottom: 50px !important;}\u00bb]<\/p>\n<h2><span class=\"keb-headings keb-titre-h2\">El compromiso de todos con una iniciativa \u00e9tica<\/span><\/h2>\n<p>[\/vc_column_text][vc_column_text]Todas las empresas ADEO tienen unos valores s\u00f3lidos encarnados por cada uno de los colaboradores y llevados a la pr\u00e1ctica d\u00eda tras d\u00eda.<\/p>\n<p>&nbsp;<\/p>\n<p>Nuestros valores definen nuestra conducta tanto en el seno de las empresas como en el ecosistema de clientes, proveedores de bienes y servicios, administraciones, etc. Gracias a la existencia de unas reglas claras y a la actuaci\u00f3n de todos y cada uno de nosotros, podemos hacerlos vivir y afirmarlos.<\/p>\n<p>&nbsp;<\/p>\n<p>A fin de implicarse y comunicar sus compromisos, ADEO ha implantado los siguientes c\u00f3digos de conducta:[\/vc_column_text][\/vc_column][\/vc_row][vc_row css=\u00bb.vc_custom_1685967401295{margin-top: 40px !important;margin-bottom: 40px !important;}\u00bb el_class=\u00bbwrap-resp\u00bb][vc_column]\t<div class=\"ksc-lame-pushblock\">\r\n\t\t<div class=\"wrap-pushblock texte-blanc\">\r\n\t\t\t<h3 class=\"title_push keb-headings keb-titre-h4\"><span class=\"color-surligne bleu\">&nbsp;C\u00f3digo \u00e9tico de conducta&nbsp;<\/span><\/h3>\r\n\t\t\t<div class=\"desc_push\">Est\u00e1 destinado a los colaboradores de ADEO.<\/div>\r\n\t\t\t<div class=\"cta_push\"><a href=\"https:\/\/www.adeo.com\/wp-content\/uploads\/2024\/08\/EN_Adeo-S-Code-of-Conduct_2024.pdf\" title=\"Leer el c\u00f3digo\" class=\"adeo-bt bt_push\"  target=\"_blank\" rel=\"noopener noreferrer\" >Leer el c\u00f3digo<\/a><\/div>\r\n\t\t<\/div>\r\n\t\t\t\t<a href=\"https:\/\/www.adeo.com\/wp-content\/uploads\/2024\/08\/EN_Adeo-S-Code-of-Conduct_2024.pdf\" title=\"Leer el c\u00f3digo\" target=\"_blank\" rel=\"noopener noreferrer\" class=\"cta_download\">TELECH<\/a>\r\n\t\t\t<\/div>\r\n\t<div class=\"ksc-lame-pushblock\">\r\n\t\t<div class=\"wrap-pushblock texte-blanc\">\r\n\t\t\t<h3 class=\"title_push keb-headings keb-titre-h4\"><span class=\"color-surligne jaune\">&nbsp;C\u00f3digo de conducta de compras responsables&nbsp;<\/span><\/h3>\r\n\t\t\t<div class=\"desc_push\">Est\u00e1 destinado a las personas, f\u00edsicas o jur\u00eddicas, que suministran bienes directamente a las empresas ADEO en todo el mundo, as\u00ed como sus filiales, empresas asociadas, subcontratistas y proveedores. Tambi\u00e9n est\u00e1 destinado a todas las personas, f\u00edsicas o jur\u00eddicas, que suministran bienes a un cliente final a trav\u00e9s de un marketplace de una entidad ADEO.<\/div>\r\n\t\t\t<div class=\"cta_push\"><a href=\"https:\/\/www.adeo.com\/wp-content\/uploads\/2023\/07\/ENGLISH_ADEO-Responsible-Purchasing-Code-of-Conduct.pdf\" title=\"Leer el c\u00f3digo\" class=\"adeo-bt bt_push\"  target=\"_blank\" rel=\"noopener noreferrer\" >Leer el c\u00f3digo<\/a><\/div>\r\n\t\t<\/div>\r\n\t\t\t\t<a href=\"https:\/\/www.adeo.com\/wp-content\/uploads\/2023\/07\/ENGLISH_ADEO-Responsible-Purchasing-Code-of-Conduct.pdf\" title=\"Leer el c\u00f3digo\" target=\"_blank\" rel=\"noopener noreferrer\" class=\"cta_download\">TELECH<\/a>\r\n\t\t\t<\/div>\r\n[\/vc_column][\/vc_row][vc_row css=\u00bb.vc_custom_1689178309182{margin-top: 40px !important;margin-bottom: 40px !important;}\u00bb el_class=\u00bbwrap-resp\u00bb][vc_column]\t<div class=\"ksc-lame-pushblock\">\r\n\t\t<div class=\"wrap-pushblock texte-blanc\">\r\n\t\t\t<h3 class=\"title_push keb-headings keb-titre-h4\"><span class=\"color-surligne vert\">&nbsp;C\u00f3digo de conducta de compras indirectas&nbsp;<\/span><\/h3>\r\n\t\t\t<div class=\"desc_push\">Est\u00e1 destinado a las empresas que suministran directa o indirectamente a ADEO servicios (incluido cualquier agente o intermediario) o bienes que no est\u00e1n destinados a la venta a los clientes.<\/div>\r\n\t\t\t<div class=\"cta_push\"><a href=\"https:\/\/www.adeo.com\/wp-content\/uploads\/2023\/07\/Indirect-Purchasing-Code-of-Conduct-EN-final-version.pdf\" title=\"Leer el c\u00f3digo\" class=\"adeo-bt bt_push\"  target=\"_blank\" rel=\"noopener noreferrer\" >Leer el c\u00f3digo<\/a><\/div>\r\n\t\t<\/div>\r\n\t\t\t\t<a href=\"https:\/\/www.adeo.com\/wp-content\/uploads\/2023\/07\/Indirect-Purchasing-Code-of-Conduct-EN-final-version.pdf\" title=\"Leer el c\u00f3digo\" target=\"_blank\" rel=\"noopener noreferrer\" class=\"cta_download\">TELECH<\/a>\r\n\t\t\t<\/div>\r\n\t<div class=\"ksc-lame-pushblock\">\r\n\t\t<div class=\"wrap-pushblock texte-blanc\">\r\n\t\t\t<h3 class=\"title_push keb-headings keb-titre-h4\"><span class=\"color-surligne violet\">&nbsp;C\u00f3digo de conducta de donaciones y patrocinios&nbsp;<\/span><\/h3>\r\n\t\t\t<div class=\"desc_push\">Est\u00e1 destinado a las entidades receptoras de donaciones y patrocinios de ADEO.<\/div>\r\n\t\t\t<div class=\"cta_push\"><a href=\"https:\/\/www.adeo.com\/wp-content\/uploads\/2023\/10\/ADEO-Donations-and-Sponsorships-Code-of-Conduct-EN.pdf\" title=\"Leer el c\u00f3digo\" class=\"adeo-bt bt_push\"  target=\"_blank\" rel=\"noopener noreferrer\" >Leer el c\u00f3digo<\/a><\/div>\r\n\t\t<\/div>\r\n\t\t\t\t<a href=\"https:\/\/www.adeo.com\/wp-content\/uploads\/2023\/10\/ADEO-Donations-and-Sponsorships-Code-of-Conduct-EN.pdf\" title=\"Leer el c\u00f3digo\" target=\"_blank\" rel=\"noopener noreferrer\" class=\"cta_download\">TELECH<\/a>\r\n\t\t\t<\/div>\r\n[\/vc_column][\/vc_row][vc_row el_class=\u00bbwrap-resp\u00bb][vc_column][vc_column_text css=\u00bb.vc_custom_1688128165290{margin-bottom: 50px !important;}\u00bb]<\/p>\n<h2><span class=\"keb-headings keb-titre-h2\">Un canal de alertas abierto a todas y todos para gestionar las cuestiones \u00e9ticas<\/span><\/h2>\n<p>[\/vc_column_text][vc_column_text]Como complemento de los c\u00f3digos mencionados anteriormente y del compromiso de las empresas ADEO de llevar a cabo sus actividades con integridad, ADEO recomienda a sus colaboradores, socios, subcontratistas y clientes que, en caso de que observen o vivan una situaci\u00f3n o conducta contraria al c\u00f3digo o la legislaci\u00f3n, utilicen el canal de alertas seguro puesto en marcha por ADEO.<\/p>\n<p>&nbsp;<\/p>\n<p>Este canal es una herramienta al servicio de todas las personas que pretende ayudar a la empresa a prevenir estas conductas. Este garantiza la confidencialidad y la protecci\u00f3n del autor de la alerta, las personas involucradas y los hechos comunicados. Los autores de alertas pueden mantenerse en el anonimato si lo desean. Un comit\u00e9 \u00e9tico se encarga de la gesti\u00f3n de las alertas y la promoci\u00f3n de la cultura \u00e9tica dentro de las empresas ADEO.[\/vc_column_text][\/vc_column][\/vc_row][vc_row css=\u00bb.vc_custom_1685967401295{margin-top: 40px !important;margin-bottom: 40px !important;}\u00bb el_class=\u00bbwrap-resp\u00bb][vc_column]\t<div class=\"ksc-lame-pushblock\">\r\n\t\t<div class=\"wrap-pushblock texte-blanc\">\r\n\t\t\t<h3 class=\"title_push keb-headings keb-titre-h4\"><span class=\"color-surligne rouge\">&nbsp;Canal de alertas para colaboradores&nbsp;<\/span><\/h3>\r\n\t\t\t<div class=\"desc_push\">Cada una de las empresas ADEO dispone de un canal de alertas local al que todos los colaboradores pueden acceder en caso de producirse conductas contrarias al c\u00f3digo de conducta \u00e9tica.<\/div>\r\n\t\t\t<div class=\"cta_push\"><a href=\"https:\/\/adeo.whispli.com\/lp\/adeo-services\" title=\"\" class=\"adeo-bt bt_push\"  target=\"_blank\" rel=\"noopener noreferrer\" >Crear una alerta<\/a><\/div>\r\n\t\t<\/div>\r\n\t\t\t<\/div>\r\n\t<div class=\"ksc-lame-pushblock\">\r\n\t\t<div class=\"wrap-pushblock texte-blanc\">\r\n\t\t\t<h3 class=\"title_push keb-headings keb-titre-h4\"><span class=\"color-surligne rouge\">&nbsp;Canal de alertas para proveedores, socios y clientes&nbsp;<\/span><\/h3>\r\n\t\t\t<div class=\"desc_push\">ADEO tambi\u00e9n ha puesto en marcha un canal de alertas destinado a sus clientes, socios, proveedores y subcontratistas, as\u00ed como sus empleados, filiales, subcontratistas y proveedores respectivos.<\/div>\r\n\t\t\t<div class=\"cta_push\"><a href=\"https:\/\/adeo.whispli.com\/lp\/third-parties?locale=en\" title=\"\" class=\"adeo-bt bt_push\"  target=\"_blank\" rel=\"noopener noreferrer\" >Crear una alerta<\/a><\/div>\r\n\t\t<\/div>\r\n\t\t\t<\/div>\r\n[\/vc_column][\/vc_row]<\/p>\n<\/div>","protected":false},"excerpt":{"rendered":"<p>[vc_row][vc_column][\/vc_column][\/vc_row][vc_row el_class=\u00bbwrap-resp\u00bb][vc_column][vc_column_text css=\u00bb.vc_custom_1688128009462{margin-bottom: 50px !important;}\u00bb] El compromiso de todos con una iniciativa \u00e9tica [\/vc_column_text][vc_column_text]Todas las empresas ADEO tienen unos valores s\u00f3lidos encarnados por cada uno de los colaboradores y llevados a la pr\u00e1ctica d\u00eda tras d\u00eda. &nbsp; Nuestros valores definen nuestra conducta tanto en el seno de las empresas como en el ecosistema de clientes, [&hellip;]<\/p>\n","protected":false},"author":3,"featured_media":0,"parent":0,"menu_order":0,"comment_status":"closed","ping_status":"closed","template":"","meta":{"_acf_changed":false,"inline_featured_image":false,"footnotes":""},"class_list":["post-13855","page","type-page","status-publish","hentry"],"acf":[],"_links":{"self":[{"href":"https:\/\/www.adeo.com\/es\/wp-json\/wp\/v2\/pages\/13855","targetHints":{"allow":["GET"]}}],"collection":[{"href":"https:\/\/www.adeo.com\/es\/wp-json\/wp\/v2\/pages"}],"about":[{"href":"https:\/\/www.adeo.com\/es\/wp-json\/wp\/v2\/types\/page"}],"author":[{"embeddable":true,"href":"https:\/\/www.adeo.com\/es\/wp-json\/wp\/v2\/users\/3"}],"replies":[{"embeddable":true,"href":"https:\/\/www.adeo.com\/es\/wp-json\/wp\/v2\/comments?post=13855"}],"version-history":[{"count":1,"href":"https:\/\/www.adeo.com\/es\/wp-json\/wp\/v2\/pages\/13855\/revisions"}],"predecessor-version":[{"id":17064,"href":"https:\/\/www.adeo.com\/es\/wp-json\/wp\/v2\/pages\/13855\/revisions\/17064"}],"wp:attachment":[{"href":"https:\/\/www.adeo.com\/es\/wp-json\/wp\/v2\/media?parent=13855"}],"curies":[{"name":"wp","href":"https:\/\/api.w.org\/{rel}","templated":true}]}}